{"id":882,"date":"2022-04-01T09:55:37","date_gmt":"2022-04-01T09:55:37","guid":{"rendered":"https:\/\/www.loetsch.at\/wordpress_3\/?page_id=882"},"modified":"2024-02-05T17:51:29","modified_gmt":"2024-02-05T17:51:29","slug":"dies-und-das","status":"publish","type":"page","link":"https:\/\/www.loetsch.at\/wordpress_3\/dies-und-das\/","title":{"rendered":"Dies und Das"},"content":{"rendered":"\n<figure class=\"wp-block-image alignwide size-large\"><img loading=\"lazy\" decoding=\"async\" width=\"1024\" height=\"273\" src=\"https:\/\/www.loetsch.at\/wordpress_3\/wp-content\/uploads\/2022\/04\/Dies_und_Das-1024x273.jpg\" alt=\"\" class=\"wp-image-880\" srcset=\"https:\/\/www.loetsch.at\/wordpress_3\/wp-content\/uploads\/2022\/04\/Dies_und_Das-1024x273.jpg 1024w, https:\/\/www.loetsch.at\/wordpress_3\/wp-content\/uploads\/2022\/04\/Dies_und_Das-300x80.jpg 300w, https:\/\/www.loetsch.at\/wordpress_3\/wp-content\/uploads\/2022\/04\/Dies_und_Das-768x205.jpg 768w, https:\/\/www.loetsch.at\/wordpress_3\/wp-content\/uploads\/2022\/04\/Dies_und_Das.jpg 1050w\" sizes=\"auto, (max-width: 1024px) 100vw, 1024px\" \/><figcaption class=\"wp-element-caption\"><strong>Bildquelle: Kr\u00e4uterparadies.de<\/strong><\/figcaption><\/figure>\n\n\n\n<p class=\"has-large-font-size\"><strong>Auf dieser Seite finden Sie hin und wieder Interessantes. Sozusagen die &#8222;nice to have&#8220;s und nicht die &#8222;must to have&#8220;s.<\/strong><\/p>\n\n\n<ul class=\"wp-block-latest-posts__list has-link-color wp-elements-56542e146ec204aa9fe86ec7ec07841a wp-block-latest-posts has-text-color has-black-color\"><li><a class=\"wp-block-latest-posts__post-title\" href=\"https:\/\/www.loetsch.at\/wordpress_3\/aqua-nemix\/\">Aqua Nemix<\/a><div class=\"wp-block-latest-posts__post-excerpt\">Aqua Nemix &#8211; Dosierger\u00e4t f\u00fcr den Gartenschlauch f\u00fcr Nematoden (und D\u00fcnger) Beschreibung:Der praktische AquaNemix ersetzt das Schleppen schwerer Gie\u00dfkannen!\u2026\u00a0<a class=\"wp-block-latest-posts__read-more\" href=\"https:\/\/www.loetsch.at\/wordpress_3\/aqua-nemix\/\" rel=\"noopener noreferrer\"><span class=\"screen-reader-text\">Aqua Nemix <\/span>weiterlesen<\/a><\/div><\/li>\n<li><a class=\"wp-block-latest-posts__post-title\" href=\"https:\/\/www.loetsch.at\/wordpress_3\/nebelautomat\/\">Nebelautomat<\/a><div class=\"wp-block-latest-posts__post-excerpt\">Nebel zur Bek\u00e4mpfung von Insekten- und Ungezieferarten in geschlossenen R\u00e4umen. Bek\u00e4mpft zuverl\u00e4ssig alle Arten von Schaben, K\u00e4fern, Asseln, Wespen,\u2026\u00a0<a class=\"wp-block-latest-posts__read-more\" href=\"https:\/\/www.loetsch.at\/wordpress_3\/nebelautomat\/\" rel=\"noopener noreferrer\"><span class=\"screen-reader-text\">Nebelautomat <\/span>weiterlesen<\/a><\/div><\/li>\n<li><a class=\"wp-block-latest-posts__post-title\" href=\"https:\/\/www.loetsch.at\/wordpress_3\/neowett-netzmittel\/\">NeoWett Netzmittel<\/a><div class=\"wp-block-latest-posts__post-excerpt\">Zusatzmittel zur Verbesserung der Benetzungsf\u00e4higkeit von Bl\u00e4ttern und Erh\u00f6hung der Regenbest\u00e4ndigkeit von Spritzbr\u00fchen. NeoWett eignet sich besonders als Zusatzmittel\u2026\u00a0<a class=\"wp-block-latest-posts__read-more\" href=\"https:\/\/www.loetsch.at\/wordpress_3\/neowett-netzmittel\/\" rel=\"noopener noreferrer\"><span class=\"screen-reader-text\">NeoWett Netzmittel <\/span>weiterlesen<\/a><\/div><\/li>\n<li><a class=\"wp-block-latest-posts__post-title\" href=\"https:\/\/www.loetsch.at\/wordpress_3\/hunde-und-katzenschreck\/\">Hunde-und Katzenschreck<\/a><div class=\"wp-block-latest-posts__post-excerpt\">\u00dcBERDECKT DUFTMARKEN UND VERHINDERT ERNEUTES MARKIEREN Anwendungsfertiges Pumpspray zum Fernhalten und Vertreiben von Hunden und Katzen. ANWENDUNG &amp; DOSIERUNG\u2026\u00a0<a class=\"wp-block-latest-posts__read-more\" href=\"https:\/\/www.loetsch.at\/wordpress_3\/hunde-und-katzenschreck\/\" rel=\"noopener noreferrer\"><span class=\"screen-reader-text\">Hunde-und Katzenschreck <\/span>weiterlesen<\/a><\/div><\/li>\n<li><a class=\"wp-block-latest-posts__post-title\" href=\"https:\/\/www.loetsch.at\/wordpress_3\/auftausalz\/\">Auftausalz<\/a><div class=\"wp-block-latest-posts__post-excerpt\">Auftausalz 25 kg 13,00 Auftausalz 1,kg 1,90<\/div><\/li>\n<li><a class=\"wp-block-latest-posts__post-title\" href=\"https:\/\/www.loetsch.at\/wordpress_3\/solabiol-baumanstrich\/\">Solabiol Baumanstrich<\/a><div class=\"wp-block-latest-posts__post-excerpt\">Baumanstrich zum Wei\u00dfen und Pflegen Biologischer Wei\u00dfanstrich zum Wei\u00dfen und Pflegen von Obstb\u00e4umen und Beerenstr\u00e4uchern. Anwendungsfertig: Preis: f\u00fcr bis\u2026\u00a0<a class=\"wp-block-latest-posts__read-more\" href=\"https:\/\/www.loetsch.at\/wordpress_3\/solabiol-baumanstrich\/\" rel=\"noopener noreferrer\"><span class=\"screen-reader-text\">Solabiol Baumanstrich <\/span>weiterlesen<\/a><\/div><\/li>\n<li><a class=\"wp-block-latest-posts__post-title\" href=\"https:\/\/www.loetsch.at\/wordpress_3\/trico-garden-wildverbiss\/\">Trico-garden Wildverbiss<\/a><div class=\"wp-block-latest-posts__post-excerpt\">WILDVERBISSMITTEL &#8211; H\u00c4LT REHWILD FERN Trico garden verhindert Wildverbiss durch Rot- und Rehwild an Laub- und Nadelgeh\u00f6lzen, sowie an\u2026\u00a0<a class=\"wp-block-latest-posts__read-more\" href=\"https:\/\/www.loetsch.at\/wordpress_3\/trico-garden-wildverbiss\/\" rel=\"noopener noreferrer\"><span class=\"screen-reader-text\">Trico-garden Wildverbiss <\/span>weiterlesen<\/a><\/div><\/li>\n<li><a class=\"wp-block-latest-posts__post-title\" href=\"https:\/\/www.loetsch.at\/wordpress_3\/spruehgeraet-superstar\/\">Spr\u00fchger\u00e4t Superstar<\/a><div class=\"wp-block-latest-posts__post-excerpt\">\u2022 Spr\u00fchen in jeder Position (360\u00b0 Funktion)\u2022 Dreh- und regulierbare Messingd\u00fcse\u2022 Transparenter Kunststoffbeh\u00e4lter mit 1,25 l F\u00fcllinhalt (Beh\u00e4lterinhalt 1,5\u2026\u00a0<a class=\"wp-block-latest-posts__read-more\" href=\"https:\/\/www.loetsch.at\/wordpress_3\/spruehgeraet-superstar\/\" rel=\"noopener noreferrer\"><span class=\"screen-reader-text\">Spr\u00fchger\u00e4t Superstar <\/span>weiterlesen<\/a><\/div><\/li>\n<li><a class=\"wp-block-latest-posts__post-title\" href=\"https:\/\/www.loetsch.at\/wordpress_3\/solutionsprueher\/\">Solutionspr\u00fcher<\/a><div class=\"wp-block-latest-posts__post-excerpt\">HANDSPR\u00dcHGER\u00c4T F\u00dcR HAUS UND BALKON. Spr\u00fchen in jeder Position Transparenter Kunststoffbeh\u00e4lter 0,5 Liter Regulierbare Kunststoffd\u00fcse Das attraktive 360\u00b0 Handspr\u00fchger\u00e4t\u2026\u00a0<a class=\"wp-block-latest-posts__read-more\" href=\"https:\/\/www.loetsch.at\/wordpress_3\/solutionsprueher\/\" rel=\"noopener noreferrer\"><span class=\"screen-reader-text\">Solutionspr\u00fcher <\/span>weiterlesen<\/a><\/div><\/li>\n<li><a class=\"wp-block-latest-posts__post-title\" href=\"https:\/\/www.loetsch.at\/wordpress_3\/baumteerspray-kwizda\/\">Baumteerspray Kwizda<\/a><div class=\"wp-block-latest-posts__post-excerpt\">Eine praktische Methode zum Baum-Wundverschluss Wundverschluss auf Spraybasis zur Versiegelung von Schnittwunden an Obst-und Zierb\u00e4umen. Wirkungsdauer ca. 8 Wochen.\u2026\u00a0<a class=\"wp-block-latest-posts__read-more\" href=\"https:\/\/www.loetsch.at\/wordpress_3\/baumteerspray-kwizda\/\" rel=\"noopener noreferrer\"><span class=\"screen-reader-text\">Baumteerspray Kwizda <\/span>weiterlesen<\/a><\/div><\/li>\n<\/ul>","protected":false},"excerpt":{"rendered":"<p>Auf dieser Seite finden Sie hin und wieder Interessantes. Sozusagen die &#8222;nice to have&#8220;s und nicht die &#8222;must to have&#8220;s.<\/p>\n","protected":false},"author":1,"featured_media":0,"parent":0,"menu_order":0,"comment_status":"closed","ping_status":"closed","template":"wp-custom-template-teeneuestes","meta":{"footnotes":""},"class_list":["post-882","page","type-page","status-publish","hentry"],"yoast_head":"<!-- This site is optimized with the Yoast SEO plugin v27.4 - https:\/\/yoast.com\/product\/yoast-seo-wordpress\/ -->\n<title>Dies und Das - Drogerie Max L\u00f6tsch 4840 V\u00f6cklabruck<\/title>\n<meta name=\"robots\" content=\"index, follow, max-snippet:-1, max-image-preview:large, max-video-preview:-1\" \/>\n<link rel=\"canonical\" href=\"https:\/\/www.loetsch.at\/wordpress_3\/dies-und-das\/\" \/>\n<meta property=\"og:locale\" content=\"de_DE\" \/>\n<meta property=\"og:type\" content=\"article\" \/>\n<meta property=\"og:title\" content=\"Dies und Das - Drogerie Max L\u00f6tsch 4840 V\u00f6cklabruck\" \/>\n<meta property=\"og:description\" content=\"Auf dieser Seite finden Sie hin und wieder Interessantes. Sozusagen die &#8222;nice to have&#8220;s und nicht die &#8222;must to have&#8220;s.\" \/>\n<meta property=\"og:url\" content=\"https:\/\/www.loetsch.at\/wordpress_3\/dies-und-das\/\" \/>\n<meta property=\"og:site_name\" content=\"Drogerie Max L\u00f6tsch 4840 V\u00f6cklabruck\" \/>\n<meta property=\"article:modified_time\" content=\"2024-02-05T17:51:29+00:00\" \/>\n<meta property=\"og:image\" content=\"https:\/\/www.loetsch.at\/wordpress_3\/wp-content\/uploads\/2022\/04\/Dies_und_Das-1024x273.jpg\" \/>\n<meta name=\"twitter:card\" content=\"summary_large_image\" \/>\n<meta name=\"twitter:label1\" content=\"Gesch\u00e4tzte Lesezeit\" \/>\n\t<meta name=\"twitter:data1\" content=\"1\u00a0Minute\" \/>\n<script type=\"application\/ld+json\" class=\"yoast-schema-graph\">{\"@context\":\"https:\\\/\\\/schema.org\",\"@graph\":[{\"@type\":\"WebPage\",\"@id\":\"https:\\\/\\\/www.loetsch.at\\\/wordpress_3\\\/dies-und-das\\\/\",\"url\":\"https:\\\/\\\/www.loetsch.at\\\/wordpress_3\\\/dies-und-das\\\/\",\"name\":\"Dies und Das - Drogerie Max L\u00f6tsch 4840 V\u00f6cklabruck\",\"isPartOf\":{\"@id\":\"https:\\\/\\\/www.loetsch.at\\\/wordpress_3\\\/#website\"},\"primaryImageOfPage\":{\"@id\":\"https:\\\/\\\/www.loetsch.at\\\/wordpress_3\\\/dies-und-das\\\/#primaryimage\"},\"image\":{\"@id\":\"https:\\\/\\\/www.loetsch.at\\\/wordpress_3\\\/dies-und-das\\\/#primaryimage\"},\"thumbnailUrl\":\"https:\\\/\\\/www.loetsch.at\\\/wordpress_3\\\/wp-content\\\/uploads\\\/2022\\\/04\\\/Dies_und_Das-1024x273.jpg\",\"datePublished\":\"2022-04-01T09:55:37+00:00\",\"dateModified\":\"2024-02-05T17:51:29+00:00\",\"breadcrumb\":{\"@id\":\"https:\\\/\\\/www.loetsch.at\\\/wordpress_3\\\/dies-und-das\\\/#breadcrumb\"},\"inLanguage\":\"de\",\"potentialAction\":[{\"@type\":\"ReadAction\",\"target\":[\"https:\\\/\\\/www.loetsch.at\\\/wordpress_3\\\/dies-und-das\\\/\"]}]},{\"@type\":\"ImageObject\",\"inLanguage\":\"de\",\"@id\":\"https:\\\/\\\/www.loetsch.at\\\/wordpress_3\\\/dies-und-das\\\/#primaryimage\",\"url\":\"https:\\\/\\\/www.loetsch.at\\\/wordpress_3\\\/wp-content\\\/uploads\\\/2022\\\/04\\\/Dies_und_Das.jpg\",\"contentUrl\":\"https:\\\/\\\/www.loetsch.at\\\/wordpress_3\\\/wp-content\\\/uploads\\\/2022\\\/04\\\/Dies_und_Das.jpg\",\"width\":1050,\"height\":280},{\"@type\":\"BreadcrumbList\",\"@id\":\"https:\\\/\\\/www.loetsch.at\\\/wordpress_3\\\/dies-und-das\\\/#breadcrumb\",\"itemListElement\":[{\"@type\":\"ListItem\",\"position\":1,\"name\":\"Startseite\",\"item\":\"https:\\\/\\\/www.loetsch.at\\\/wordpress_3\\\/\"},{\"@type\":\"ListItem\",\"position\":2,\"name\":\"Dies und Das\"}]},{\"@type\":\"WebSite\",\"@id\":\"https:\\\/\\\/www.loetsch.at\\\/wordpress_3\\\/#website\",\"url\":\"https:\\\/\\\/www.loetsch.at\\\/wordpress_3\\\/\",\"name\":\"Drogerie Max L\u00f6tsch 4840 V\u00f6cklabruck\",\"description\":\"\",\"potentialAction\":[{\"@type\":\"SearchAction\",\"target\":{\"@type\":\"EntryPoint\",\"urlTemplate\":\"https:\\\/\\\/www.loetsch.at\\\/wordpress_3\\\/?s={search_term_string}\"},\"query-input\":{\"@type\":\"PropertyValueSpecification\",\"valueRequired\":true,\"valueName\":\"search_term_string\"}}],\"inLanguage\":\"de\"}]}<\/script>\n<!-- \/ Yoast SEO plugin. -->","yoast_head_json":{"title":"Dies und Das - Drogerie Max L\u00f6tsch 4840 V\u00f6cklabruck","robots":{"index":"index","follow":"follow","max-snippet":"max-snippet:-1","max-image-preview":"max-image-preview:large","max-video-preview":"max-video-preview:-1"},"canonical":"https:\/\/www.loetsch.at\/wordpress_3\/dies-und-das\/","og_locale":"de_DE","og_type":"article","og_title":"Dies und Das - Drogerie Max L\u00f6tsch 4840 V\u00f6cklabruck","og_description":"Auf dieser Seite finden Sie hin und wieder Interessantes. Sozusagen die &#8222;nice to have&#8220;s und nicht die &#8222;must to have&#8220;s.","og_url":"https:\/\/www.loetsch.at\/wordpress_3\/dies-und-das\/","og_site_name":"Drogerie Max L\u00f6tsch 4840 V\u00f6cklabruck","article_modified_time":"2024-02-05T17:51:29+00:00","og_image":[{"url":"https:\/\/www.loetsch.at\/wordpress_3\/wp-content\/uploads\/2022\/04\/Dies_und_Das-1024x273.jpg","type":"","width":"","height":""}],"twitter_card":"summary_large_image","twitter_misc":{"Gesch\u00e4tzte Lesezeit":"1\u00a0Minute"},"schema":{"@context":"https:\/\/schema.org","@graph":[{"@type":"WebPage","@id":"https:\/\/www.loetsch.at\/wordpress_3\/dies-und-das\/","url":"https:\/\/www.loetsch.at\/wordpress_3\/dies-und-das\/","name":"Dies und Das - Drogerie Max L\u00f6tsch 4840 V\u00f6cklabruck","isPartOf":{"@id":"https:\/\/www.loetsch.at\/wordpress_3\/#website"},"primaryImageOfPage":{"@id":"https:\/\/www.loetsch.at\/wordpress_3\/dies-und-das\/#primaryimage"},"image":{"@id":"https:\/\/www.loetsch.at\/wordpress_3\/dies-und-das\/#primaryimage"},"thumbnailUrl":"https:\/\/www.loetsch.at\/wordpress_3\/wp-content\/uploads\/2022\/04\/Dies_und_Das-1024x273.jpg","datePublished":"2022-04-01T09:55:37+00:00","dateModified":"2024-02-05T17:51:29+00:00","breadcrumb":{"@id":"https:\/\/www.loetsch.at\/wordpress_3\/dies-und-das\/#breadcrumb"},"inLanguage":"de","potentialAction":[{"@type":"ReadAction","target":["https:\/\/www.loetsch.at\/wordpress_3\/dies-und-das\/"]}]},{"@type":"ImageObject","inLanguage":"de","@id":"https:\/\/www.loetsch.at\/wordpress_3\/dies-und-das\/#primaryimage","url":"https:\/\/www.loetsch.at\/wordpress_3\/wp-content\/uploads\/2022\/04\/Dies_und_Das.jpg","contentUrl":"https:\/\/www.loetsch.at\/wordpress_3\/wp-content\/uploads\/2022\/04\/Dies_und_Das.jpg","width":1050,"height":280},{"@type":"BreadcrumbList","@id":"https:\/\/www.loetsch.at\/wordpress_3\/dies-und-das\/#breadcrumb","itemListElement":[{"@type":"ListItem","position":1,"name":"Startseite","item":"https:\/\/www.loetsch.at\/wordpress_3\/"},{"@type":"ListItem","position":2,"name":"Dies und Das"}]},{"@type":"WebSite","@id":"https:\/\/www.loetsch.at\/wordpress_3\/#website","url":"https:\/\/www.loetsch.at\/wordpress_3\/","name":"Drogerie Max L\u00f6tsch 4840 V\u00f6cklabruck","description":"","potentialAction":[{"@type":"SearchAction","target":{"@type":"EntryPoint","urlTemplate":"https:\/\/www.loetsch.at\/wordpress_3\/?s={search_term_string}"},"query-input":{"@type":"PropertyValueSpecification","valueRequired":true,"valueName":"search_term_string"}}],"inLanguage":"de"}]}},"_links":{"self":[{"href":"https:\/\/www.loetsch.at\/wordpress_3\/wp-json\/wp\/v2\/pages\/882","targetHints":{"allow":["GET"]}}],"collection":[{"href":"https:\/\/www.loetsch.at\/wordpress_3\/wp-json\/wp\/v2\/pages"}],"about":[{"href":"https:\/\/www.loetsch.at\/wordpress_3\/wp-json\/wp\/v2\/types\/page"}],"author":[{"embeddable":true,"href":"https:\/\/www.loetsch.at\/wordpress_3\/wp-json\/wp\/v2\/users\/1"}],"replies":[{"embeddable":true,"href":"https:\/\/www.loetsch.at\/wordpress_3\/wp-json\/wp\/v2\/comments?post=882"}],"version-history":[{"count":7,"href":"https:\/\/www.loetsch.at\/wordpress_3\/wp-json\/wp\/v2\/pages\/882\/revisions"}],"predecessor-version":[{"id":2795,"href":"https:\/\/www.loetsch.at\/wordpress_3\/wp-json\/wp\/v2\/pages\/882\/revisions\/2795"}],"wp:attachment":[{"href":"https:\/\/www.loetsch.at\/wordpress_3\/wp-json\/wp\/v2\/media?parent=882"}],"curies":[{"name":"wp","href":"https:\/\/api.w.org\/{rel}","templated":true}]}}