{"id":849,"date":"2022-03-30T12:33:07","date_gmt":"2022-03-30T12:33:07","guid":{"rendered":"https:\/\/www.loetsch.at\/wordpress_3\/?page_id=849"},"modified":"2025-12-17T07:56:25","modified_gmt":"2025-12-17T07:56:25","slug":"unkrautbekaempfung","status":"publish","type":"page","link":"https:\/\/www.loetsch.at\/wordpress_3\/unkrautbekaempfung\/","title":{"rendered":"Unkrautbek\u00e4mpfung"},"content":{"rendered":"\n<h2 class=\"wp-block-heading alignwide has-large-font-size\"><strong>Unkrautbek\u00e4mpfungsmittel (Herbizide) sind Substanzen, die st\u00f6rende Pflanzen abt\u00f6ten sollen. Man unterscheidet dabei zwischen selektiven&nbsp;Herbiziden, die gegen bestimmte Pflanzen wirken und Total-Herbiziden, die gegen alle Pflanzen wirken.<\/strong><\/h2>\n\n\n\n<figure class=\"wp-block-image alignfull size-full\"><img loading=\"lazy\" decoding=\"async\" width=\"800\" height=\"450\" src=\"https:\/\/www.loetsch.at\/wordpress_3\/wp-content\/uploads\/2022\/03\/26967-0-800-450.jpg\" alt=\"\" class=\"wp-image-850\" srcset=\"https:\/\/www.loetsch.at\/wordpress_3\/wp-content\/uploads\/2022\/03\/26967-0-800-450.jpg 800w, https:\/\/www.loetsch.at\/wordpress_3\/wp-content\/uploads\/2022\/03\/26967-0-800-450-300x169.jpg 300w, https:\/\/www.loetsch.at\/wordpress_3\/wp-content\/uploads\/2022\/03\/26967-0-800-450-768x432.jpg 768w\" sizes=\"auto, (max-width: 800px) 100vw, 800px\" \/><figcaption class=\"wp-element-caption\"><strong>Bildquelle: Paradisi.de<\/strong><\/figcaption><\/figure>\n\n\n\n<h2 class=\"wp-block-heading\"><\/h2>\n\n\n<ul class=\"wp-block-latest-posts__list has-link-color wp-elements-fabf5ed6c41e90d8fce2afc0506584a1 wp-block-latest-posts has-text-color has-black-color\"><li><a class=\"wp-block-latest-posts__post-title\" href=\"https:\/\/www.loetsch.at\/wordpress_3\/finalsan-af-unkrautlos\/\">Finalsan AF Unkrautlos<\/a><div class=\"wp-block-latest-posts__post-excerpt\">gegen Unkr\u00e4uter, Algen &amp; Moose AnwendungUnverd\u00fcnnt als Einzelpflanzen- bzw. Teilfl\u00e4chenbehandlung spritzen. Unkr\u00e4uter sollten bei der Spritzung trocken sein. Max. 100 ml\/m\u00b2 Unkrautfl\u00e4che. F\u00fcr Einzelpflanzen sind je nach Unkrautdichte 30-40 ml\/m\u00b2 ausreichend. Optimale Wirkung\u2026\u00a0<a class=\"wp-block-latest-posts__read-more\" href=\"https:\/\/www.loetsch.at\/wordpress_3\/finalsan-af-unkrautlos\/\" rel=\"noopener noreferrer\"><span class=\"screen-reader-text\">Finalsan AF Unkrautlos <\/span>weiterlesen<\/a><\/div><\/li>\n<li><a class=\"wp-block-latest-posts__post-title\" href=\"https:\/\/www.loetsch.at\/wordpress_3\/hirsefrei-extra-2\/\">Hirsefrei extra<\/a><div class=\"wp-block-latest-posts__post-excerpt\">Anwendung und Dosierung 12 ml in 5 Liter Wasser auf 100 m\u00b2 spritzen. Vor und nach der Behandlung soll der Rasen 7 Tage nicht gem\u00e4ht werden, damit die Hirse gen\u00fcgend Wirkstoff aufnehmen kann.\u2026\u00a0<a class=\"wp-block-latest-posts__read-more\" href=\"https:\/\/www.loetsch.at\/wordpress_3\/hirsefrei-extra-2\/\" rel=\"noopener noreferrer\"><span class=\"screen-reader-text\">Hirsefrei extra <\/span>weiterlesen<\/a><\/div><\/li>\n<li><a class=\"wp-block-latest-posts__post-title\" href=\"https:\/\/www.loetsch.at\/wordpress_3\/turboclean-unkrautfrei\/\">Turboclean Unkrautfrei<\/a><div class=\"wp-block-latest-posts__post-excerpt\">Unkrautfrei Express: Gegen Unkr\u00e4uter und Ungr\u00e4ser auf Wegen und Pl\u00e4tzen mit Holzgew\u00e4chsen im Garten, im Zierpflanzenbeet und unter Ziergeh\u00f6lzen im Freiland. Preis: f\u00fcr 90 m\u00b2 12,95<\/div><\/li>\n<li><a class=\"wp-block-latest-posts__post-title\" href=\"https:\/\/www.loetsch.at\/wordpress_3\/loredo-quatro-rasenunkrautfrei\/\">Loredo Quatro Rasenunkrautfrei<\/a><div class=\"wp-block-latest-posts__post-excerpt\">&nbsp;In den warmen Monaten ist Loredo\u00ae Quattro Universal- Rasenunkrautfrei dank seiner optimalen Wirksamkeit bei Temperaturen \u00fcber 20\u00b0C die richtige L\u00f6sung, um l\u00e4stige Unkr\u00e4uter schnell wieder loszuwerden. Zum Gie\u00dfen oder Spritzen Preis: f\u00fcr 100\u2026\u00a0<a class=\"wp-block-latest-posts__read-more\" href=\"https:\/\/www.loetsch.at\/wordpress_3\/loredo-quatro-rasenunkrautfrei\/\" rel=\"noopener noreferrer\"><span class=\"screen-reader-text\">Loredo Quatro Rasenunkrautfrei <\/span>weiterlesen<\/a><\/div><\/li>\n<li><a class=\"wp-block-latest-posts__post-title\" href=\"https:\/\/www.loetsch.at\/wordpress_3\/primstar-rasenrein\/\">Primstar-Rasenrein<\/a><div class=\"wp-block-latest-posts__post-excerpt\">RASENREIN &#8211; SOFORT &#8211; UND DAUERWIRKUNG &nbsp;Systemisches Spritzmittel gegen Rasenunkr\u00e4uter wie Kleearten, Ampfer, Disteln, Kamille, Schafgarben, Wegeriche, L\u00f6wenzahn, Hahnenfu\u00df, G\u00e4nsebl\u00fcmchen u.v.m. Der Wirkstoff wird, vorzugsweise \u00fcber die Bl\u00e4tter, sehr schnell aufgenommen und zu\u2026\u00a0<a class=\"wp-block-latest-posts__read-more\" href=\"https:\/\/www.loetsch.at\/wordpress_3\/primstar-rasenrein\/\" rel=\"noopener noreferrer\"><span class=\"screen-reader-text\">Primstar-Rasenrein <\/span>weiterlesen<\/a><\/div><\/li>\n<\/ul>","protected":false},"excerpt":{"rendered":"<p>Unkrautbek\u00e4mpfungsmittel (Herbizide) sind Substanzen, die st\u00f6rende Pflanzen abt\u00f6ten sollen. Man unterscheidet dabei zwischen selektiven&nbsp;Herbiziden, die gegen bestimmte Pflanzen wirken und Total-Herbiziden, die gegen alle Pflanzen wirken.<\/p>\n","protected":false},"author":1,"featured_media":850,"parent":0,"menu_order":0,"comment_status":"closed","ping_status":"closed","template":"wp-custom-template-teeneuestes","meta":{"footnotes":""},"class_list":["post-849","page","type-page","status-publish","has-post-thumbnail","hentry"],"yoast_head":"<!-- This site is optimized with the Yoast SEO plugin v27.5 - https:\/\/yoast.com\/product\/yoast-seo-wordpress\/ -->\n<title>Unkrautbek\u00e4mpfung - Drogerie Max L\u00f6tsch 4840 V\u00f6cklabruck<\/title>\n<meta name=\"description\" content=\"Unkrautbek\u00e4mpfungsmittel (Herbizide) sind Substanzen, die st\u00f6rende Pflanzen abt\u00f6ten sollen. Man unterscheidet dabei zwischen selektiven\u00a0Herbiziden, die gegen bestimmte Pflanzen wirken und Total-Herbiziden, die gegen alle Pflanzen wirken.\" \/>\n<meta name=\"robots\" content=\"index, follow, max-snippet:-1, max-image-preview:large, max-video-preview:-1\" \/>\n<link rel=\"canonical\" href=\"https:\/\/www.loetsch.at\/wordpress_3\/unkrautbekaempfung\/\" \/>\n<meta property=\"og:locale\" content=\"de_DE\" \/>\n<meta property=\"og:type\" content=\"article\" \/>\n<meta property=\"og:title\" content=\"Unkrautbek\u00e4mpfung - Drogerie Max L\u00f6tsch 4840 V\u00f6cklabruck\" \/>\n<meta property=\"og:description\" content=\"Unkrautbek\u00e4mpfungsmittel (Herbizide) sind Substanzen, die st\u00f6rende Pflanzen abt\u00f6ten sollen. Man unterscheidet dabei zwischen selektiven\u00a0Herbiziden, die gegen bestimmte Pflanzen wirken und Total-Herbiziden, die gegen alle Pflanzen wirken.\" \/>\n<meta property=\"og:url\" content=\"https:\/\/www.loetsch.at\/wordpress_3\/unkrautbekaempfung\/\" \/>\n<meta property=\"og:site_name\" content=\"Drogerie Max L\u00f6tsch 4840 V\u00f6cklabruck\" \/>\n<meta property=\"article:modified_time\" content=\"2025-12-17T07:56:25+00:00\" \/>\n<meta property=\"og:image\" content=\"https:\/\/www.loetsch.at\/wordpress_3\/wp-content\/uploads\/2022\/03\/26967-0-800-450.jpg\" \/>\n\t<meta property=\"og:image:width\" content=\"800\" \/>\n\t<meta property=\"og:image:height\" content=\"450\" \/>\n\t<meta property=\"og:image:type\" content=\"image\/jpeg\" \/>\n<meta name=\"twitter:card\" content=\"summary_large_image\" \/>\n<meta name=\"twitter:label1\" content=\"Gesch\u00e4tzte Lesezeit\" \/>\n\t<meta name=\"twitter:data1\" content=\"1\u00a0Minute\" \/>\n<script type=\"application\/ld+json\" class=\"yoast-schema-graph\">{\"@context\":\"https:\\\/\\\/schema.org\",\"@graph\":[{\"@type\":\"WebPage\",\"@id\":\"https:\\\/\\\/www.loetsch.at\\\/wordpress_3\\\/unkrautbekaempfung\\\/\",\"url\":\"https:\\\/\\\/www.loetsch.at\\\/wordpress_3\\\/unkrautbekaempfung\\\/\",\"name\":\"Unkrautbek\u00e4mpfung - Drogerie Max L\u00f6tsch 4840 V\u00f6cklabruck\",\"isPartOf\":{\"@id\":\"https:\\\/\\\/www.loetsch.at\\\/wordpress_3\\\/#website\"},\"primaryImageOfPage\":{\"@id\":\"https:\\\/\\\/www.loetsch.at\\\/wordpress_3\\\/unkrautbekaempfung\\\/#primaryimage\"},\"image\":{\"@id\":\"https:\\\/\\\/www.loetsch.at\\\/wordpress_3\\\/unkrautbekaempfung\\\/#primaryimage\"},\"thumbnailUrl\":\"https:\\\/\\\/www.loetsch.at\\\/wordpress_3\\\/wp-content\\\/uploads\\\/2022\\\/03\\\/26967-0-800-450.jpg\",\"datePublished\":\"2022-03-30T12:33:07+00:00\",\"dateModified\":\"2025-12-17T07:56:25+00:00\",\"description\":\"Unkrautbek\u00e4mpfungsmittel (Herbizide) sind Substanzen, die st\u00f6rende Pflanzen abt\u00f6ten sollen. Man unterscheidet dabei zwischen selektiven\u00a0Herbiziden, die gegen bestimmte Pflanzen wirken und Total-Herbiziden, die gegen alle Pflanzen wirken.\",\"breadcrumb\":{\"@id\":\"https:\\\/\\\/www.loetsch.at\\\/wordpress_3\\\/unkrautbekaempfung\\\/#breadcrumb\"},\"inLanguage\":\"de\",\"potentialAction\":[{\"@type\":\"ReadAction\",\"target\":[\"https:\\\/\\\/www.loetsch.at\\\/wordpress_3\\\/unkrautbekaempfung\\\/\"]}]},{\"@type\":\"ImageObject\",\"inLanguage\":\"de\",\"@id\":\"https:\\\/\\\/www.loetsch.at\\\/wordpress_3\\\/unkrautbekaempfung\\\/#primaryimage\",\"url\":\"https:\\\/\\\/www.loetsch.at\\\/wordpress_3\\\/wp-content\\\/uploads\\\/2022\\\/03\\\/26967-0-800-450.jpg\",\"contentUrl\":\"https:\\\/\\\/www.loetsch.at\\\/wordpress_3\\\/wp-content\\\/uploads\\\/2022\\\/03\\\/26967-0-800-450.jpg\",\"width\":800,\"height\":450},{\"@type\":\"BreadcrumbList\",\"@id\":\"https:\\\/\\\/www.loetsch.at\\\/wordpress_3\\\/unkrautbekaempfung\\\/#breadcrumb\",\"itemListElement\":[{\"@type\":\"ListItem\",\"position\":1,\"name\":\"Startseite\",\"item\":\"https:\\\/\\\/www.loetsch.at\\\/wordpress_3\\\/\"},{\"@type\":\"ListItem\",\"position\":2,\"name\":\"Unkrautbek\u00e4mpfung\"}]},{\"@type\":\"WebSite\",\"@id\":\"https:\\\/\\\/www.loetsch.at\\\/wordpress_3\\\/#website\",\"url\":\"https:\\\/\\\/www.loetsch.at\\\/wordpress_3\\\/\",\"name\":\"Drogerie Max L\u00f6tsch 4840 V\u00f6cklabruck\",\"description\":\"\",\"potentialAction\":[{\"@type\":\"SearchAction\",\"target\":{\"@type\":\"EntryPoint\",\"urlTemplate\":\"https:\\\/\\\/www.loetsch.at\\\/wordpress_3\\\/?s={search_term_string}\"},\"query-input\":{\"@type\":\"PropertyValueSpecification\",\"valueRequired\":true,\"valueName\":\"search_term_string\"}}],\"inLanguage\":\"de\"}]}<\/script>\n<!-- \/ Yoast SEO plugin. -->","yoast_head_json":{"title":"Unkrautbek\u00e4mpfung - Drogerie Max L\u00f6tsch 4840 V\u00f6cklabruck","description":"Unkrautbek\u00e4mpfungsmittel (Herbizide) sind Substanzen, die st\u00f6rende Pflanzen abt\u00f6ten sollen. Man unterscheidet dabei zwischen selektiven\u00a0Herbiziden, die gegen bestimmte Pflanzen wirken und Total-Herbiziden, die gegen alle Pflanzen wirken.","robots":{"index":"index","follow":"follow","max-snippet":"max-snippet:-1","max-image-preview":"max-image-preview:large","max-video-preview":"max-video-preview:-1"},"canonical":"https:\/\/www.loetsch.at\/wordpress_3\/unkrautbekaempfung\/","og_locale":"de_DE","og_type":"article","og_title":"Unkrautbek\u00e4mpfung - Drogerie Max L\u00f6tsch 4840 V\u00f6cklabruck","og_description":"Unkrautbek\u00e4mpfungsmittel (Herbizide) sind Substanzen, die st\u00f6rende Pflanzen abt\u00f6ten sollen. Man unterscheidet dabei zwischen selektiven\u00a0Herbiziden, die gegen bestimmte Pflanzen wirken und Total-Herbiziden, die gegen alle Pflanzen wirken.","og_url":"https:\/\/www.loetsch.at\/wordpress_3\/unkrautbekaempfung\/","og_site_name":"Drogerie Max L\u00f6tsch 4840 V\u00f6cklabruck","article_modified_time":"2025-12-17T07:56:25+00:00","og_image":[{"width":800,"height":450,"url":"https:\/\/www.loetsch.at\/wordpress_3\/wp-content\/uploads\/2022\/03\/26967-0-800-450.jpg","type":"image\/jpeg"}],"twitter_card":"summary_large_image","twitter_misc":{"Gesch\u00e4tzte Lesezeit":"1\u00a0Minute"},"schema":{"@context":"https:\/\/schema.org","@graph":[{"@type":"WebPage","@id":"https:\/\/www.loetsch.at\/wordpress_3\/unkrautbekaempfung\/","url":"https:\/\/www.loetsch.at\/wordpress_3\/unkrautbekaempfung\/","name":"Unkrautbek\u00e4mpfung - Drogerie Max L\u00f6tsch 4840 V\u00f6cklabruck","isPartOf":{"@id":"https:\/\/www.loetsch.at\/wordpress_3\/#website"},"primaryImageOfPage":{"@id":"https:\/\/www.loetsch.at\/wordpress_3\/unkrautbekaempfung\/#primaryimage"},"image":{"@id":"https:\/\/www.loetsch.at\/wordpress_3\/unkrautbekaempfung\/#primaryimage"},"thumbnailUrl":"https:\/\/www.loetsch.at\/wordpress_3\/wp-content\/uploads\/2022\/03\/26967-0-800-450.jpg","datePublished":"2022-03-30T12:33:07+00:00","dateModified":"2025-12-17T07:56:25+00:00","description":"Unkrautbek\u00e4mpfungsmittel (Herbizide) sind Substanzen, die st\u00f6rende Pflanzen abt\u00f6ten sollen. Man unterscheidet dabei zwischen selektiven\u00a0Herbiziden, die gegen bestimmte Pflanzen wirken und Total-Herbiziden, die gegen alle Pflanzen wirken.","breadcrumb":{"@id":"https:\/\/www.loetsch.at\/wordpress_3\/unkrautbekaempfung\/#breadcrumb"},"inLanguage":"de","potentialAction":[{"@type":"ReadAction","target":["https:\/\/www.loetsch.at\/wordpress_3\/unkrautbekaempfung\/"]}]},{"@type":"ImageObject","inLanguage":"de","@id":"https:\/\/www.loetsch.at\/wordpress_3\/unkrautbekaempfung\/#primaryimage","url":"https:\/\/www.loetsch.at\/wordpress_3\/wp-content\/uploads\/2022\/03\/26967-0-800-450.jpg","contentUrl":"https:\/\/www.loetsch.at\/wordpress_3\/wp-content\/uploads\/2022\/03\/26967-0-800-450.jpg","width":800,"height":450},{"@type":"BreadcrumbList","@id":"https:\/\/www.loetsch.at\/wordpress_3\/unkrautbekaempfung\/#breadcrumb","itemListElement":[{"@type":"ListItem","position":1,"name":"Startseite","item":"https:\/\/www.loetsch.at\/wordpress_3\/"},{"@type":"ListItem","position":2,"name":"Unkrautbek\u00e4mpfung"}]},{"@type":"WebSite","@id":"https:\/\/www.loetsch.at\/wordpress_3\/#website","url":"https:\/\/www.loetsch.at\/wordpress_3\/","name":"Drogerie Max L\u00f6tsch 4840 V\u00f6cklabruck","description":"","potentialAction":[{"@type":"SearchAction","target":{"@type":"EntryPoint","urlTemplate":"https:\/\/www.loetsch.at\/wordpress_3\/?s={search_term_string}"},"query-input":{"@type":"PropertyValueSpecification","valueRequired":true,"valueName":"search_term_string"}}],"inLanguage":"de"}]}},"_links":{"self":[{"href":"https:\/\/www.loetsch.at\/wordpress_3\/wp-json\/wp\/v2\/pages\/849","targetHints":{"allow":["GET"]}}],"collection":[{"href":"https:\/\/www.loetsch.at\/wordpress_3\/wp-json\/wp\/v2\/pages"}],"about":[{"href":"https:\/\/www.loetsch.at\/wordpress_3\/wp-json\/wp\/v2\/types\/page"}],"author":[{"embeddable":true,"href":"https:\/\/www.loetsch.at\/wordpress_3\/wp-json\/wp\/v2\/users\/1"}],"replies":[{"embeddable":true,"href":"https:\/\/www.loetsch.at\/wordpress_3\/wp-json\/wp\/v2\/comments?post=849"}],"version-history":[{"count":11,"href":"https:\/\/www.loetsch.at\/wordpress_3\/wp-json\/wp\/v2\/pages\/849\/revisions"}],"predecessor-version":[{"id":4919,"href":"https:\/\/www.loetsch.at\/wordpress_3\/wp-json\/wp\/v2\/pages\/849\/revisions\/4919"}],"wp:featuredmedia":[{"embeddable":true,"href":"https:\/\/www.loetsch.at\/wordpress_3\/wp-json\/wp\/v2\/media\/850"}],"wp:attachment":[{"href":"https:\/\/www.loetsch.at\/wordpress_3\/wp-json\/wp\/v2\/media?parent=849"}],"curies":[{"name":"wp","href":"https:\/\/api.w.org\/{rel}","templated":true}]}}