{"id":543,"date":"2024-08-26T11:26:00","date_gmt":"2024-08-26T11:26:00","guid":{"rendered":"https:\/\/www.loetsch.at\/wordpress_3\/?page_id=543"},"modified":"2026-03-18T15:09:31","modified_gmt":"2026-03-18T15:09:31","slug":"fuer-gesundheit-und-garten","status":"publish","type":"page","link":"https:\/\/www.loetsch.at\/wordpress_3\/","title":{"rendered":"F\u00fcr Gesundheit und Garten"},"content":{"rendered":"\n<p class=\"has-text-align-center\"><strong>M\u00e4rz 2026<\/strong><\/p>\n\n\n<form role=\"search\" method=\"get\" action=\"https:\/\/www.loetsch.at\/wordpress_3\/\" class=\"wp-block-search__button-outside wp-block-search__text-button wp-block-search\"    ><label class=\"wp-block-search__label\" for=\"wp-block-search__input-1\" >Suchen<\/label><div class=\"wp-block-search__inside-wrapper\" ><input class=\"wp-block-search__input\" id=\"wp-block-search__input-1\" placeholder=\"orchid\" value=\"\" type=\"search\" name=\"s\" required \/><button aria-label=\"Suchen\" class=\"wp-block-search__button wp-element-button\" type=\"submit\" >Suchen<\/button><\/div><\/form>\n\n\n<h2 class=\"wp-block-heading alignwide has-text-align-center has-white-color has-vivid-red-background-color has-text-color has-background has-link-color has-x-large-font-size wp-elements-c184695788bff82dc83bb7961477ca34\"><strong>F\u00fcr Ihre Fitness und Gesundheit:<\/strong><\/h2>\n\n\n\n<div class=\"wp-block-columns has-large-font-size is-layout-flex wp-container-core-columns-is-layout-28f84493 wp-block-columns-is-layout-flex\">\n<div class=\"wp-block-column is-layout-flow wp-block-column-is-layout-flow\">\n<div class=\"wp-block-columns is-layout-flex wp-container-core-columns-is-layout-28f84493 wp-block-columns-is-layout-flex\">\n<div class=\"wp-block-column is-layout-flow wp-block-column-is-layout-flow\">\n<div class=\"wp-block-columns is-layout-flex wp-container-core-columns-is-layout-28f84493 wp-block-columns-is-layout-flex\">\n<div class=\"wp-block-column is-layout-flow wp-block-column-is-layout-flow\">\n<div class=\"wp-block-columns is-layout-flex wp-container-core-columns-is-layout-28f84493 wp-block-columns-is-layout-flex\">\n<div class=\"wp-block-column has-light-green-cyan-background-color has-background is-layout-flow wp-block-column-is-layout-flow\" style=\"border-top-left-radius:65px;border-top-right-radius:65px;border-bottom-left-radius:65px;border-bottom-right-radius:65px;padding-right:var(--wp--preset--spacing--20);padding-left:var(--wp--preset--spacing--20)\">\n<ul class=\"wp-block-list\">\n<li class=\"has-large-font-size\" style=\"padding-right:0;padding-left:0\"><strong><a href=\"https:\/\/www.loetsch.at\/wordpress_3\/aetherische-oele\/\">\u00c4therische \u00d6le<\/a><\/strong><\/li>\n\n\n\n<li class=\"has-large-font-size\" style=\"padding-right:0;padding-left:0\"><a href=\"https:\/\/www.loetsch.at\/wordpress_3\/basen\/\"><strong> Basenprodukte<\/strong><\/a><\/li>\n\n\n\n<li class=\"has-large-font-size\" style=\"padding-right:0;padding-left:0\"><strong><a href=\"https:\/\/www.loetsch.at\/wordpress_3\/bitterstoffe\/\">Bitterstoffe<\/a><\/strong><\/li>\n\n\n\n<li class=\"has-large-font-size\" style=\"padding-right:0;padding-left:0\"><strong><a href=\"https:\/\/www.loetsch.at\/wordpress_3\/gewuerze\/\">Gew\u00fcrze<\/a><\/strong><\/li>\n\n\n\n<li class=\"has-large-font-size\" style=\"padding-right:0;padding-left:0\"><strong><a href=\"https:\/\/www.loetsch.at\/wordpress_3\/cremen\/\">Holzhackercremen<\/a><\/strong><\/li>\n\n\n\n<li class=\"has-large-font-size\" style=\"border-top-left-radius:0px;border-top-right-radius:0px;border-bottom-left-radius:0px;border-bottom-right-radius:0px;padding-right:0;padding-left:0\"><a href=\"https:\/\/www.loetsch.at\/wordpress_3\/lichtquanten-ewald-toeth\/\"><strong>Lichtquanten Dr. T\u00f6th<\/strong><\/a><\/li>\n\n\n\n<li class=\"has-large-font-size\" style=\"padding-right:0;padding-left:0\"><a href=\"https:\/\/www.loetsch.at\/wordpress_3\/orthomolekulare-medizin\/\"><strong> Orthomolekulare Medizin<\/strong><\/a><\/li>\n\n\n\n<li class=\"has-large-font-size\" style=\"padding-right:0;padding-left:0\"><strong><a href=\"https:\/\/www.loetsch.at\/wordpress_3\/oele-aufstrichelaselva\/\">\u00d6le, Aufstriche, La Selva, Suppen, M\u00fcslis<\/a><\/strong><\/li>\n\n\n\n<li class=\"has-large-font-size\" style=\"padding-right:0;padding-left:0\"><a href=\"https:\/\/www.loetsch.at\/wordpress_3\/sehr-gesund\/\"><strong>Sehr gesund<\/strong><\/a><\/li>\n\n\n\n<li class=\"has-large-font-size\" style=\"padding-right:0;padding-left:0\"><a href=\"https:\/\/www.loetsch.at\/wordpress_3\/seifen-duschbaeder-und-vieles-mehr\/\"><strong>Seifen, Duschb\u00e4der und mehr<\/strong><\/a><\/li>\n\n\n\n<li class=\"has-large-font-size\" style=\"padding-right:0;padding-left:0\"><a href=\"https:\/\/www.loetsch.at\/wordpress_3\/tee\/\"><strong>Tee<\/strong><\/a><\/li>\n\n\n\n<li class=\"has-large-font-size\" style=\"padding-right:0;padding-left:0\">  <strong><a href=\"https:\/\/www.loetsch.at\/wordpress_3\/tinkturen\/\">Tinkturen<\/a><\/strong><\/li>\n\n\n\n<li class=\"has-large-font-size\" style=\"padding-right:0;padding-left:0\"><a href=\"https:\/\/www.loetsch.at\/wordpress_3\/umami\/\"><strong>Umami<\/strong><\/a><\/li>\n\n\n\n<li class=\"has-large-font-size\" style=\"padding-right:0;padding-left:0\"><strong><a href=\"https:\/\/www.loetsch.at\/wordpress_3\/gewuerztee\/\">Yogi-Gew\u00fcrztee<\/a><\/strong><\/li>\n\n\n\n<li class=\"has-large-font-size\" style=\"padding-right:0;padding-left:0\"><strong><a href=\"https:\/\/www.loetsch.at\/wordpress_3\/phytodent-zahnpflege\/\">Zahncremen<\/a><\/strong><\/li>\n<\/ul>\n<\/div>\n<\/div>\n<\/div>\n<\/div>\n<\/div>\n<\/div>\n<\/div>\n<\/div>\n\n\n\n<div class=\"wp-block-columns alignwide is-layout-flex wp-container-core-columns-is-layout-28f84493 wp-block-columns-is-layout-flex\">\n<div class=\"wp-block-column is-layout-flow wp-block-column-is-layout-flow\">\n<figure class=\"wp-block-image aligncenter size-large is-resized has-custom-border\"><img loading=\"lazy\" decoding=\"async\" width=\"1024\" height=\"1024\" src=\"https:\/\/www.loetsch.at\/wordpress_3\/wp-content\/uploads\/2024\/07\/IMG-20240713-WA0006-1024x1024.jpg\" alt=\"\" class=\"wp-image-3311\" style=\"border-width:3px;width:263px;height:auto\"\/><\/figure>\n<\/div>\n\n\n\n<div class=\"wp-block-column is-layout-flow wp-block-column-is-layout-flow\">\n<figure class=\"wp-block-image aligncenter size-large is-resized has-custom-border\"><img loading=\"lazy\" decoding=\"async\" width=\"1024\" height=\"1024\" src=\"https:\/\/www.loetsch.at\/wordpress_3\/wp-content\/uploads\/2024\/07\/IMG-20240713-WA0004-1024x1024.jpg\" alt=\"\" class=\"wp-image-3309\" style=\"border-width:3px;width:261px;height:auto\"\/><\/figure>\n<\/div>\n\n\n\n<div class=\"wp-block-column is-layout-flow wp-block-column-is-layout-flow\">\n<figure class=\"wp-block-image aligncenter size-large is-resized has-custom-border\"><img loading=\"lazy\" decoding=\"async\" width=\"1024\" height=\"1024\" src=\"https:\/\/www.loetsch.at\/wordpress_3\/wp-content\/uploads\/2024\/07\/IMG-20240713-WA0007-1024x1024.jpg\" alt=\"\" class=\"wp-image-3298\" style=\"border-width:3px;width:255px;height:auto\"\/><\/figure>\n<\/div>\n<\/div>\n\n\n\n<div class=\"wp-block-columns alignwide is-layout-flex wp-container-core-columns-is-layout-28f84493 wp-block-columns-is-layout-flex\">\n<div class=\"wp-block-column has-luminous-vivid-amber-background-color has-background is-layout-flow wp-block-column-is-layout-flow\" style=\"padding-top:var(--wp--preset--spacing--20);padding-bottom:var(--wp--preset--spacing--20)\">\n<ul class=\"wp-block-list\">\n<li class=\"has-large-font-size\"><strong><a href=\"https:\/\/www.loetsch.at\/wordpress_3\/alma-win-produkte\/\">Alma-Win Reinigungsprodukte<\/a><\/strong><\/li>\n\n\n\n<li class=\"has-large-font-size\"><strong><a href=\"https:\/\/www.loetsch.at\/wordpress_3\/aus-der-drogerie\/\">Drogeriewaren<\/a><\/strong><\/li>\n\n\n\n<li class=\"has-large-font-size\" style=\"border-top-left-radius:0px;border-top-right-radius:0px;border-bottom-left-radius:1px;border-bottom-right-radius:0px\"><a href=\"https:\/\/www.loetsch.at\/wordpress_3\/raeucherwaren\/\"><strong>R\u00e4ucherwaren<\/strong><\/a><\/li>\n<\/ul>\n\n\n\n<p><\/p>\n<\/div>\n<\/div>\n\n\n\n<p class=\"has-text-align-center has-large-font-size\"><strong><a href=\"https:\/\/www.loetsch.at\/wordpress_3\/basen-mineralmischung\/\">Unser Mega-Hit:<\/a><\/strong><\/p>\n\n\n\n<div class=\"wp-block-columns has-medium-font-size is-layout-flex wp-container-core-columns-is-layout-f09506ca wp-block-columns-is-layout-flex\" style=\"padding-right:0;padding-left:0\">\n<div class=\"wp-block-column is-layout-flow wp-block-column-is-layout-flow\">\n<figure class=\"wp-block-image aligncenter size-full is-resized is-style-rounded\"><a href=\"https:\/\/www.loetsch.at\/wordpress_3\/basen-mineralmischung\/\"><img loading=\"lazy\" decoding=\"async\" width=\"300\" height=\"300\" src=\"https:\/\/www.loetsch.at\/wordpress_3\/wp-content\/uploads\/2024\/03\/basen-mineral-mischung-lqa-pulver-500-g-00692848-0_2-e1721202920415.jpg\" alt=\"\" class=\"wp-image-3031\" style=\"width:324px;height:auto\"\/><\/a><\/figure>\n<\/div>\n<\/div>\n\n\n\n<h2 class=\"wp-block-heading alignwide has-text-align-center has-black-color has-vivid-green-cyan-background-color has-text-color has-background has-link-color has-x-large-font-size wp-elements-c5ff4c77b2aa07e10de74af5c9aa1bde\"><strong>F\u00fcr den Garten und den gr\u00fcnen Daumen:<\/strong><\/h2>\n\n\n\n<figure class=\"wp-block-image aligncenter size-full is-resized is-style-rounded\"><a href=\"https:\/\/www.loetsch.at\/wordpress_3\/nuetzlinge\/\"><img loading=\"lazy\" decoding=\"async\" width=\"840\" height=\"355\" src=\"https:\/\/www.loetsch.at\/wordpress_3\/wp-content\/uploads\/2024\/07\/marienkaefer-HP.jpg\" alt=\"\" class=\"wp-image-3612\" style=\"width:433px;height:auto\" srcset=\"https:\/\/www.loetsch.at\/wordpress_3\/wp-content\/uploads\/2024\/07\/marienkaefer-HP.jpg 840w, https:\/\/www.loetsch.at\/wordpress_3\/wp-content\/uploads\/2024\/07\/marienkaefer-HP-300x127.jpg 300w, https:\/\/www.loetsch.at\/wordpress_3\/wp-content\/uploads\/2024\/07\/marienkaefer-HP-768x325.jpg 768w\" sizes=\"auto, (max-width: 840px) 100vw, 840px\" \/><\/a><\/figure>\n\n\n\n<div class=\"wp-block-columns alignwide has-luminous-vivid-amber-background-color has-background has-large-font-size is-layout-flex wp-container-core-columns-is-layout-61487490 wp-block-columns-is-layout-flex\" style=\"border-style:none;border-width:0px;border-top-left-radius:58px;border-top-right-radius:58px;border-bottom-left-radius:58px;border-bottom-right-radius:58px;padding-top:0;padding-bottom:0\">\n<div class=\"wp-block-column is-layout-flow wp-block-column-is-layout-flow\">\n<ul class=\"wp-block-list\">\n<li style=\"padding-right:0;padding-left:0\"><a href=\"https:\/\/www.loetsch.at\/wordpress_3\/ameisen\/\"><strong>Ameisen<\/strong><\/a><\/li>\n\n\n\n<li style=\"padding-right:0;padding-left:0\"><a href=\"https:\/\/www.loetsch.at\/wordpress_3\/duengemittel\/\"><strong>D\u00fcngemittel<\/strong> <strong>und Erden<\/strong><\/a><\/li>\n\n\n\n<li><a href=\"https:\/\/www.loetsch.at\/wordpress_3\/duengesticks\/\"><strong>D\u00fcngesticks <\/strong><\/a><\/li>\n\n\n\n<li style=\"padding-right:0;padding-left:0\"><a href=\"https:\/\/www.loetsch.at\/wordpress_3\/fliegende-schaedlinge\/\"><strong>fliegende Sch\u00e4dlinge<\/strong><\/a><\/li>\n\n\n\n<li style=\"padding-right:0;padding-left:0\"><a href=\"https:\/\/www.loetsch.at\/wordpress_3\/leimfallen\/\"><strong>Leimfallen<\/strong><\/a><\/li>\n\n\n\n<li style=\"padding-right:0;padding-left:0\"><a href=\"https:\/\/www.loetsch.at\/wordpress_3\/nager\/\"><strong>Nager<\/strong><\/a><\/li>\n\n\n\n<li style=\"padding-right:0;padding-left:0\"><a href=\"https:\/\/www.loetsch.at\/wordpress_3\/nuetzlinge\/\"><strong>N\u00fctzlinge<\/strong><\/a><\/li>\n\n\n\n<li style=\"padding-right:0;padding-left:0\"><a href=\"https:\/\/www.loetsch.at\/wordpress_3\/pflanzenstaerkung\/\"><strong>Pflanzenst\u00e4rkung<\/strong><\/a><\/li>\n\n\n\n<li style=\"padding-right:0;padding-left:0\"><a href=\"https:\/\/www.loetsch.at\/wordpress_3\/pilzkrankheitenfungizide\/\"><strong>Pilzkrankheiten<\/strong><\/a><\/li>\n\n\n\n<li style=\"padding-right:0;padding-left:0\"><a href=\"https:\/\/www.loetsch.at\/wordpress_3\/saatgut\/\"><strong>Saatgut<\/strong><\/a><\/li>\n\n\n\n<li style=\"padding-right:0;padding-left:0\"><strong><a href=\"https:\/\/www.loetsch.at\/wordpress_3\/schaedlingsbekaempfung\/\">Sch\u00e4dlinge<\/a><\/strong><\/li>\n\n\n\n<li style=\"padding-right:0;padding-left:0\"><a href=\"https:\/\/www.loetsch.at\/wordpress_3\/ungeziefermottenschabenusw\/\"><strong>Ungeziefer, Motten, Schaben usw.<\/strong><\/a><\/li>\n\n\n\n<li style=\"padding-right:0;padding-left:0\"><a href=\"https:\/\/www.loetsch.at\/wordpress_3\/unkrautbekaempfung\/\"><strong>Unkrautbek\u00e4mpfung<\/strong><\/a><\/li>\n\n\n\n<li style=\"padding-right:0;padding-left:0\"><strong><a href=\"https:\/\/www.loetsch.at\/wordpress_3\/wespen\/\">Wespen<\/a><\/strong><\/li>\n<\/ul>\n<\/div>\n<\/div>\n\n\n\n<p><\/p>\n\n\n\n<div class=\"wp-block-columns is-layout-flex wp-container-core-columns-is-layout-912c2762 wp-block-columns-is-layout-flex\" style=\"margin-top:0;margin-bottom:0;padding-right:0;padding-left:0\">\n<div class=\"wp-block-column is-layout-flow wp-block-column-is-layout-flow\">\n<figure class=\"wp-block-image aligncenter size-large is-resized has-custom-border\"><img loading=\"lazy\" decoding=\"async\" width=\"1024\" height=\"1024\" src=\"https:\/\/www.loetsch.at\/wordpress_3\/wp-content\/uploads\/2024\/07\/IMG-20240714-WA0002-1024x1024.jpg\" alt=\"\" class=\"wp-image-3338\" style=\"border-width:3px;width:276px;height:auto\"\/><\/figure>\n<\/div>\n\n\n\n<div class=\"wp-block-column is-layout-flow wp-block-column-is-layout-flow\">\n<figure class=\"wp-block-image aligncenter size-large is-resized has-custom-border\"><img loading=\"lazy\" decoding=\"async\" width=\"1024\" height=\"1024\" src=\"https:\/\/www.loetsch.at\/wordpress_3\/wp-content\/uploads\/2024\/07\/IMG-20240713-WA0008-1024x1024.jpg\" alt=\"\" class=\"wp-image-3312\" style=\"border-width:3px;width:277px;height:auto\"\/><\/figure>\n<\/div>\n\n\n\n<div class=\"wp-block-column is-layout-flow wp-block-column-is-layout-flow\">\n<figure class=\"wp-block-image aligncenter size-large is-resized has-custom-border\"><img loading=\"lazy\" decoding=\"async\" width=\"1024\" height=\"1024\" src=\"https:\/\/www.loetsch.at\/wordpress_3\/wp-content\/uploads\/2024\/07\/IMG-20240713-WA0005-1024x1024.jpg\" alt=\"\" class=\"wp-image-3310\" style=\"border-width:3px;width:275px;height:auto\"\/><\/figure>\n<\/div>\n\n\n\n<div class=\"wp-block-column is-layout-flow wp-block-column-is-layout-flow\">\n<figure class=\"wp-block-image aligncenter size-large is-resized has-custom-border\"><img loading=\"lazy\" decoding=\"async\" width=\"1024\" height=\"1024\" src=\"https:\/\/www.loetsch.at\/wordpress_3\/wp-content\/uploads\/2024\/07\/IMG-20240713-WA0001-1024x1024.jpg\" alt=\"\" class=\"wp-image-3412\" style=\"border-width:3px;width:276px;height:auto\" srcset=\"https:\/\/www.loetsch.at\/wordpress_3\/wp-content\/uploads\/2024\/07\/IMG-20240713-WA0001-1024x1024.jpg 1024w, https:\/\/www.loetsch.at\/wordpress_3\/wp-content\/uploads\/2024\/07\/IMG-20240713-WA0001-300x300.jpg 300w, https:\/\/www.loetsch.at\/wordpress_3\/wp-content\/uploads\/2024\/07\/IMG-20240713-WA0001-150x150.jpg 150w, https:\/\/www.loetsch.at\/wordpress_3\/wp-content\/uploads\/2024\/07\/IMG-20240713-WA0001-768x768.jpg 768w, https:\/\/www.loetsch.at\/wordpress_3\/wp-content\/uploads\/2024\/07\/IMG-20240713-WA0001.jpg 1440w\" sizes=\"auto, (max-width: 1024px) 100vw, 1024px\" \/><\/figure>\n<\/div>\n<\/div>\n\n\n\n<p class=\"has-text-align-center has-large-font-size\"><\/p>\n\n\n\n<p class=\"has-text-align-center has-large-font-size\"><\/p>\n\n\n\n<h2 class=\"wp-block-heading has-text-align-center\"><strong>Drogerie Max L\u00f6tsch<\/strong><\/h2>\n\n\n\n<p class=\"has-text-align-center\">Hinterstadt 23     4840 V\u00f6cklabruck<\/p>\n\n\n\n<p class=\"has-text-align-center has-large-font-size\"><strong>0664 4414759     email: loetsch@aon.at<\/strong><\/p>\n\n\n\n<p class=\"has-text-align-center has-large-font-size\"><strong>Speziell f\u00fcr Pflanzenfragen: Tel: 0699 19226327<\/strong><\/p>\n\n\n\n<p class=\"has-text-align-center has-large-font-size\"><strong>Gesch\u00e4ftszeiten: <\/strong><\/p>\n\n\n\n<p class=\"has-text-align-center has-large-font-size\"><strong>Montag, Dienstag, Donnerstag <\/strong><\/p>\n\n\n\n<p class=\"has-text-align-center has-large-font-size\"><strong>9:00-12:00 und 14:00-17<\/strong>:<strong>00<\/strong><\/p>\n\n\n\n<p class=\"has-text-align-center has-large-font-size\"><strong>Mittwoch 8:00-12:00 und 14:00-17:00 <\/strong><\/p>\n\n\n\n<p class=\"has-text-align-center has-large-font-size\"><strong>Freitag und Samstag 8:00-12:00 <\/strong><\/p>\n\n\n\n<p><\/p>\n\n\n\n<p class=\"has-text-align-center has-black-color has-text-color has-link-color wp-elements-6112192a75a27c75c8a64983e229ec85\"><strong>homepage: <a href=\"https:\/\/www.loetsch.at\/\">www.loetsch.at<\/a><\/strong><\/p>\n\n\n\n<div class=\"wp-block-columns is-layout-flex wp-container-core-columns-is-layout-28f84493 wp-block-columns-is-layout-flex\">\n<div class=\"wp-block-column is-layout-flow wp-block-column-is-layout-flow\" style=\"flex-basis:100%\"><\/div>\n<\/div>\n","protected":false},"excerpt":{"rendered":"<p>M\u00e4rz 2026 F\u00fcr Ihre Fitness und Gesundheit: Unser Mega-Hit: F\u00fcr den Garten und den gr\u00fcnen Daumen: Drogerie Max L\u00f6tsch Hinterstadt 23 4840 V\u00f6cklabruck 0664 4414759 email: loetsch@aon.at Speziell f\u00fcr Pflanzenfragen: Tel: 0699 19226327 Gesch\u00e4ftszeiten: Montag, Dienstag, Donnerstag 9:00-12:00 und 14:00-17:00 Mittwoch 8:00-12:00 und 14:00-17:00 Freitag und Samstag 8:00-12:00 homepage: www.loetsch.at<\/p>\n","protected":false},"author":1,"featured_media":2052,"parent":0,"menu_order":0,"comment_status":"closed","ping_status":"closed","template":"wp-custom-template-teeneuestes","meta":{"footnotes":""},"class_list":["post-543","page","type-page","status-publish","has-post-thumbnail","hentry"],"yoast_head":"<!-- This site is optimized with the Yoast SEO plugin v27.5 - https:\/\/yoast.com\/product\/yoast-seo-wordpress\/ -->\n<title>F\u00fcr Gesundheit und Garten - Drogerie Max L\u00f6tsch 4840 V\u00f6cklabruck<\/title>\n<meta name=\"description\" content=\"Willkommen auf unserer Seite Gesundheit und Garten. Wir laden Sie ein, herumzust\u00f6bern und Geheimnisse von Garten und K\u00f6rper zu erforschen....\" \/>\n<meta name=\"robots\" content=\"index, follow, max-snippet:-1, max-image-preview:large, max-video-preview:-1\" \/>\n<link rel=\"canonical\" href=\"https:\/\/www.loetsch.at\/wordpress_3\/\" \/>\n<meta property=\"og:locale\" content=\"de_DE\" \/>\n<meta property=\"og:type\" content=\"article\" \/>\n<meta property=\"og:title\" content=\"F\u00fcr Gesundheit und Garten\" \/>\n<meta property=\"og:description\" content=\"Willkommen auf unserer Seite Gesundheit und Garten. Wir laden Sie ein, herumzust\u00f6bern und Geheimnisse von Garten und K\u00f6rper zu erforschen....\" \/>\n<meta property=\"og:url\" content=\"https:\/\/www.loetsch.at\/wordpress_3\/\" \/>\n<meta property=\"og:site_name\" content=\"Drogerie Max L\u00f6tsch 4840 V\u00f6cklabruck\" \/>\n<meta property=\"article:modified_time\" content=\"2026-03-18T15:09:31+00:00\" \/>\n<meta property=\"og:image\" content=\"https:\/\/www.loetsch.at\/wordpress_3\/wp-content\/uploads\/2023\/06\/schild.jpg\" \/>\n\t<meta property=\"og:image:width\" content=\"605\" \/>\n\t<meta property=\"og:image:height\" content=\"417\" \/>\n\t<meta property=\"og:image:type\" content=\"image\/jpeg\" \/>\n<meta name=\"twitter:card\" content=\"summary_large_image\" \/>\n<meta name=\"twitter:label1\" content=\"Gesch\u00e4tzte Lesezeit\" \/>\n\t<meta name=\"twitter:data1\" content=\"3\u00a0Minuten\" \/>\n<script type=\"application\/ld+json\" class=\"yoast-schema-graph\">{\"@context\":\"https:\\\/\\\/schema.org\",\"@graph\":[{\"@type\":\"WebPage\",\"@id\":\"https:\\\/\\\/www.loetsch.at\\\/wordpress_3\\\/\",\"url\":\"https:\\\/\\\/www.loetsch.at\\\/wordpress_3\\\/\",\"name\":\"F\u00fcr Gesundheit und Garten - Drogerie Max L\u00f6tsch 4840 V\u00f6cklabruck\",\"isPartOf\":{\"@id\":\"https:\\\/\\\/www.loetsch.at\\\/wordpress_3\\\/#website\"},\"primaryImageOfPage\":{\"@id\":\"https:\\\/\\\/www.loetsch.at\\\/wordpress_3\\\/#primaryimage\"},\"image\":{\"@id\":\"https:\\\/\\\/www.loetsch.at\\\/wordpress_3\\\/#primaryimage\"},\"thumbnailUrl\":\"https:\\\/\\\/www.loetsch.at\\\/wordpress_3\\\/wp-content\\\/uploads\\\/2023\\\/06\\\/schild.jpg\",\"datePublished\":\"2024-08-26T11:26:00+00:00\",\"dateModified\":\"2026-03-18T15:09:31+00:00\",\"description\":\"Willkommen auf unserer Seite Gesundheit und Garten. Wir laden Sie ein, herumzust\u00f6bern und Geheimnisse von Garten und K\u00f6rper zu erforschen....\",\"breadcrumb\":{\"@id\":\"https:\\\/\\\/www.loetsch.at\\\/wordpress_3\\\/#breadcrumb\"},\"inLanguage\":\"de\",\"potentialAction\":[{\"@type\":\"ReadAction\",\"target\":[\"https:\\\/\\\/www.loetsch.at\\\/wordpress_3\\\/\"]}]},{\"@type\":\"ImageObject\",\"inLanguage\":\"de\",\"@id\":\"https:\\\/\\\/www.loetsch.at\\\/wordpress_3\\\/#primaryimage\",\"url\":\"https:\\\/\\\/www.loetsch.at\\\/wordpress_3\\\/wp-content\\\/uploads\\\/2023\\\/06\\\/schild.jpg\",\"contentUrl\":\"https:\\\/\\\/www.loetsch.at\\\/wordpress_3\\\/wp-content\\\/uploads\\\/2023\\\/06\\\/schild.jpg\",\"width\":605,\"height\":417},{\"@type\":\"BreadcrumbList\",\"@id\":\"https:\\\/\\\/www.loetsch.at\\\/wordpress_3\\\/#breadcrumb\",\"itemListElement\":[{\"@type\":\"ListItem\",\"position\":1,\"name\":\"Startseite\",\"item\":\"https:\\\/\\\/www.loetsch.at\\\/wordpress_3\\\/\"},{\"@type\":\"ListItem\",\"position\":2,\"name\":\"F\u00fcr Gesundheit und Garten\"}]},{\"@type\":\"WebSite\",\"@id\":\"https:\\\/\\\/www.loetsch.at\\\/wordpress_3\\\/#website\",\"url\":\"https:\\\/\\\/www.loetsch.at\\\/wordpress_3\\\/\",\"name\":\"Drogerie Max L\u00f6tsch 4840 V\u00f6cklabruck\",\"description\":\"\",\"potentialAction\":[{\"@type\":\"SearchAction\",\"target\":{\"@type\":\"EntryPoint\",\"urlTemplate\":\"https:\\\/\\\/www.loetsch.at\\\/wordpress_3\\\/?s={search_term_string}\"},\"query-input\":{\"@type\":\"PropertyValueSpecification\",\"valueRequired\":true,\"valueName\":\"search_term_string\"}}],\"inLanguage\":\"de\"}]}<\/script>\n<!-- \/ Yoast SEO plugin. -->","yoast_head_json":{"title":"F\u00fcr Gesundheit und Garten - Drogerie Max L\u00f6tsch 4840 V\u00f6cklabruck","description":"Willkommen auf unserer Seite Gesundheit und Garten. Wir laden Sie ein, herumzust\u00f6bern und Geheimnisse von Garten und K\u00f6rper zu erforschen....","robots":{"index":"index","follow":"follow","max-snippet":"max-snippet:-1","max-image-preview":"max-image-preview:large","max-video-preview":"max-video-preview:-1"},"canonical":"https:\/\/www.loetsch.at\/wordpress_3\/","og_locale":"de_DE","og_type":"article","og_title":"F\u00fcr Gesundheit und Garten","og_description":"Willkommen auf unserer Seite Gesundheit und Garten. Wir laden Sie ein, herumzust\u00f6bern und Geheimnisse von Garten und K\u00f6rper zu erforschen....","og_url":"https:\/\/www.loetsch.at\/wordpress_3\/","og_site_name":"Drogerie Max L\u00f6tsch 4840 V\u00f6cklabruck","article_modified_time":"2026-03-18T15:09:31+00:00","og_image":[{"width":605,"height":417,"url":"https:\/\/www.loetsch.at\/wordpress_3\/wp-content\/uploads\/2023\/06\/schild.jpg","type":"image\/jpeg"}],"twitter_card":"summary_large_image","twitter_misc":{"Gesch\u00e4tzte Lesezeit":"3\u00a0Minuten"},"schema":{"@context":"https:\/\/schema.org","@graph":[{"@type":"WebPage","@id":"https:\/\/www.loetsch.at\/wordpress_3\/","url":"https:\/\/www.loetsch.at\/wordpress_3\/","name":"F\u00fcr Gesundheit und Garten - Drogerie Max L\u00f6tsch 4840 V\u00f6cklabruck","isPartOf":{"@id":"https:\/\/www.loetsch.at\/wordpress_3\/#website"},"primaryImageOfPage":{"@id":"https:\/\/www.loetsch.at\/wordpress_3\/#primaryimage"},"image":{"@id":"https:\/\/www.loetsch.at\/wordpress_3\/#primaryimage"},"thumbnailUrl":"https:\/\/www.loetsch.at\/wordpress_3\/wp-content\/uploads\/2023\/06\/schild.jpg","datePublished":"2024-08-26T11:26:00+00:00","dateModified":"2026-03-18T15:09:31+00:00","description":"Willkommen auf unserer Seite Gesundheit und Garten. Wir laden Sie ein, herumzust\u00f6bern und Geheimnisse von Garten und K\u00f6rper zu erforschen....","breadcrumb":{"@id":"https:\/\/www.loetsch.at\/wordpress_3\/#breadcrumb"},"inLanguage":"de","potentialAction":[{"@type":"ReadAction","target":["https:\/\/www.loetsch.at\/wordpress_3\/"]}]},{"@type":"ImageObject","inLanguage":"de","@id":"https:\/\/www.loetsch.at\/wordpress_3\/#primaryimage","url":"https:\/\/www.loetsch.at\/wordpress_3\/wp-content\/uploads\/2023\/06\/schild.jpg","contentUrl":"https:\/\/www.loetsch.at\/wordpress_3\/wp-content\/uploads\/2023\/06\/schild.jpg","width":605,"height":417},{"@type":"BreadcrumbList","@id":"https:\/\/www.loetsch.at\/wordpress_3\/#breadcrumb","itemListElement":[{"@type":"ListItem","position":1,"name":"Startseite","item":"https:\/\/www.loetsch.at\/wordpress_3\/"},{"@type":"ListItem","position":2,"name":"F\u00fcr Gesundheit und Garten"}]},{"@type":"WebSite","@id":"https:\/\/www.loetsch.at\/wordpress_3\/#website","url":"https:\/\/www.loetsch.at\/wordpress_3\/","name":"Drogerie Max L\u00f6tsch 4840 V\u00f6cklabruck","description":"","potentialAction":[{"@type":"SearchAction","target":{"@type":"EntryPoint","urlTemplate":"https:\/\/www.loetsch.at\/wordpress_3\/?s={search_term_string}"},"query-input":{"@type":"PropertyValueSpecification","valueRequired":true,"valueName":"search_term_string"}}],"inLanguage":"de"}]}},"_links":{"self":[{"href":"https:\/\/www.loetsch.at\/wordpress_3\/wp-json\/wp\/v2\/pages\/543","targetHints":{"allow":["GET"]}}],"collection":[{"href":"https:\/\/www.loetsch.at\/wordpress_3\/wp-json\/wp\/v2\/pages"}],"about":[{"href":"https:\/\/www.loetsch.at\/wordpress_3\/wp-json\/wp\/v2\/types\/page"}],"author":[{"embeddable":true,"href":"https:\/\/www.loetsch.at\/wordpress_3\/wp-json\/wp\/v2\/users\/1"}],"replies":[{"embeddable":true,"href":"https:\/\/www.loetsch.at\/wordpress_3\/wp-json\/wp\/v2\/comments?post=543"}],"version-history":[{"count":578,"href":"https:\/\/www.loetsch.at\/wordpress_3\/wp-json\/wp\/v2\/pages\/543\/revisions"}],"predecessor-version":[{"id":5184,"href":"https:\/\/www.loetsch.at\/wordpress_3\/wp-json\/wp\/v2\/pages\/543\/revisions\/5184"}],"wp:featuredmedia":[{"embeddable":true,"href":"https:\/\/www.loetsch.at\/wordpress_3\/wp-json\/wp\/v2\/media\/2052"}],"wp:attachment":[{"href":"https:\/\/www.loetsch.at\/wordpress_3\/wp-json\/wp\/v2\/media?parent=543"}],"curies":[{"name":"wp","href":"https:\/\/api.w.org\/{rel}","templated":true}]}}