{"id":520,"date":"2022-03-20T10:22:11","date_gmt":"2022-03-20T10:22:11","guid":{"rendered":"https:\/\/www.loetsch.at\/wordpress_3\/?page_id=520"},"modified":"2026-03-05T13:57:26","modified_gmt":"2026-03-05T13:57:26","slug":"ungeziefermottenschabenusw","status":"publish","type":"page","link":"https:\/\/www.loetsch.at\/wordpress_3\/ungeziefermottenschabenusw\/","title":{"rendered":"Ungeziefer, Motten, Schaben usw."},"content":{"rendered":"\n<figure class=\"wp-block-image aligncenter size-full is-resized\"><img loading=\"lazy\" decoding=\"async\" width=\"994\" height=\"558\" src=\"https:\/\/www.loetsch.at\/wordpress_3\/wp-content\/uploads\/2023\/12\/bild-motten-lebensmittel-100_v-img__16__9__xl_-d31c35f8186ebeb80b0cd843a7c267a0e0c81647.jpg\" alt=\"\" class=\"wp-image-2636\" style=\"width:418px;height:314px\" srcset=\"https:\/\/www.loetsch.at\/wordpress_3\/wp-content\/uploads\/2023\/12\/bild-motten-lebensmittel-100_v-img__16__9__xl_-d31c35f8186ebeb80b0cd843a7c267a0e0c81647.jpg 994w, https:\/\/www.loetsch.at\/wordpress_3\/wp-content\/uploads\/2023\/12\/bild-motten-lebensmittel-100_v-img__16__9__xl_-d31c35f8186ebeb80b0cd843a7c267a0e0c81647-300x168.jpg 300w, https:\/\/www.loetsch.at\/wordpress_3\/wp-content\/uploads\/2023\/12\/bild-motten-lebensmittel-100_v-img__16__9__xl_-d31c35f8186ebeb80b0cd843a7c267a0e0c81647-768x431.jpg 768w\" sizes=\"auto, (max-width: 994px) 100vw, 994px\" \/><figcaption class=\"wp-element-caption\">Bildquelle: Badische Zeitung<\/figcaption><\/figure>\n\n\n<ul class=\"wp-block-latest-posts__list has-link-color alignwide wp-elements-3c874f81ad6e40882c5b5646e992decc wp-block-latest-posts has-text-color has-black-color\"><li><a class=\"wp-block-latest-posts__post-title\" href=\"https:\/\/www.loetsch.at\/wordpress_3\/aktivstaub\/\">Aktivstaub-Kieselgur<\/a><div class=\"wp-block-latest-posts__post-excerpt\">BEK\u00c4MPFT AUF NAT\u00dcRLICHE ART Nat\u00fcrliches Pulverpr\u00e4parat gegen alle Arten von vor allem kriechenden Insekten zur trockenen Anwendung. Siliziumdioxid kommt als fossile Algenablagerung von Kieselalgen, auch\u2026\u00a0<a class=\"wp-block-latest-posts__read-more\" href=\"https:\/\/www.loetsch.at\/wordpress_3\/aktivstaub\/\" rel=\"noopener noreferrer\"><span class=\"screen-reader-text\">Aktivstaub-Kieselgur <\/span>weiterlesen<\/a><\/div><\/li>\n<li><a class=\"wp-block-latest-posts__post-title\" href=\"https:\/\/www.loetsch.at\/wordpress_3\/bio-und-muelltonnenpulver\/\">Bio-und M\u00fclltonnenpulver<\/a><div class=\"wp-block-latest-posts__post-excerpt\">MIT LAVANDIN\u00d6L Gegen Eiablagen von Fliegen und Madenbildung in der M\u00fclltonne. H\u00e4lt auch l\u00e4stige Schmeis- und Stubenfliegen, K\u00e4fer und anderes Ungeziefer fern. Giftfrei. Verhindert die\u2026\u00a0<a class=\"wp-block-latest-posts__read-more\" href=\"https:\/\/www.loetsch.at\/wordpress_3\/bio-und-muelltonnenpulver\/\" rel=\"noopener noreferrer\"><span class=\"screen-reader-text\">Bio-und M\u00fclltonnenpulver <\/span>weiterlesen<\/a><\/div><\/li>\n<li><a class=\"wp-block-latest-posts__post-title\" href=\"https:\/\/www.loetsch.at\/wordpress_3\/insecticid-2000\/\">Insecticide 2000<\/a><div class=\"wp-block-latest-posts__post-excerpt\">&#8222;Insecticide 2000&#8220; im Sprayformat hat eine sofortige Wirkung gegen alle l\u00e4stigen Schadinsekten wie Gelsen, Fliegen, Wespen, Zecken, L\u00e4use, Fl\u00f6he und Ameisen. Insecticide 2000&nbsp;ist eine harmonisch\u2026\u00a0<a class=\"wp-block-latest-posts__read-more\" href=\"https:\/\/www.loetsch.at\/wordpress_3\/insecticid-2000\/\" rel=\"noopener noreferrer\"><span class=\"screen-reader-text\">Insecticide 2000 <\/span>weiterlesen<\/a><\/div><\/li>\n<li><a class=\"wp-block-latest-posts__post-title\" href=\"https:\/\/www.loetsch.at\/wordpress_3\/koederdose-gegen-schaben\/\">K\u00f6derdose gegen Schaben<\/a><div class=\"wp-block-latest-posts__post-excerpt\">Anwendung:&nbsp; K\u00f6der (anwendungsfertig) Nach dem \u00d6ffnen des versiegelten Beutels die K\u00f6derstationen in der N\u00e4he von Schabennestern oder nach M\u00f6glichkeit zwischen diesen und m\u00f6glichen Futterquellen platzieren.\u2026\u00a0<a class=\"wp-block-latest-posts__read-more\" href=\"https:\/\/www.loetsch.at\/wordpress_3\/koederdose-gegen-schaben\/\" rel=\"noopener noreferrer\"><span class=\"screen-reader-text\">K\u00f6derdose gegen Schaben <\/span>weiterlesen<\/a><\/div><\/li>\n<li><a class=\"wp-block-latest-posts__post-title\" href=\"https:\/\/www.loetsch.at\/wordpress_3\/kleidermottenfalle\/\">Kombifalle f\u00fcr Lebensmittel- und Kleidermotten<\/a><div class=\"wp-block-latest-posts__post-excerpt\">Preis: 7,50<\/div><\/li>\n<li><a class=\"wp-block-latest-posts__post-title\" href=\"https:\/\/www.loetsch.at\/wordpress_3\/lockstoff-wespe-fliege\/\">Lockstoff Wespe\/Fliege<\/a><div class=\"wp-block-latest-posts__post-excerpt\">Fl\u00fcssiges Konzentrat mit Nahrungsmittelaromen zum Anlocken von Wespen und Fliegen. Universalfalle: 12,50 Lockstoff 6,90<\/div><\/li>\n<li><a class=\"wp-block-latest-posts__post-title\" href=\"https:\/\/www.loetsch.at\/wordpress_3\/nahrungsmittelmottenfalle\/\">Nahrungsmittelmottenfalle<\/a><div class=\"wp-block-latest-posts__post-excerpt\">Zeigt m\u00f6glichen Befall durch Nahrungsmittelmotten z.B. in Mehl, M\u00fcsli, Getreideprodukten oder Trockenobst an. Preis: 11,60<\/div><\/li>\n<li><a class=\"wp-block-latest-posts__post-title\" href=\"https:\/\/www.loetsch.at\/wordpress_3\/silberfischchen-falle\/\">Silberfischchen-falle<\/a><div class=\"wp-block-latest-posts__post-excerpt\">Die Protect Home Natria Silberfischchen-Falle ist eine&nbsp;insektizidfreie Klebefalle gegen Silberfischchen und anderes kriechendes Ungeziefer&nbsp;(Ameisen, Schaben, Kellerasseln, Speckk\u00e4fer, Brot- und Mehlk\u00e4fer etc.) in Innenr\u00e4umen, besonders in\u2026\u00a0<a class=\"wp-block-latest-posts__read-more\" href=\"https:\/\/www.loetsch.at\/wordpress_3\/silberfischchen-falle\/\" rel=\"noopener noreferrer\"><span class=\"screen-reader-text\">Silberfischchen-falle <\/span>weiterlesen<\/a><\/div><\/li>\n<li><a class=\"wp-block-latest-posts__post-title\" href=\"https:\/\/www.loetsch.at\/wordpress_3\/spezial-spray\/\">Spezial Spray<\/a><div class=\"wp-block-latest-posts__post-excerpt\">Starker K.O. Effekt gegen schwer bek\u00e4mpfbares Ungeziefer! 400 ml 15,99<\/div><\/li>\n<li><a class=\"wp-block-latest-posts__post-title\" href=\"https:\/\/www.loetsch.at\/wordpress_3\/vapo-wesp-raeucherbox\/\">Vapo-Wesp R\u00e4ucherbox<\/a><div class=\"wp-block-latest-posts__post-excerpt\">Neu im Sortiment BeschreibungEin altes Hausmittel gegen l\u00e4stige Insekten beim Essen ist das Abbrennen von Kaffeepulver. Der aufsteigende Rauch signalisiert Gefahr. Die Tiere drehen instinktiv\u2026\u00a0<a class=\"wp-block-latest-posts__read-more\" href=\"https:\/\/www.loetsch.at\/wordpress_3\/vapo-wesp-raeucherbox\/\" rel=\"noopener noreferrer\"><span class=\"screen-reader-text\">Vapo-Wesp R\u00e4ucherbox <\/span>weiterlesen<\/a><\/div><\/li>\n<\/ul>","protected":false},"excerpt":{"rendered":"","protected":false},"author":1,"featured_media":0,"parent":0,"menu_order":0,"comment_status":"closed","ping_status":"closed","template":"wp-custom-template-teeneuestes","meta":{"footnotes":""},"class_list":["post-520","page","type-page","status-publish","hentry"],"yoast_head":"<!-- This site is optimized with the Yoast SEO plugin v27.4 - https:\/\/yoast.com\/product\/yoast-seo-wordpress\/ -->\n<title>Ungeziefer, Motten, Schaben usw. - Drogerie Max L\u00f6tsch 4840 V\u00f6cklabruck<\/title>\n<meta name=\"robots\" content=\"index, follow, max-snippet:-1, max-image-preview:large, max-video-preview:-1\" \/>\n<link rel=\"canonical\" href=\"https:\/\/www.loetsch.at\/wordpress_3\/ungeziefermottenschabenusw\/\" \/>\n<meta property=\"og:locale\" content=\"de_DE\" \/>\n<meta property=\"og:type\" content=\"article\" \/>\n<meta property=\"og:title\" content=\"Ungeziefer, Motten, Schaben usw. - Drogerie Max L\u00f6tsch 4840 V\u00f6cklabruck\" \/>\n<meta property=\"og:url\" content=\"https:\/\/www.loetsch.at\/wordpress_3\/ungeziefermottenschabenusw\/\" \/>\n<meta property=\"og:site_name\" content=\"Drogerie Max L\u00f6tsch 4840 V\u00f6cklabruck\" \/>\n<meta property=\"article:modified_time\" content=\"2026-03-05T13:57:26+00:00\" \/>\n<meta property=\"og:image\" content=\"https:\/\/www.loetsch.at\/wordpress_3\/wp-content\/uploads\/2023\/12\/bild-motten-lebensmittel-100_v-img__16__9__xl_-d31c35f8186ebeb80b0cd843a7c267a0e0c81647.jpg\" \/>\n\t<meta property=\"og:image:width\" content=\"994\" \/>\n\t<meta property=\"og:image:height\" content=\"558\" \/>\n\t<meta property=\"og:image:type\" content=\"image\/jpeg\" \/>\n<meta name=\"twitter:card\" content=\"summary_large_image\" \/>\n<meta name=\"twitter:label1\" content=\"Gesch\u00e4tzte Lesezeit\" \/>\n\t<meta name=\"twitter:data1\" content=\"1\u00a0Minute\" \/>\n<script type=\"application\/ld+json\" class=\"yoast-schema-graph\">{\"@context\":\"https:\\\/\\\/schema.org\",\"@graph\":[{\"@type\":\"WebPage\",\"@id\":\"https:\\\/\\\/www.loetsch.at\\\/wordpress_3\\\/ungeziefermottenschabenusw\\\/\",\"url\":\"https:\\\/\\\/www.loetsch.at\\\/wordpress_3\\\/ungeziefermottenschabenusw\\\/\",\"name\":\"Ungeziefer, Motten, Schaben usw. - Drogerie Max L\u00f6tsch 4840 V\u00f6cklabruck\",\"isPartOf\":{\"@id\":\"https:\\\/\\\/www.loetsch.at\\\/wordpress_3\\\/#website\"},\"primaryImageOfPage\":{\"@id\":\"https:\\\/\\\/www.loetsch.at\\\/wordpress_3\\\/ungeziefermottenschabenusw\\\/#primaryimage\"},\"image\":{\"@id\":\"https:\\\/\\\/www.loetsch.at\\\/wordpress_3\\\/ungeziefermottenschabenusw\\\/#primaryimage\"},\"thumbnailUrl\":\"https:\\\/\\\/www.loetsch.at\\\/wordpress_3\\\/wp-content\\\/uploads\\\/2023\\\/12\\\/bild-motten-lebensmittel-100_v-img__16__9__xl_-d31c35f8186ebeb80b0cd843a7c267a0e0c81647.jpg\",\"datePublished\":\"2022-03-20T10:22:11+00:00\",\"dateModified\":\"2026-03-05T13:57:26+00:00\",\"breadcrumb\":{\"@id\":\"https:\\\/\\\/www.loetsch.at\\\/wordpress_3\\\/ungeziefermottenschabenusw\\\/#breadcrumb\"},\"inLanguage\":\"de\",\"potentialAction\":[{\"@type\":\"ReadAction\",\"target\":[\"https:\\\/\\\/www.loetsch.at\\\/wordpress_3\\\/ungeziefermottenschabenusw\\\/\"]}]},{\"@type\":\"ImageObject\",\"inLanguage\":\"de\",\"@id\":\"https:\\\/\\\/www.loetsch.at\\\/wordpress_3\\\/ungeziefermottenschabenusw\\\/#primaryimage\",\"url\":\"https:\\\/\\\/www.loetsch.at\\\/wordpress_3\\\/wp-content\\\/uploads\\\/2023\\\/12\\\/bild-motten-lebensmittel-100_v-img__16__9__xl_-d31c35f8186ebeb80b0cd843a7c267a0e0c81647.jpg\",\"contentUrl\":\"https:\\\/\\\/www.loetsch.at\\\/wordpress_3\\\/wp-content\\\/uploads\\\/2023\\\/12\\\/bild-motten-lebensmittel-100_v-img__16__9__xl_-d31c35f8186ebeb80b0cd843a7c267a0e0c81647.jpg\",\"width\":994,\"height\":558},{\"@type\":\"BreadcrumbList\",\"@id\":\"https:\\\/\\\/www.loetsch.at\\\/wordpress_3\\\/ungeziefermottenschabenusw\\\/#breadcrumb\",\"itemListElement\":[{\"@type\":\"ListItem\",\"position\":1,\"name\":\"Startseite\",\"item\":\"https:\\\/\\\/www.loetsch.at\\\/wordpress_3\\\/\"},{\"@type\":\"ListItem\",\"position\":2,\"name\":\"Ungeziefer, Motten, Schaben usw.\"}]},{\"@type\":\"WebSite\",\"@id\":\"https:\\\/\\\/www.loetsch.at\\\/wordpress_3\\\/#website\",\"url\":\"https:\\\/\\\/www.loetsch.at\\\/wordpress_3\\\/\",\"name\":\"Drogerie Max L\u00f6tsch 4840 V\u00f6cklabruck\",\"description\":\"\",\"potentialAction\":[{\"@type\":\"SearchAction\",\"target\":{\"@type\":\"EntryPoint\",\"urlTemplate\":\"https:\\\/\\\/www.loetsch.at\\\/wordpress_3\\\/?s={search_term_string}\"},\"query-input\":{\"@type\":\"PropertyValueSpecification\",\"valueRequired\":true,\"valueName\":\"search_term_string\"}}],\"inLanguage\":\"de\"}]}<\/script>\n<!-- \/ Yoast SEO plugin. -->","yoast_head_json":{"title":"Ungeziefer, Motten, Schaben usw. - Drogerie Max L\u00f6tsch 4840 V\u00f6cklabruck","robots":{"index":"index","follow":"follow","max-snippet":"max-snippet:-1","max-image-preview":"max-image-preview:large","max-video-preview":"max-video-preview:-1"},"canonical":"https:\/\/www.loetsch.at\/wordpress_3\/ungeziefermottenschabenusw\/","og_locale":"de_DE","og_type":"article","og_title":"Ungeziefer, Motten, Schaben usw. - Drogerie Max L\u00f6tsch 4840 V\u00f6cklabruck","og_url":"https:\/\/www.loetsch.at\/wordpress_3\/ungeziefermottenschabenusw\/","og_site_name":"Drogerie Max L\u00f6tsch 4840 V\u00f6cklabruck","article_modified_time":"2026-03-05T13:57:26+00:00","og_image":[{"width":994,"height":558,"url":"https:\/\/www.loetsch.at\/wordpress_3\/wp-content\/uploads\/2023\/12\/bild-motten-lebensmittel-100_v-img__16__9__xl_-d31c35f8186ebeb80b0cd843a7c267a0e0c81647.jpg","type":"image\/jpeg"}],"twitter_card":"summary_large_image","twitter_misc":{"Gesch\u00e4tzte Lesezeit":"1\u00a0Minute"},"schema":{"@context":"https:\/\/schema.org","@graph":[{"@type":"WebPage","@id":"https:\/\/www.loetsch.at\/wordpress_3\/ungeziefermottenschabenusw\/","url":"https:\/\/www.loetsch.at\/wordpress_3\/ungeziefermottenschabenusw\/","name":"Ungeziefer, Motten, Schaben usw. - Drogerie Max L\u00f6tsch 4840 V\u00f6cklabruck","isPartOf":{"@id":"https:\/\/www.loetsch.at\/wordpress_3\/#website"},"primaryImageOfPage":{"@id":"https:\/\/www.loetsch.at\/wordpress_3\/ungeziefermottenschabenusw\/#primaryimage"},"image":{"@id":"https:\/\/www.loetsch.at\/wordpress_3\/ungeziefermottenschabenusw\/#primaryimage"},"thumbnailUrl":"https:\/\/www.loetsch.at\/wordpress_3\/wp-content\/uploads\/2023\/12\/bild-motten-lebensmittel-100_v-img__16__9__xl_-d31c35f8186ebeb80b0cd843a7c267a0e0c81647.jpg","datePublished":"2022-03-20T10:22:11+00:00","dateModified":"2026-03-05T13:57:26+00:00","breadcrumb":{"@id":"https:\/\/www.loetsch.at\/wordpress_3\/ungeziefermottenschabenusw\/#breadcrumb"},"inLanguage":"de","potentialAction":[{"@type":"ReadAction","target":["https:\/\/www.loetsch.at\/wordpress_3\/ungeziefermottenschabenusw\/"]}]},{"@type":"ImageObject","inLanguage":"de","@id":"https:\/\/www.loetsch.at\/wordpress_3\/ungeziefermottenschabenusw\/#primaryimage","url":"https:\/\/www.loetsch.at\/wordpress_3\/wp-content\/uploads\/2023\/12\/bild-motten-lebensmittel-100_v-img__16__9__xl_-d31c35f8186ebeb80b0cd843a7c267a0e0c81647.jpg","contentUrl":"https:\/\/www.loetsch.at\/wordpress_3\/wp-content\/uploads\/2023\/12\/bild-motten-lebensmittel-100_v-img__16__9__xl_-d31c35f8186ebeb80b0cd843a7c267a0e0c81647.jpg","width":994,"height":558},{"@type":"BreadcrumbList","@id":"https:\/\/www.loetsch.at\/wordpress_3\/ungeziefermottenschabenusw\/#breadcrumb","itemListElement":[{"@type":"ListItem","position":1,"name":"Startseite","item":"https:\/\/www.loetsch.at\/wordpress_3\/"},{"@type":"ListItem","position":2,"name":"Ungeziefer, Motten, Schaben usw."}]},{"@type":"WebSite","@id":"https:\/\/www.loetsch.at\/wordpress_3\/#website","url":"https:\/\/www.loetsch.at\/wordpress_3\/","name":"Drogerie Max L\u00f6tsch 4840 V\u00f6cklabruck","description":"","potentialAction":[{"@type":"SearchAction","target":{"@type":"EntryPoint","urlTemplate":"https:\/\/www.loetsch.at\/wordpress_3\/?s={search_term_string}"},"query-input":{"@type":"PropertyValueSpecification","valueRequired":true,"valueName":"search_term_string"}}],"inLanguage":"de"}]}},"_links":{"self":[{"href":"https:\/\/www.loetsch.at\/wordpress_3\/wp-json\/wp\/v2\/pages\/520","targetHints":{"allow":["GET"]}}],"collection":[{"href":"https:\/\/www.loetsch.at\/wordpress_3\/wp-json\/wp\/v2\/pages"}],"about":[{"href":"https:\/\/www.loetsch.at\/wordpress_3\/wp-json\/wp\/v2\/types\/page"}],"author":[{"embeddable":true,"href":"https:\/\/www.loetsch.at\/wordpress_3\/wp-json\/wp\/v2\/users\/1"}],"replies":[{"embeddable":true,"href":"https:\/\/www.loetsch.at\/wordpress_3\/wp-json\/wp\/v2\/comments?post=520"}],"version-history":[{"count":28,"href":"https:\/\/www.loetsch.at\/wordpress_3\/wp-json\/wp\/v2\/pages\/520\/revisions"}],"predecessor-version":[{"id":2822,"href":"https:\/\/www.loetsch.at\/wordpress_3\/wp-json\/wp\/v2\/pages\/520\/revisions\/2822"}],"wp:attachment":[{"href":"https:\/\/www.loetsch.at\/wordpress_3\/wp-json\/wp\/v2\/media?parent=520"}],"curies":[{"name":"wp","href":"https:\/\/api.w.org\/{rel}","templated":true}]}}