{"id":4503,"date":"2025-03-04T17:09:52","date_gmt":"2025-03-04T17:09:52","guid":{"rendered":"https:\/\/www.loetsch.at\/wordpress_3\/?page_id=4503"},"modified":"2025-03-05T08:51:53","modified_gmt":"2025-03-05T08:51:53","slug":"apfelbaum-pflege","status":"publish","type":"page","link":"https:\/\/www.loetsch.at\/wordpress_3\/apfelbaum-pflege\/","title":{"rendered":"Apfelbaum-pflege"},"content":{"rendered":"\n<p class=\"has-text-align-center has-large-font-size\"><strong>Die To-do-Liste zur Apfelbaumpflege<\/strong><\/p>\n\n\n\n<figure class=\"wp-block-image aligncenter size-full is-resized\"><img decoding=\"async\" src=\"https:\/\/www.loetsch.at\/wordpress_3\/wp-content\/uploads\/2025\/03\/apfel.jpg\" alt=\"\" class=\"wp-image-4518\" style=\"width:159px;height:auto\"\/><\/figure>\n\n\n\n<p class=\"has-black-color has-luminous-vivid-orange-background-color has-text-color has-background has-link-color wp-elements-af6949c193a82481c41261dd14ec0adb\"><strong>D\u00fcngen, Pflanze st\u00e4rken<\/strong><\/p>\n\n\n\n<p class=\"has-black-color has-luminous-vivid-orange-background-color has-text-color has-background has-link-color wp-elements-c22f1ed0154a762ff6857a47901cc923\"><strong>Leimbarrieren anbringen<\/strong><\/p>\n\n\n\n<p class=\"has-black-color has-luminous-vivid-orange-background-color has-text-color has-background has-link-color wp-elements-34db6de6ed3a246da57ad6fbcff6fae4\"><strong>Ameisen bek\u00e4mpfen<\/strong><\/p>\n\n\n\n<p class=\"has-black-color has-luminous-vivid-orange-background-color has-text-color has-background has-link-color wp-elements-2b94faabfd4f721619ec7779da076a02\"><strong>Spritzbehandlung gegen den Apfelwickler<\/strong><\/p>\n\n\n\n<p class=\"has-black-color has-luminous-vivid-orange-background-color has-text-color has-background has-link-color wp-elements-29bd5e5a3ec6174da3681f4c8a4f1fdb\"><strong>Leimanstrich gegen Sonnenbrand<\/strong><\/p>\n\n\n\n<p class=\"has-black-color has-luminous-vivid-orange-background-color has-text-color has-background has-link-color wp-elements-87a0b9cd08162a1966f78738288ae6be\"><strong>Nematoden gegen Apfelwickler (Herbst)<\/strong><\/p>\n\n\n\n<p class=\"has-black-color has-luminous-vivid-orange-background-color has-text-color has-background has-link-color wp-elements-1a9e489af76da770e3ed5e56b154ca85\"><strong>Pilzkrankheiten bek\u00e4mpfen<\/strong><\/p>\n\n\n\n<p class=\"has-black-color has-luminous-vivid-orange-background-color has-text-color has-background has-link-color wp-elements-7cc6d8ac75f2f52c8e0696ce19a3dd16\"><strong>Baumst\u00e4mme von j\u00fcngeren B\u00e4umen abb\u00fcrsten<\/strong><\/p>\n\n\n\n<p class=\"has-black-color has-luminous-vivid-orange-background-color has-text-color has-background has-link-color wp-elements-93dee7477c756f7a1aa5d1e33dc207a9\"><strong>Leimanstrich gegen Frostsch\u00e4den auftragen<\/strong><\/p>\n\n\n\n<h2 class=\"wp-block-heading alignfull has-text-align-center has-cyan-bluish-gray-background-color has-background has-large-font-size\">Zur St\u00e4rkung im <strong>Fr\u00fchjahr:<\/strong><\/h2>\n\n\n\n<h2 class=\"wp-block-heading alignfull has-luminous-vivid-orange-background-color has-background has-large-font-size\">Baum <strong>d\u00fcngen<\/strong> (Kompost, Gartend\u00fcnger) und <strong>Pflanzen st\u00e4rken<\/strong> mit Spritz- und Gie\u00dfanwendung zB. Brennesselsud<\/h2>\n\n\n\n<figure class=\"wp-block-image aligncenter size-full is-resized\"><a href=\"https:\/\/www.loetsch.at\/wordpress_3\/brennessel-und-schachtelhalmsud\/\"><img loading=\"lazy\" decoding=\"async\" width=\"415\" height=\"415\" src=\"https:\/\/www.loetsch.at\/wordpress_3\/wp-content\/uploads\/2025\/03\/380220_1-3.jpg\" alt=\"\" class=\"wp-image-4509\" style=\"width:258px;height:auto\" srcset=\"https:\/\/www.loetsch.at\/wordpress_3\/wp-content\/uploads\/2025\/03\/380220_1-3.jpg 415w, https:\/\/www.loetsch.at\/wordpress_3\/wp-content\/uploads\/2025\/03\/380220_1-3-300x300.jpg 300w, https:\/\/www.loetsch.at\/wordpress_3\/wp-content\/uploads\/2025\/03\/380220_1-3-150x150.jpg 150w\" sizes=\"auto, (max-width: 415px) 100vw, 415px\" \/><\/a><\/figure>\n\n\n\n<h2 class=\"wp-block-heading has-text-align-center has-large-font-size\">gegen <strong>tierische Sch\u00e4dlinge:<\/strong><\/h2>\n\n\n\n<h2 class=\"wp-block-heading alignfull has-luminous-vivid-orange-background-color has-background has-large-font-size\"><strong>Februar\/M\u00e4rz:<\/strong> <strong>Leimbarriere\/Leimring<\/strong> anbringen ! Apfelwicklerlarven \u00fcberwintern in der Borke und&nbsp; kriechen im Fr\u00fchjahr den Stamm hinauf; ebenso Frostspanner; eine Leimbarriere kann das verhindern;<\/h2>\n\n\n\n<figure class=\"wp-block-image aligncenter size-full is-resized\"><a href=\"https:\/\/www.loetsch.at\/wordpress_3\/leimbarrieren-warum\/\"><img loading=\"lazy\" decoding=\"async\" width=\"236\" height=\"531\" src=\"https:\/\/www.loetsch.at\/wordpress_3\/wp-content\/uploads\/2025\/03\/leimring-1.jpg\" alt=\"\" class=\"wp-image-4514\" style=\"width:183px;height:auto\" srcset=\"https:\/\/www.loetsch.at\/wordpress_3\/wp-content\/uploads\/2025\/03\/leimring-1.jpg 236w, https:\/\/www.loetsch.at\/wordpress_3\/wp-content\/uploads\/2025\/03\/leimring-1-133x300.jpg 133w\" sizes=\"auto, (max-width: 236px) 100vw, 236px\" \/><\/a><\/figure>\n\n\n\n<h2 class=\"wp-block-heading alignfull has-luminous-vivid-orange-background-color has-background has-large-font-size\"><strong><a href=\"https:\/\/www.loetsch.at\/wordpress_3\/ameisen-streu-und-giessmittel\/\">Ameisen bek\u00e4mpfen!<\/a><\/strong> Ameisen tragen die Sch\u00e4dlinge (L\u00e4use, Pilzsporen, etc) bis in die Baumspitze (Streumittel, Leimbarriere, Leimring, )<\/h2>\n\n\n\n<h2 class=\"wp-block-heading alignfull has-luminous-vivid-orange-background-color has-background has-large-font-size\"><strong>April\/Mai<\/strong>: anbringen von Pheromonfallen zur Befalls\u00fcberwachung (=Monitoring; dient nicht der unmittelbaren Bek\u00e4mpfung). Wenn mehr als 5&nbsp; Falter pro Woche und Falle gefangen werden, sollten 2 \u2013 6 Spritzungen im Abstand von 8 \u2013 10 Sonnentagen durchf\u00fchrt werden. Verwenden Sie <strong>Madex\u00ae Apfelwicklerfrei<\/strong> zur nat\u00fcrlichen Bek\u00e4mpfung von Apfelwicklern!<\/h2>\n\n\n\n<figure class=\"wp-block-image aligncenter size-full is-resized\"><a href=\"https:\/\/www.loetsch.at\/wordpress_3\/?s=madex\"><img loading=\"lazy\" decoding=\"async\" width=\"1024\" height=\"683\" src=\"https:\/\/www.loetsch.at\/wordpress_3\/wp-content\/uploads\/2025\/03\/AR_30161_0-1024x683-1.jpg\" alt=\"\" class=\"wp-image-4510\" style=\"width:419px;height:auto\" srcset=\"https:\/\/www.loetsch.at\/wordpress_3\/wp-content\/uploads\/2025\/03\/AR_30161_0-1024x683-1.jpg 1024w, https:\/\/www.loetsch.at\/wordpress_3\/wp-content\/uploads\/2025\/03\/AR_30161_0-1024x683-1-300x200.jpg 300w, https:\/\/www.loetsch.at\/wordpress_3\/wp-content\/uploads\/2025\/03\/AR_30161_0-1024x683-1-768x512.jpg 768w\" sizes=\"auto, (max-width: 1024px) 100vw, 1024px\" \/><\/a><\/figure>\n\n\n\n<h2 class=\"wp-block-heading has-text-align-center has-large-font-size\"><strong>Pilzkrankheiten:<\/strong><\/h2>\n\n\n\n<h2 class=\"wp-block-heading alignfull has-black-color has-vivid-green-cyan-background-color has-text-color has-background has-link-color has-large-font-size wp-elements-1f8dd80d7a4be821bda5f4fee6f1dd76\">Bei Befall: <a href=\"https:\/\/www.loetsch.at\/wordpress_3\/grundstoff-natriumhydrogencarbonat\/\">Natriumhydrogenkarbonat:<\/a><a href=\"Natriumhydrogenkarbonat: \"> <\/a><strong>Bl\u00e4tter einspr\u00fchen, vorbeugend oder bei Befall<\/strong>; \u00f6fter Spritzen!<\/h2>\n\n\n\n<h2 class=\"wp-block-heading alignfull has-black-color has-vivid-green-cyan-background-color has-text-color has-background has-link-color has-large-font-size wp-elements-0f5aaa0d995acbfd7bcdea2557f45c25\">bei beginnendem Befall: Haftkupfer<\/h2>\n\n\n\n<figure class=\"wp-block-image aligncenter size-full is-resized\"><a href=\"https:\/\/www.loetsch.at\/wordpress_3\/cuprofor-flow\/\"><img loading=\"lazy\" decoding=\"async\" width=\"336\" height=\"552\" src=\"https:\/\/www.loetsch.at\/wordpress_3\/wp-content\/uploads\/2025\/03\/A031890_Produktbild-jpgweb-jpg_600x600-e1650543576618-1.jpg\" alt=\"\" class=\"wp-image-4512\" style=\"width:211px;height:auto\" srcset=\"https:\/\/www.loetsch.at\/wordpress_3\/wp-content\/uploads\/2025\/03\/A031890_Produktbild-jpgweb-jpg_600x600-e1650543576618-1.jpg 336w, https:\/\/www.loetsch.at\/wordpress_3\/wp-content\/uploads\/2025\/03\/A031890_Produktbild-jpgweb-jpg_600x600-e1650543576618-1-183x300.jpg 183w\" sizes=\"auto, (max-width: 336px) 100vw, 336px\" \/><\/a><\/figure>\n\n\n\n<h2 class=\"wp-block-heading alignfull has-black-color has-vivid-green-cyan-background-color has-text-color has-background has-link-color has-large-font-size wp-elements-c5baa8ccfaf2fea6e7e53eb72d4fd745\">Systemische Mittel erst anwenden, wenn Bl\u00e4tter sichtbar<\/h2>\n\n\n\n<p class=\"has-text-align-center has-large-font-size\"><strong>Im Sommer:<\/strong><\/p>\n\n\n\n<h2 class=\"wp-block-heading alignfull has-luminous-vivid-amber-background-color has-background has-large-font-size\">Bei starker Sonnenbestrahlung einen Baumanstrich auftragen, um Sonnenbrand zu verhindern.<\/h2>\n\n\n\n<figure class=\"wp-block-image aligncenter size-full is-resized\"><a href=\"https:\/\/www.loetsch.at\/wordpress_3\/solabiol-baumanstrich\/\"><img loading=\"lazy\" decoding=\"async\" width=\"298\" height=\"600\" src=\"https:\/\/www.loetsch.at\/wordpress_3\/wp-content\/uploads\/2025\/03\/A030048_Solabiol_Baum_Anstrich_L_600x600-1.png\" alt=\"\" class=\"wp-image-4529\" style=\"width:172px;height:auto\" srcset=\"https:\/\/www.loetsch.at\/wordpress_3\/wp-content\/uploads\/2025\/03\/A030048_Solabiol_Baum_Anstrich_L_600x600-1.png 298w, https:\/\/www.loetsch.at\/wordpress_3\/wp-content\/uploads\/2025\/03\/A030048_Solabiol_Baum_Anstrich_L_600x600-1-149x300.png 149w\" sizes=\"auto, (max-width: 298px) 100vw, 298px\" \/><\/a><\/figure>\n\n\n\n<p class=\"has-text-align-center has-large-font-size\"><strong>Im Herbst:<\/strong><\/p>\n\n\n\n<h2 class=\"wp-block-heading alignfull has-pale-pink-background-color has-background has-large-font-size\">September -Dezember (Temperatur sollte einige Stunden nach der Behandlung \u00fcber 10\u00b0C liegen): Nematoden gegen Apfelwicklerlarven ausbringen, um Stamm und Boden unterm Baum behandeln.<\/h2>\n\n\n\n<figure class=\"wp-block-image aligncenter size-full is-resized\"><a href=\"https:\/\/www.loetsch.at\/wordpress_3\/neamtoden-gegen-ueberwinternde-apfelwicklerlarven\/\"><img loading=\"lazy\" decoding=\"async\" width=\"1024\" height=\"1024\" src=\"https:\/\/www.loetsch.at\/wordpress_3\/wp-content\/uploads\/2025\/03\/apfelwickler-1024x1024-1.jpg\" alt=\"\" class=\"wp-image-4524\" style=\"width:309px;height:auto\" srcset=\"https:\/\/www.loetsch.at\/wordpress_3\/wp-content\/uploads\/2025\/03\/apfelwickler-1024x1024-1.jpg 1024w, https:\/\/www.loetsch.at\/wordpress_3\/wp-content\/uploads\/2025\/03\/apfelwickler-1024x1024-1-300x300.jpg 300w, https:\/\/www.loetsch.at\/wordpress_3\/wp-content\/uploads\/2025\/03\/apfelwickler-1024x1024-1-150x150.jpg 150w, https:\/\/www.loetsch.at\/wordpress_3\/wp-content\/uploads\/2025\/03\/apfelwickler-1024x1024-1-768x768.jpg 768w\" sizes=\"auto, (max-width: 1024px) 100vw, 1024px\" \/><\/a><\/figure>\n\n\n\n<h2 class=\"wp-block-heading alignfull has-pale-pink-background-color has-background has-large-font-size\">Befallene \u00c4pfel immer entsorgen, nicht liegen lassen<\/h2>\n\n\n\n<h2 class=\"wp-block-heading alignfull has-pale-pink-background-color has-background has-large-font-size\">Im Sp\u00e4therbst die St\u00e4mme von j\u00fcngeren B\u00e4umen abb\u00fcrsten und mit einem Stammanstrich bestreichen. An den sauberen St\u00e4mmen finden die Raupen keinen Unterschlupf.<\/h2>\n\n\n\n<p class=\"has-text-align-left has-large-font-size\"><strong>by Thomas Jerabek und Veronika Jerabek-L\u00f6tsch<\/strong><\/p>\n","protected":false},"excerpt":{"rendered":"<p>Die To-do-Liste zur Apfelbaumpflege D\u00fcngen, Pflanze st\u00e4rken Leimbarrieren anbringen Ameisen bek\u00e4mpfen Spritzbehandlung gegen den Apfelwickler Leimanstrich gegen Sonnenbrand Nematoden gegen Apfelwickler (Herbst) Pilzkrankheiten bek\u00e4mpfen Baumst\u00e4mme von j\u00fcngeren B\u00e4umen abb\u00fcrsten Leimanstrich gegen Frostsch\u00e4den auftragen Zur St\u00e4rkung im Fr\u00fchjahr: Baum d\u00fcngen (Kompost, Gartend\u00fcnger) und Pflanzen st\u00e4rken mit Spritz- und Gie\u00dfanwendung zB. Brennesselsud gegen tierische Sch\u00e4dlinge: Februar\/M\u00e4rz: Leimbarriere\/Leimring [&hellip;]<\/p>\n","protected":false},"author":1,"featured_media":4518,"parent":0,"menu_order":0,"comment_status":"closed","ping_status":"closed","template":"","meta":{"footnotes":""},"class_list":["post-4503","page","type-page","status-publish","has-post-thumbnail","hentry"],"yoast_head":"<!-- This site is optimized with the Yoast SEO plugin v27.5 - https:\/\/yoast.com\/product\/yoast-seo-wordpress\/ -->\n<title>Apfelbaum-pflege - Drogerie Max L\u00f6tsch 4840 V\u00f6cklabruck<\/title>\n<meta name=\"description\" content=\"Informationen zur richtigen Apfelbaumpflege \u00fcbers Jahr\" \/>\n<meta name=\"robots\" content=\"index, follow, max-snippet:-1, max-image-preview:large, max-video-preview:-1\" \/>\n<link rel=\"canonical\" href=\"https:\/\/www.loetsch.at\/wordpress_3\/apfelbaum-pflege\/\" \/>\n<meta property=\"og:locale\" content=\"de_DE\" \/>\n<meta property=\"og:type\" content=\"article\" \/>\n<meta property=\"og:title\" content=\"Apfelbaum-pflege - Drogerie Max L\u00f6tsch 4840 V\u00f6cklabruck\" \/>\n<meta property=\"og:description\" content=\"Informationen zur richtigen Apfelbaumpflege \u00fcbers Jahr\" \/>\n<meta property=\"og:url\" content=\"https:\/\/www.loetsch.at\/wordpress_3\/apfelbaum-pflege\/\" \/>\n<meta property=\"og:site_name\" content=\"Drogerie Max L\u00f6tsch 4840 V\u00f6cklabruck\" \/>\n<meta property=\"article:modified_time\" content=\"2025-03-05T08:51:53+00:00\" \/>\n<meta property=\"og:image\" content=\"https:\/\/www.loetsch.at\/wordpress_3\/wp-content\/uploads\/2025\/03\/apfel-e1741164358324.jpg\" \/>\n\t<meta property=\"og:image:width\" content=\"350\" \/>\n\t<meta property=\"og:image:height\" content=\"362\" \/>\n\t<meta property=\"og:image:type\" content=\"image\/jpeg\" \/>\n<meta name=\"twitter:card\" content=\"summary_large_image\" \/>\n<meta name=\"twitter:label1\" content=\"Gesch\u00e4tzte Lesezeit\" \/>\n\t<meta name=\"twitter:data1\" content=\"3\u00a0Minuten\" \/>\n<script type=\"application\/ld+json\" class=\"yoast-schema-graph\">{\"@context\":\"https:\\\/\\\/schema.org\",\"@graph\":[{\"@type\":\"WebPage\",\"@id\":\"https:\\\/\\\/www.loetsch.at\\\/wordpress_3\\\/apfelbaum-pflege\\\/\",\"url\":\"https:\\\/\\\/www.loetsch.at\\\/wordpress_3\\\/apfelbaum-pflege\\\/\",\"name\":\"Apfelbaum-pflege - Drogerie Max L\u00f6tsch 4840 V\u00f6cklabruck\",\"isPartOf\":{\"@id\":\"https:\\\/\\\/www.loetsch.at\\\/wordpress_3\\\/#website\"},\"primaryImageOfPage\":{\"@id\":\"https:\\\/\\\/www.loetsch.at\\\/wordpress_3\\\/apfelbaum-pflege\\\/#primaryimage\"},\"image\":{\"@id\":\"https:\\\/\\\/www.loetsch.at\\\/wordpress_3\\\/apfelbaum-pflege\\\/#primaryimage\"},\"thumbnailUrl\":\"https:\\\/\\\/www.loetsch.at\\\/wordpress_3\\\/wp-content\\\/uploads\\\/2025\\\/03\\\/apfel-e1741164358324.jpg\",\"datePublished\":\"2025-03-04T17:09:52+00:00\",\"dateModified\":\"2025-03-05T08:51:53+00:00\",\"description\":\"Informationen zur richtigen Apfelbaumpflege \u00fcbers Jahr\",\"breadcrumb\":{\"@id\":\"https:\\\/\\\/www.loetsch.at\\\/wordpress_3\\\/apfelbaum-pflege\\\/#breadcrumb\"},\"inLanguage\":\"de\",\"potentialAction\":[{\"@type\":\"ReadAction\",\"target\":[\"https:\\\/\\\/www.loetsch.at\\\/wordpress_3\\\/apfelbaum-pflege\\\/\"]}]},{\"@type\":\"ImageObject\",\"inLanguage\":\"de\",\"@id\":\"https:\\\/\\\/www.loetsch.at\\\/wordpress_3\\\/apfelbaum-pflege\\\/#primaryimage\",\"url\":\"https:\\\/\\\/www.loetsch.at\\\/wordpress_3\\\/wp-content\\\/uploads\\\/2025\\\/03\\\/apfel-e1741164358324.jpg\",\"contentUrl\":\"https:\\\/\\\/www.loetsch.at\\\/wordpress_3\\\/wp-content\\\/uploads\\\/2025\\\/03\\\/apfel-e1741164358324.jpg\",\"width\":350,\"height\":362},{\"@type\":\"BreadcrumbList\",\"@id\":\"https:\\\/\\\/www.loetsch.at\\\/wordpress_3\\\/apfelbaum-pflege\\\/#breadcrumb\",\"itemListElement\":[{\"@type\":\"ListItem\",\"position\":1,\"name\":\"Startseite\",\"item\":\"https:\\\/\\\/www.loetsch.at\\\/wordpress_3\\\/\"},{\"@type\":\"ListItem\",\"position\":2,\"name\":\"Apfelbaum-pflege\"}]},{\"@type\":\"WebSite\",\"@id\":\"https:\\\/\\\/www.loetsch.at\\\/wordpress_3\\\/#website\",\"url\":\"https:\\\/\\\/www.loetsch.at\\\/wordpress_3\\\/\",\"name\":\"Drogerie Max L\u00f6tsch 4840 V\u00f6cklabruck\",\"description\":\"\",\"potentialAction\":[{\"@type\":\"SearchAction\",\"target\":{\"@type\":\"EntryPoint\",\"urlTemplate\":\"https:\\\/\\\/www.loetsch.at\\\/wordpress_3\\\/?s={search_term_string}\"},\"query-input\":{\"@type\":\"PropertyValueSpecification\",\"valueRequired\":true,\"valueName\":\"search_term_string\"}}],\"inLanguage\":\"de\"}]}<\/script>\n<!-- \/ Yoast SEO plugin. -->","yoast_head_json":{"title":"Apfelbaum-pflege - Drogerie Max L\u00f6tsch 4840 V\u00f6cklabruck","description":"Informationen zur richtigen Apfelbaumpflege \u00fcbers Jahr","robots":{"index":"index","follow":"follow","max-snippet":"max-snippet:-1","max-image-preview":"max-image-preview:large","max-video-preview":"max-video-preview:-1"},"canonical":"https:\/\/www.loetsch.at\/wordpress_3\/apfelbaum-pflege\/","og_locale":"de_DE","og_type":"article","og_title":"Apfelbaum-pflege - Drogerie Max L\u00f6tsch 4840 V\u00f6cklabruck","og_description":"Informationen zur richtigen Apfelbaumpflege \u00fcbers Jahr","og_url":"https:\/\/www.loetsch.at\/wordpress_3\/apfelbaum-pflege\/","og_site_name":"Drogerie Max L\u00f6tsch 4840 V\u00f6cklabruck","article_modified_time":"2025-03-05T08:51:53+00:00","og_image":[{"width":350,"height":362,"url":"https:\/\/www.loetsch.at\/wordpress_3\/wp-content\/uploads\/2025\/03\/apfel-e1741164358324.jpg","type":"image\/jpeg"}],"twitter_card":"summary_large_image","twitter_misc":{"Gesch\u00e4tzte Lesezeit":"3\u00a0Minuten"},"schema":{"@context":"https:\/\/schema.org","@graph":[{"@type":"WebPage","@id":"https:\/\/www.loetsch.at\/wordpress_3\/apfelbaum-pflege\/","url":"https:\/\/www.loetsch.at\/wordpress_3\/apfelbaum-pflege\/","name":"Apfelbaum-pflege - Drogerie Max L\u00f6tsch 4840 V\u00f6cklabruck","isPartOf":{"@id":"https:\/\/www.loetsch.at\/wordpress_3\/#website"},"primaryImageOfPage":{"@id":"https:\/\/www.loetsch.at\/wordpress_3\/apfelbaum-pflege\/#primaryimage"},"image":{"@id":"https:\/\/www.loetsch.at\/wordpress_3\/apfelbaum-pflege\/#primaryimage"},"thumbnailUrl":"https:\/\/www.loetsch.at\/wordpress_3\/wp-content\/uploads\/2025\/03\/apfel-e1741164358324.jpg","datePublished":"2025-03-04T17:09:52+00:00","dateModified":"2025-03-05T08:51:53+00:00","description":"Informationen zur richtigen Apfelbaumpflege \u00fcbers Jahr","breadcrumb":{"@id":"https:\/\/www.loetsch.at\/wordpress_3\/apfelbaum-pflege\/#breadcrumb"},"inLanguage":"de","potentialAction":[{"@type":"ReadAction","target":["https:\/\/www.loetsch.at\/wordpress_3\/apfelbaum-pflege\/"]}]},{"@type":"ImageObject","inLanguage":"de","@id":"https:\/\/www.loetsch.at\/wordpress_3\/apfelbaum-pflege\/#primaryimage","url":"https:\/\/www.loetsch.at\/wordpress_3\/wp-content\/uploads\/2025\/03\/apfel-e1741164358324.jpg","contentUrl":"https:\/\/www.loetsch.at\/wordpress_3\/wp-content\/uploads\/2025\/03\/apfel-e1741164358324.jpg","width":350,"height":362},{"@type":"BreadcrumbList","@id":"https:\/\/www.loetsch.at\/wordpress_3\/apfelbaum-pflege\/#breadcrumb","itemListElement":[{"@type":"ListItem","position":1,"name":"Startseite","item":"https:\/\/www.loetsch.at\/wordpress_3\/"},{"@type":"ListItem","position":2,"name":"Apfelbaum-pflege"}]},{"@type":"WebSite","@id":"https:\/\/www.loetsch.at\/wordpress_3\/#website","url":"https:\/\/www.loetsch.at\/wordpress_3\/","name":"Drogerie Max L\u00f6tsch 4840 V\u00f6cklabruck","description":"","potentialAction":[{"@type":"SearchAction","target":{"@type":"EntryPoint","urlTemplate":"https:\/\/www.loetsch.at\/wordpress_3\/?s={search_term_string}"},"query-input":{"@type":"PropertyValueSpecification","valueRequired":true,"valueName":"search_term_string"}}],"inLanguage":"de"}]}},"_links":{"self":[{"href":"https:\/\/www.loetsch.at\/wordpress_3\/wp-json\/wp\/v2\/pages\/4503","targetHints":{"allow":["GET"]}}],"collection":[{"href":"https:\/\/www.loetsch.at\/wordpress_3\/wp-json\/wp\/v2\/pages"}],"about":[{"href":"https:\/\/www.loetsch.at\/wordpress_3\/wp-json\/wp\/v2\/types\/page"}],"author":[{"embeddable":true,"href":"https:\/\/www.loetsch.at\/wordpress_3\/wp-json\/wp\/v2\/users\/1"}],"replies":[{"embeddable":true,"href":"https:\/\/www.loetsch.at\/wordpress_3\/wp-json\/wp\/v2\/comments?post=4503"}],"version-history":[{"count":22,"href":"https:\/\/www.loetsch.at\/wordpress_3\/wp-json\/wp\/v2\/pages\/4503\/revisions"}],"predecessor-version":[{"id":4540,"href":"https:\/\/www.loetsch.at\/wordpress_3\/wp-json\/wp\/v2\/pages\/4503\/revisions\/4540"}],"wp:featuredmedia":[{"embeddable":true,"href":"https:\/\/www.loetsch.at\/wordpress_3\/wp-json\/wp\/v2\/media\/4518"}],"wp:attachment":[{"href":"https:\/\/www.loetsch.at\/wordpress_3\/wp-json\/wp\/v2\/media?parent=4503"}],"curies":[{"name":"wp","href":"https:\/\/api.w.org\/{rel}","templated":true}]}}