{"id":3617,"date":"2024-07-25T09:55:04","date_gmt":"2024-07-25T09:55:04","guid":{"rendered":"https:\/\/www.loetsch.at\/wordpress_3\/?page_id=3617"},"modified":"2024-07-26T15:21:47","modified_gmt":"2024-07-26T15:21:47","slug":"gewuerze","status":"publish","type":"page","link":"https:\/\/www.loetsch.at\/wordpress_3\/gewuerze\/","title":{"rendered":"Gew\u00fcrze"},"content":{"rendered":"\n<figure class=\"wp-block-image aligncenter size-full\"><img loading=\"lazy\" decoding=\"async\" width=\"408\" height=\"594\" src=\"https:\/\/www.loetsch.at\/wordpress_3\/wp-content\/uploads\/2024\/07\/k-20240720_110814-e1721900971199.jpg\" alt=\"\" class=\"wp-image-3618\" srcset=\"https:\/\/www.loetsch.at\/wordpress_3\/wp-content\/uploads\/2024\/07\/k-20240720_110814-e1721900971199.jpg 408w, https:\/\/www.loetsch.at\/wordpress_3\/wp-content\/uploads\/2024\/07\/k-20240720_110814-e1721900971199-206x300.jpg 206w\" sizes=\"auto, (max-width: 408px) 100vw, 408px\" \/><\/figure>\n\n\n\n<p class=\"has-text-align-center has-large-font-size\"><strong>Wir haben eine Riesenauswahl an Gew\u00fcrzen und an Gew\u00fcrzmischungen! Mach dich bei uns im Gesch\u00e4ft auf die Suche.<\/strong><\/p>\n\n\n\n<p class=\"has-text-align-center has-large-font-size\"><strong>Einige Beispiele zum Gustomachen:<\/strong><\/p>\n\n\n\n<figure class=\"wp-block-gallery has-nested-images columns-default is-cropped wp-block-gallery-1 is-layout-flex wp-block-gallery-is-layout-flex\">\n<figure class=\"wp-block-image size-large\"><img loading=\"lazy\" decoding=\"async\" width=\"650\" height=\"650\" data-id=\"3635\" src=\"https:\/\/www.loetsch.at\/wordpress_3\/wp-content\/uploads\/2024\/07\/erdaepfelgewuerz.webp\" alt=\"\" class=\"wp-image-3635\" srcset=\"https:\/\/www.loetsch.at\/wordpress_3\/wp-content\/uploads\/2024\/07\/erdaepfelgewuerz.webp 650w, https:\/\/www.loetsch.at\/wordpress_3\/wp-content\/uploads\/2024\/07\/erdaepfelgewuerz-300x300.webp 300w, https:\/\/www.loetsch.at\/wordpress_3\/wp-content\/uploads\/2024\/07\/erdaepfelgewuerz-150x150.webp 150w\" sizes=\"auto, (max-width: 650px) 100vw, 650px\" \/><figcaption class=\"wp-element-caption\">Erd\u00e4pfelgew\u00fcrz<\/figcaption><\/figure>\n\n\n\n<figure class=\"wp-block-image size-large\"><img loading=\"lazy\" decoding=\"async\" width=\"650\" height=\"650\" data-id=\"3636\" src=\"https:\/\/www.loetsch.at\/wordpress_3\/wp-content\/uploads\/2024\/07\/brotgewuerz.webp\" alt=\"\" class=\"wp-image-3636\" srcset=\"https:\/\/www.loetsch.at\/wordpress_3\/wp-content\/uploads\/2024\/07\/brotgewuerz.webp 650w, https:\/\/www.loetsch.at\/wordpress_3\/wp-content\/uploads\/2024\/07\/brotgewuerz-300x300.webp 300w, https:\/\/www.loetsch.at\/wordpress_3\/wp-content\/uploads\/2024\/07\/brotgewuerz-150x150.webp 150w\" sizes=\"auto, (max-width: 650px) 100vw, 650px\" \/><figcaption class=\"wp-element-caption\">Brotgew\u00fcrz ganz<\/figcaption><\/figure>\n\n\n\n<figure class=\"wp-block-image size-large\"><img loading=\"lazy\" decoding=\"async\" width=\"650\" height=\"650\" data-id=\"3637\" src=\"https:\/\/www.loetsch.at\/wordpress_3\/wp-content\/uploads\/2024\/07\/paprika.webp\" alt=\"\" class=\"wp-image-3637\" srcset=\"https:\/\/www.loetsch.at\/wordpress_3\/wp-content\/uploads\/2024\/07\/paprika.webp 650w, https:\/\/www.loetsch.at\/wordpress_3\/wp-content\/uploads\/2024\/07\/paprika-300x300.webp 300w, https:\/\/www.loetsch.at\/wordpress_3\/wp-content\/uploads\/2024\/07\/paprika-150x150.webp 150w\" sizes=\"auto, (max-width: 650px) 100vw, 650px\" \/><figcaption class=\"wp-element-caption\">Paprika<\/figcaption><\/figure>\n<\/figure>\n\n\n\n<figure class=\"wp-block-gallery has-nested-images columns-default is-cropped wp-block-gallery-2 is-layout-flex wp-block-gallery-is-layout-flex\">\n<figure class=\"wp-block-image size-large\"><img loading=\"lazy\" decoding=\"async\" width=\"650\" height=\"650\" data-id=\"3631\" src=\"https:\/\/www.loetsch.at\/wordpress_3\/wp-content\/uploads\/2024\/07\/kurkuma.jpeg\" alt=\"\" class=\"wp-image-3631\" srcset=\"https:\/\/www.loetsch.at\/wordpress_3\/wp-content\/uploads\/2024\/07\/kurkuma.jpeg 650w, https:\/\/www.loetsch.at\/wordpress_3\/wp-content\/uploads\/2024\/07\/kurkuma-300x300.jpeg 300w, https:\/\/www.loetsch.at\/wordpress_3\/wp-content\/uploads\/2024\/07\/kurkuma-150x150.jpeg 150w\" sizes=\"auto, (max-width: 650px) 100vw, 650px\" \/><figcaption class=\"wp-element-caption\">Kurkuma<\/figcaption><\/figure>\n\n\n\n<figure class=\"wp-block-image size-large\"><img loading=\"lazy\" decoding=\"async\" width=\"650\" height=\"650\" data-id=\"3632\" src=\"https:\/\/www.loetsch.at\/wordpress_3\/wp-content\/uploads\/2024\/07\/adios-salz.webp\" alt=\"\" class=\"wp-image-3632\" srcset=\"https:\/\/www.loetsch.at\/wordpress_3\/wp-content\/uploads\/2024\/07\/adios-salz.webp 650w, https:\/\/www.loetsch.at\/wordpress_3\/wp-content\/uploads\/2024\/07\/adios-salz-300x300.webp 300w, https:\/\/www.loetsch.at\/wordpress_3\/wp-content\/uploads\/2024\/07\/adios-salz-150x150.webp 150w\" sizes=\"auto, (max-width: 650px) 100vw, 650px\" \/><figcaption class=\"wp-element-caption\">Adios Salz<\/figcaption><\/figure>\n\n\n\n<figure class=\"wp-block-image size-large\"><img loading=\"lazy\" decoding=\"async\" width=\"650\" height=\"650\" data-id=\"3633\" src=\"https:\/\/www.loetsch.at\/wordpress_3\/wp-content\/uploads\/2024\/07\/kraeuteraufstrich.webp\" alt=\"\" class=\"wp-image-3633\" srcset=\"https:\/\/www.loetsch.at\/wordpress_3\/wp-content\/uploads\/2024\/07\/kraeuteraufstrich.webp 650w, https:\/\/www.loetsch.at\/wordpress_3\/wp-content\/uploads\/2024\/07\/kraeuteraufstrich-300x300.webp 300w, https:\/\/www.loetsch.at\/wordpress_3\/wp-content\/uploads\/2024\/07\/kraeuteraufstrich-150x150.webp 150w\" sizes=\"auto, (max-width: 650px) 100vw, 650px\" \/><figcaption class=\"wp-element-caption\">Kr\u00e4uteraufstrich<\/figcaption><\/figure>\n<\/figure>\n\n\n\n<p class=\"has-text-align-center has-large-font-size\"><strong>Sie wollen selber keimen? Kein Problem!<\/strong><\/p>\n\n\n\n<figure class=\"wp-block-image size-large\"><img loading=\"lazy\" decoding=\"async\" width=\"1024\" height=\"300\" src=\"https:\/\/www.loetsch.at\/wordpress_3\/wp-content\/uploads\/2024\/07\/samen-scaled-e1721977901784-1024x300.jpg\" alt=\"\" class=\"wp-image-3640\" srcset=\"https:\/\/www.loetsch.at\/wordpress_3\/wp-content\/uploads\/2024\/07\/samen-scaled-e1721977901784-1024x300.jpg 1024w, https:\/\/www.loetsch.at\/wordpress_3\/wp-content\/uploads\/2024\/07\/samen-scaled-e1721977901784-300x88.jpg 300w, https:\/\/www.loetsch.at\/wordpress_3\/wp-content\/uploads\/2024\/07\/samen-scaled-e1721977901784-768x225.jpg 768w, https:\/\/www.loetsch.at\/wordpress_3\/wp-content\/uploads\/2024\/07\/samen-scaled-e1721977901784-1536x450.jpg 1536w, https:\/\/www.loetsch.at\/wordpress_3\/wp-content\/uploads\/2024\/07\/samen-scaled-e1721977901784-2048x600.jpg 2048w\" sizes=\"auto, (max-width: 1024px) 100vw, 1024px\" \/><\/figure>\n","protected":false},"excerpt":{"rendered":"<p>Wir haben eine Riesenauswahl an Gew\u00fcrzen und an Gew\u00fcrzmischungen! Mach dich bei uns im Gesch\u00e4ft auf die Suche. Einige Beispiele zum Gustomachen: Sie wollen selber keimen? Kein Problem!<\/p>\n","protected":false},"author":1,"featured_media":0,"parent":0,"menu_order":0,"comment_status":"closed","ping_status":"closed","template":"","meta":{"footnotes":""},"class_list":["post-3617","page","type-page","status-publish","hentry"],"yoast_head":"<!-- This site is optimized with the Yoast SEO plugin v27.4 - https:\/\/yoast.com\/product\/yoast-seo-wordpress\/ -->\n<title>Gew\u00fcrze - Drogerie Max L\u00f6tsch 4840 V\u00f6cklabruck<\/title>\n<meta name=\"robots\" content=\"index, follow, max-snippet:-1, max-image-preview:large, max-video-preview:-1\" \/>\n<link rel=\"canonical\" href=\"https:\/\/www.loetsch.at\/wordpress_3\/gewuerze\/\" \/>\n<meta property=\"og:locale\" content=\"de_DE\" \/>\n<meta property=\"og:type\" content=\"article\" \/>\n<meta property=\"og:title\" content=\"Gew\u00fcrze - Drogerie Max L\u00f6tsch 4840 V\u00f6cklabruck\" \/>\n<meta property=\"og:description\" content=\"Wir haben eine Riesenauswahl an Gew\u00fcrzen und an Gew\u00fcrzmischungen! Mach dich bei uns im Gesch\u00e4ft auf die Suche. Einige Beispiele zum Gustomachen: Sie wollen selber keimen? Kein Problem!\" \/>\n<meta property=\"og:url\" content=\"https:\/\/www.loetsch.at\/wordpress_3\/gewuerze\/\" \/>\n<meta property=\"og:site_name\" content=\"Drogerie Max L\u00f6tsch 4840 V\u00f6cklabruck\" \/>\n<meta property=\"article:modified_time\" content=\"2024-07-26T15:21:47+00:00\" \/>\n<meta property=\"og:image\" content=\"https:\/\/www.loetsch.at\/wordpress_3\/wp-content\/uploads\/2024\/07\/k-20240720_110814-e1721900971199.jpg\" \/>\n<meta name=\"twitter:card\" content=\"summary_large_image\" \/>\n<meta name=\"twitter:label1\" content=\"Gesch\u00e4tzte Lesezeit\" \/>\n\t<meta name=\"twitter:data1\" content=\"2\u00a0Minuten\" \/>\n<script type=\"application\/ld+json\" class=\"yoast-schema-graph\">{\"@context\":\"https:\\\/\\\/schema.org\",\"@graph\":[{\"@type\":\"WebPage\",\"@id\":\"https:\\\/\\\/www.loetsch.at\\\/wordpress_3\\\/gewuerze\\\/\",\"url\":\"https:\\\/\\\/www.loetsch.at\\\/wordpress_3\\\/gewuerze\\\/\",\"name\":\"Gew\u00fcrze - Drogerie Max L\u00f6tsch 4840 V\u00f6cklabruck\",\"isPartOf\":{\"@id\":\"https:\\\/\\\/www.loetsch.at\\\/wordpress_3\\\/#website\"},\"primaryImageOfPage\":{\"@id\":\"https:\\\/\\\/www.loetsch.at\\\/wordpress_3\\\/gewuerze\\\/#primaryimage\"},\"image\":{\"@id\":\"https:\\\/\\\/www.loetsch.at\\\/wordpress_3\\\/gewuerze\\\/#primaryimage\"},\"thumbnailUrl\":\"https:\\\/\\\/www.loetsch.at\\\/wordpress_3\\\/wp-content\\\/uploads\\\/2024\\\/07\\\/k-20240720_110814-e1721900971199.jpg\",\"datePublished\":\"2024-07-25T09:55:04+00:00\",\"dateModified\":\"2024-07-26T15:21:47+00:00\",\"breadcrumb\":{\"@id\":\"https:\\\/\\\/www.loetsch.at\\\/wordpress_3\\\/gewuerze\\\/#breadcrumb\"},\"inLanguage\":\"de\",\"potentialAction\":[{\"@type\":\"ReadAction\",\"target\":[\"https:\\\/\\\/www.loetsch.at\\\/wordpress_3\\\/gewuerze\\\/\"]}]},{\"@type\":\"ImageObject\",\"inLanguage\":\"de\",\"@id\":\"https:\\\/\\\/www.loetsch.at\\\/wordpress_3\\\/gewuerze\\\/#primaryimage\",\"url\":\"https:\\\/\\\/www.loetsch.at\\\/wordpress_3\\\/wp-content\\\/uploads\\\/2024\\\/07\\\/k-20240720_110814-e1721900971199.jpg\",\"contentUrl\":\"https:\\\/\\\/www.loetsch.at\\\/wordpress_3\\\/wp-content\\\/uploads\\\/2024\\\/07\\\/k-20240720_110814-e1721900971199.jpg\",\"width\":408,\"height\":594},{\"@type\":\"BreadcrumbList\",\"@id\":\"https:\\\/\\\/www.loetsch.at\\\/wordpress_3\\\/gewuerze\\\/#breadcrumb\",\"itemListElement\":[{\"@type\":\"ListItem\",\"position\":1,\"name\":\"Startseite\",\"item\":\"https:\\\/\\\/www.loetsch.at\\\/wordpress_3\\\/\"},{\"@type\":\"ListItem\",\"position\":2,\"name\":\"Gew\u00fcrze\"}]},{\"@type\":\"WebSite\",\"@id\":\"https:\\\/\\\/www.loetsch.at\\\/wordpress_3\\\/#website\",\"url\":\"https:\\\/\\\/www.loetsch.at\\\/wordpress_3\\\/\",\"name\":\"Drogerie Max L\u00f6tsch 4840 V\u00f6cklabruck\",\"description\":\"\",\"potentialAction\":[{\"@type\":\"SearchAction\",\"target\":{\"@type\":\"EntryPoint\",\"urlTemplate\":\"https:\\\/\\\/www.loetsch.at\\\/wordpress_3\\\/?s={search_term_string}\"},\"query-input\":{\"@type\":\"PropertyValueSpecification\",\"valueRequired\":true,\"valueName\":\"search_term_string\"}}],\"inLanguage\":\"de\"}]}<\/script>\n<!-- \/ Yoast SEO plugin. -->","yoast_head_json":{"title":"Gew\u00fcrze - Drogerie Max L\u00f6tsch 4840 V\u00f6cklabruck","robots":{"index":"index","follow":"follow","max-snippet":"max-snippet:-1","max-image-preview":"max-image-preview:large","max-video-preview":"max-video-preview:-1"},"canonical":"https:\/\/www.loetsch.at\/wordpress_3\/gewuerze\/","og_locale":"de_DE","og_type":"article","og_title":"Gew\u00fcrze - Drogerie Max L\u00f6tsch 4840 V\u00f6cklabruck","og_description":"Wir haben eine Riesenauswahl an Gew\u00fcrzen und an Gew\u00fcrzmischungen! Mach dich bei uns im Gesch\u00e4ft auf die Suche. Einige Beispiele zum Gustomachen: Sie wollen selber keimen? Kein Problem!","og_url":"https:\/\/www.loetsch.at\/wordpress_3\/gewuerze\/","og_site_name":"Drogerie Max L\u00f6tsch 4840 V\u00f6cklabruck","article_modified_time":"2024-07-26T15:21:47+00:00","og_image":[{"url":"https:\/\/www.loetsch.at\/wordpress_3\/wp-content\/uploads\/2024\/07\/k-20240720_110814-e1721900971199.jpg","type":"","width":"","height":""}],"twitter_card":"summary_large_image","twitter_misc":{"Gesch\u00e4tzte Lesezeit":"2\u00a0Minuten"},"schema":{"@context":"https:\/\/schema.org","@graph":[{"@type":"WebPage","@id":"https:\/\/www.loetsch.at\/wordpress_3\/gewuerze\/","url":"https:\/\/www.loetsch.at\/wordpress_3\/gewuerze\/","name":"Gew\u00fcrze - Drogerie Max L\u00f6tsch 4840 V\u00f6cklabruck","isPartOf":{"@id":"https:\/\/www.loetsch.at\/wordpress_3\/#website"},"primaryImageOfPage":{"@id":"https:\/\/www.loetsch.at\/wordpress_3\/gewuerze\/#primaryimage"},"image":{"@id":"https:\/\/www.loetsch.at\/wordpress_3\/gewuerze\/#primaryimage"},"thumbnailUrl":"https:\/\/www.loetsch.at\/wordpress_3\/wp-content\/uploads\/2024\/07\/k-20240720_110814-e1721900971199.jpg","datePublished":"2024-07-25T09:55:04+00:00","dateModified":"2024-07-26T15:21:47+00:00","breadcrumb":{"@id":"https:\/\/www.loetsch.at\/wordpress_3\/gewuerze\/#breadcrumb"},"inLanguage":"de","potentialAction":[{"@type":"ReadAction","target":["https:\/\/www.loetsch.at\/wordpress_3\/gewuerze\/"]}]},{"@type":"ImageObject","inLanguage":"de","@id":"https:\/\/www.loetsch.at\/wordpress_3\/gewuerze\/#primaryimage","url":"https:\/\/www.loetsch.at\/wordpress_3\/wp-content\/uploads\/2024\/07\/k-20240720_110814-e1721900971199.jpg","contentUrl":"https:\/\/www.loetsch.at\/wordpress_3\/wp-content\/uploads\/2024\/07\/k-20240720_110814-e1721900971199.jpg","width":408,"height":594},{"@type":"BreadcrumbList","@id":"https:\/\/www.loetsch.at\/wordpress_3\/gewuerze\/#breadcrumb","itemListElement":[{"@type":"ListItem","position":1,"name":"Startseite","item":"https:\/\/www.loetsch.at\/wordpress_3\/"},{"@type":"ListItem","position":2,"name":"Gew\u00fcrze"}]},{"@type":"WebSite","@id":"https:\/\/www.loetsch.at\/wordpress_3\/#website","url":"https:\/\/www.loetsch.at\/wordpress_3\/","name":"Drogerie Max L\u00f6tsch 4840 V\u00f6cklabruck","description":"","potentialAction":[{"@type":"SearchAction","target":{"@type":"EntryPoint","urlTemplate":"https:\/\/www.loetsch.at\/wordpress_3\/?s={search_term_string}"},"query-input":{"@type":"PropertyValueSpecification","valueRequired":true,"valueName":"search_term_string"}}],"inLanguage":"de"}]}},"_links":{"self":[{"href":"https:\/\/www.loetsch.at\/wordpress_3\/wp-json\/wp\/v2\/pages\/3617","targetHints":{"allow":["GET"]}}],"collection":[{"href":"https:\/\/www.loetsch.at\/wordpress_3\/wp-json\/wp\/v2\/pages"}],"about":[{"href":"https:\/\/www.loetsch.at\/wordpress_3\/wp-json\/wp\/v2\/types\/page"}],"author":[{"embeddable":true,"href":"https:\/\/www.loetsch.at\/wordpress_3\/wp-json\/wp\/v2\/users\/1"}],"replies":[{"embeddable":true,"href":"https:\/\/www.loetsch.at\/wordpress_3\/wp-json\/wp\/v2\/comments?post=3617"}],"version-history":[{"count":8,"href":"https:\/\/www.loetsch.at\/wordpress_3\/wp-json\/wp\/v2\/pages\/3617\/revisions"}],"predecessor-version":[{"id":3645,"href":"https:\/\/www.loetsch.at\/wordpress_3\/wp-json\/wp\/v2\/pages\/3617\/revisions\/3645"}],"wp:attachment":[{"href":"https:\/\/www.loetsch.at\/wordpress_3\/wp-json\/wp\/v2\/media?parent=3617"}],"curies":[{"name":"wp","href":"https:\/\/api.w.org\/{rel}","templated":true}]}}