{"id":3449,"date":"2024-07-19T11:21:43","date_gmt":"2024-07-19T11:21:43","guid":{"rendered":"https:\/\/www.loetsch.at\/wordpress_3\/?page_id=3449"},"modified":"2025-05-08T07:53:58","modified_gmt":"2025-05-08T07:53:58","slug":"blogs","status":"publish","type":"page","link":"https:\/\/www.loetsch.at\/wordpress_3\/blogs\/","title":{"rendered":"Blogs"},"content":{"rendered":"\n<p class=\"has-large-font-size\"><strong>Gartenblogs:<\/strong><\/p>\n\n\n\n<div class=\"wp-block-columns is-layout-flex wp-container-core-columns-is-layout-28f84493 wp-block-columns-is-layout-flex\">\n<div class=\"wp-block-column is-layout-flow wp-block-column-is-layout-flow\">\n<p class=\"has-luminous-vivid-orange-background-color has-background\"><strong><a href=\"https:\/\/www.loetsch.at\/wordpress_3\/nematoden\/\">Nematoden ? Arbeiten Sie schon damit?<\/a><\/strong><\/p>\n\n\n\n<p class=\"has-luminous-vivid-orange-background-color has-background has-medium-font-size\"><a href=\"https:\/\/www.loetsch.at\/wordpress_3\/apfelbaum-pflege\/\"><strong>Apfelbaumpflege<\/strong><\/a><\/p>\n\n\n\n<p class=\"has-luminous-vivid-orange-background-color has-background\"><a href=\"https:\/\/www.loetsch.at\/wordpress_3\/die-sache-mit-den-obstbaeumen\/\"><strong>Die Sache mit den Obstb\u00e4umen<\/strong><\/a><\/p>\n\n\n\n<p class=\"has-luminous-vivid-orange-background-color has-background\"><a href=\"https:\/\/www.loetsch.at\/wordpress_3\/saisonstart-im-gemuesebeet\/\"><strong>Saisonstart im Gem\u00fcsebeet<\/strong><\/a><\/p>\n\n\n\n<p class=\"has-luminous-vivid-orange-background-color has-background\"><a href=\"https:\/\/www.loetsch.at\/wordpress_3\/schlupfwespen-wie-geht-das\/\"><strong>Blog-Schlupfwespen<\/strong><\/a><\/p>\n\n\n\n<p class=\"has-luminous-vivid-orange-background-color has-background\"><strong><a href=\"https:\/\/www.loetsch.at\/wordpress_3\/leimbarrieren-warum\/\">Warum Leimbarrieren?<\/a><\/strong><\/p>\n\n\n\n<p class=\"has-luminous-vivid-orange-background-color has-background\"><strong><a href=\"https:\/\/www.loetsch.at\/wordpress_3\/juckt-sie-schon-der-finger\/\">Juckt Sie schon der Finger?<\/a><\/strong><\/p>\n\n\n\n<p class=\"has-luminous-vivid-orange-background-color has-background\"><a href=\"https:\/\/www.loetsch.at\/wordpress_3\/ameisenplage\/\"><strong>Ameisenplage? Hier einige Tricks<\/strong><\/a><\/p>\n<\/div>\n<\/div>\n\n\n\n<p class=\"has-large-font-size\"><strong>Gesundheits-Blogs<\/strong><\/p>\n\n\n\n<div class=\"wp-block-columns is-layout-flex wp-container-core-columns-is-layout-28f84493 wp-block-columns-is-layout-flex\">\n<div class=\"wp-block-column is-layout-flow wp-block-column-is-layout-flow\" style=\"flex-basis:100%\">\n<p class=\"has-vivid-cyan-blue-background-color has-background\"><a href=\"https:\/\/www.loetsch.at\/wordpress_3\/die-sache-mit-der-saeure\/\"><strong>Basen-Mineral-Mischung<\/strong><\/a><\/p>\n<\/div>\n<\/div>\n\n\n\n<div class=\"wp-block-columns is-layout-flex wp-container-core-columns-is-layout-28f84493 wp-block-columns-is-layout-flex\">\n<div class=\"wp-block-column is-layout-flow wp-block-column-is-layout-flow\" style=\"flex-basis:100%\">\n<p class=\"has-vivid-cyan-blue-background-color has-background\"><strong><a href=\"https:\/\/www.loetsch.at\/wordpress_3\/bitterstoffe\/\">Bitterstoffdrogen<\/a><\/strong><\/p>\n<\/div>\n<\/div>\n\n\n\n<div class=\"wp-block-columns is-layout-flex wp-container-core-columns-is-layout-28f84493 wp-block-columns-is-layout-flex\">\n<div class=\"wp-block-column is-layout-flow wp-block-column-is-layout-flow\" style=\"flex-basis:100%\">\n<p class=\"has-vivid-cyan-blue-background-color has-background\"><strong><a href=\"https:\/\/www.loetsch.at\/wordpress_3\/energie-fuer-den-tag\/\">Energie f\u00fcr den Tag<\/a><\/strong><\/p>\n<\/div>\n<\/div>\n\n\n\n<div class=\"wp-block-columns is-layout-flex wp-container-core-columns-is-layout-28f84493 wp-block-columns-is-layout-flex\">\n<div class=\"wp-block-column is-layout-flow wp-block-column-is-layout-flow\" style=\"flex-basis:100%\">\n<p class=\"has-text-align-left has-vivid-cyan-blue-background-color has-background\"><strong><a href=\"https:\/\/www.loetsch.at\/wordpress_3\/lichtquanten-medizin\/\">Lichtquantenmedizin<\/a><\/strong><\/p>\n<\/div>\n<\/div>\n\n\n\n<div class=\"wp-block-columns is-layout-flex wp-container-core-columns-is-layout-28f84493 wp-block-columns-is-layout-flex\">\n<div class=\"wp-block-column is-layout-flow wp-block-column-is-layout-flow\" style=\"flex-basis:100%\">\n<p class=\"has-vivid-cyan-blue-background-color has-background\"><strong><a href=\"https:\/\/www.loetsch.at\/wie-funktionieren-heilprozesse\/\">Wie funktionieren Heilprozesse?<\/a><\/strong><\/p>\n\n\n\n<p class=\"has-vivid-cyan-blue-background-color has-background\"><a href=\"https:\/\/www.loetsch.at\/wordpress_V\/willkommen-bei-blogging\/zuviel-zucker-was-passiert\/\"><strong>Zuviel Zucker, was passiert?<\/strong><\/a><\/p>\n<\/div>\n<\/div>\n\n\n\n<div class=\"wp-block-columns is-layout-flex wp-container-core-columns-is-layout-28f84493 wp-block-columns-is-layout-flex\">\n<div class=\"wp-block-column is-layout-flow wp-block-column-is-layout-flow\" style=\"flex-basis:100%\">\n<p class=\"has-vivid-cyan-blue-background-color has-background\"><strong><a href=\"https:\/\/www.loetsch.at\/wordpress_V\/willkommen-bei-blogging\/laufen-in-der-kaelte\/\">Laufen in der K\u00e4lte<\/a><\/strong><\/p>\n<\/div>\n<\/div>\n\n\n\n<p><\/p>\n","protected":false},"excerpt":{"rendered":"<p>Gartenblogs: Nematoden ? Arbeiten Sie schon damit? Apfelbaumpflege Die Sache mit den Obstb\u00e4umen Saisonstart im Gem\u00fcsebeet Blog-Schlupfwespen Warum Leimbarrieren? Juckt Sie schon der Finger? Ameisenplage? Hier einige Tricks Gesundheits-Blogs Basen-Mineral-Mischung Bitterstoffdrogen Energie f\u00fcr den Tag Lichtquantenmedizin Wie funktionieren Heilprozesse? Zuviel Zucker, was passiert? Laufen in der K\u00e4lte<\/p>\n","protected":false},"author":1,"featured_media":0,"parent":0,"menu_order":0,"comment_status":"closed","ping_status":"closed","template":"","meta":{"footnotes":""},"class_list":["post-3449","page","type-page","status-publish","hentry"],"yoast_head":"<!-- This site is optimized with the Yoast SEO plugin v27.5 - https:\/\/yoast.com\/product\/yoast-seo-wordpress\/ -->\n<title>Blogs - Drogerie Max L\u00f6tsch 4840 V\u00f6cklabruck<\/title>\n<meta name=\"robots\" content=\"index, follow, max-snippet:-1, max-image-preview:large, max-video-preview:-1\" \/>\n<link rel=\"canonical\" href=\"https:\/\/www.loetsch.at\/wordpress_3\/blogs\/\" \/>\n<meta property=\"og:locale\" content=\"de_DE\" \/>\n<meta property=\"og:type\" content=\"article\" \/>\n<meta property=\"og:title\" content=\"Blogs - Drogerie Max L\u00f6tsch 4840 V\u00f6cklabruck\" \/>\n<meta property=\"og:description\" content=\"Gartenblogs: Nematoden ? Arbeiten Sie schon damit? Apfelbaumpflege Die Sache mit den Obstb\u00e4umen Saisonstart im Gem\u00fcsebeet Blog-Schlupfwespen Warum Leimbarrieren? Juckt Sie schon der Finger? Ameisenplage? Hier einige Tricks Gesundheits-Blogs Basen-Mineral-Mischung Bitterstoffdrogen Energie f\u00fcr den Tag Lichtquantenmedizin Wie funktionieren Heilprozesse? Zuviel Zucker, was passiert? Laufen in der K\u00e4lte\" \/>\n<meta property=\"og:url\" content=\"https:\/\/www.loetsch.at\/wordpress_3\/blogs\/\" \/>\n<meta property=\"og:site_name\" content=\"Drogerie Max L\u00f6tsch 4840 V\u00f6cklabruck\" \/>\n<meta property=\"article:modified_time\" content=\"2025-05-08T07:53:58+00:00\" \/>\n<meta name=\"twitter:card\" content=\"summary_large_image\" \/>\n<meta name=\"twitter:label1\" content=\"Gesch\u00e4tzte Lesezeit\" \/>\n\t<meta name=\"twitter:data1\" content=\"1\u00a0Minute\" \/>\n<script type=\"application\/ld+json\" class=\"yoast-schema-graph\">{\"@context\":\"https:\\\/\\\/schema.org\",\"@graph\":[{\"@type\":\"WebPage\",\"@id\":\"https:\\\/\\\/www.loetsch.at\\\/wordpress_3\\\/blogs\\\/\",\"url\":\"https:\\\/\\\/www.loetsch.at\\\/wordpress_3\\\/blogs\\\/\",\"name\":\"Blogs - Drogerie Max L\u00f6tsch 4840 V\u00f6cklabruck\",\"isPartOf\":{\"@id\":\"https:\\\/\\\/www.loetsch.at\\\/wordpress_3\\\/#website\"},\"datePublished\":\"2024-07-19T11:21:43+00:00\",\"dateModified\":\"2025-05-08T07:53:58+00:00\",\"breadcrumb\":{\"@id\":\"https:\\\/\\\/www.loetsch.at\\\/wordpress_3\\\/blogs\\\/#breadcrumb\"},\"inLanguage\":\"de\",\"potentialAction\":[{\"@type\":\"ReadAction\",\"target\":[\"https:\\\/\\\/www.loetsch.at\\\/wordpress_3\\\/blogs\\\/\"]}]},{\"@type\":\"BreadcrumbList\",\"@id\":\"https:\\\/\\\/www.loetsch.at\\\/wordpress_3\\\/blogs\\\/#breadcrumb\",\"itemListElement\":[{\"@type\":\"ListItem\",\"position\":1,\"name\":\"Startseite\",\"item\":\"https:\\\/\\\/www.loetsch.at\\\/wordpress_3\\\/\"},{\"@type\":\"ListItem\",\"position\":2,\"name\":\"Blogs\"}]},{\"@type\":\"WebSite\",\"@id\":\"https:\\\/\\\/www.loetsch.at\\\/wordpress_3\\\/#website\",\"url\":\"https:\\\/\\\/www.loetsch.at\\\/wordpress_3\\\/\",\"name\":\"Drogerie Max L\u00f6tsch 4840 V\u00f6cklabruck\",\"description\":\"\",\"potentialAction\":[{\"@type\":\"SearchAction\",\"target\":{\"@type\":\"EntryPoint\",\"urlTemplate\":\"https:\\\/\\\/www.loetsch.at\\\/wordpress_3\\\/?s={search_term_string}\"},\"query-input\":{\"@type\":\"PropertyValueSpecification\",\"valueRequired\":true,\"valueName\":\"search_term_string\"}}],\"inLanguage\":\"de\"}]}<\/script>\n<!-- \/ Yoast SEO plugin. -->","yoast_head_json":{"title":"Blogs - Drogerie Max L\u00f6tsch 4840 V\u00f6cklabruck","robots":{"index":"index","follow":"follow","max-snippet":"max-snippet:-1","max-image-preview":"max-image-preview:large","max-video-preview":"max-video-preview:-1"},"canonical":"https:\/\/www.loetsch.at\/wordpress_3\/blogs\/","og_locale":"de_DE","og_type":"article","og_title":"Blogs - Drogerie Max L\u00f6tsch 4840 V\u00f6cklabruck","og_description":"Gartenblogs: Nematoden ? Arbeiten Sie schon damit? Apfelbaumpflege Die Sache mit den Obstb\u00e4umen Saisonstart im Gem\u00fcsebeet Blog-Schlupfwespen Warum Leimbarrieren? Juckt Sie schon der Finger? Ameisenplage? Hier einige Tricks Gesundheits-Blogs Basen-Mineral-Mischung Bitterstoffdrogen Energie f\u00fcr den Tag Lichtquantenmedizin Wie funktionieren Heilprozesse? Zuviel Zucker, was passiert? Laufen in der K\u00e4lte","og_url":"https:\/\/www.loetsch.at\/wordpress_3\/blogs\/","og_site_name":"Drogerie Max L\u00f6tsch 4840 V\u00f6cklabruck","article_modified_time":"2025-05-08T07:53:58+00:00","twitter_card":"summary_large_image","twitter_misc":{"Gesch\u00e4tzte Lesezeit":"1\u00a0Minute"},"schema":{"@context":"https:\/\/schema.org","@graph":[{"@type":"WebPage","@id":"https:\/\/www.loetsch.at\/wordpress_3\/blogs\/","url":"https:\/\/www.loetsch.at\/wordpress_3\/blogs\/","name":"Blogs - Drogerie Max L\u00f6tsch 4840 V\u00f6cklabruck","isPartOf":{"@id":"https:\/\/www.loetsch.at\/wordpress_3\/#website"},"datePublished":"2024-07-19T11:21:43+00:00","dateModified":"2025-05-08T07:53:58+00:00","breadcrumb":{"@id":"https:\/\/www.loetsch.at\/wordpress_3\/blogs\/#breadcrumb"},"inLanguage":"de","potentialAction":[{"@type":"ReadAction","target":["https:\/\/www.loetsch.at\/wordpress_3\/blogs\/"]}]},{"@type":"BreadcrumbList","@id":"https:\/\/www.loetsch.at\/wordpress_3\/blogs\/#breadcrumb","itemListElement":[{"@type":"ListItem","position":1,"name":"Startseite","item":"https:\/\/www.loetsch.at\/wordpress_3\/"},{"@type":"ListItem","position":2,"name":"Blogs"}]},{"@type":"WebSite","@id":"https:\/\/www.loetsch.at\/wordpress_3\/#website","url":"https:\/\/www.loetsch.at\/wordpress_3\/","name":"Drogerie Max L\u00f6tsch 4840 V\u00f6cklabruck","description":"","potentialAction":[{"@type":"SearchAction","target":{"@type":"EntryPoint","urlTemplate":"https:\/\/www.loetsch.at\/wordpress_3\/?s={search_term_string}"},"query-input":{"@type":"PropertyValueSpecification","valueRequired":true,"valueName":"search_term_string"}}],"inLanguage":"de"}]}},"_links":{"self":[{"href":"https:\/\/www.loetsch.at\/wordpress_3\/wp-json\/wp\/v2\/pages\/3449","targetHints":{"allow":["GET"]}}],"collection":[{"href":"https:\/\/www.loetsch.at\/wordpress_3\/wp-json\/wp\/v2\/pages"}],"about":[{"href":"https:\/\/www.loetsch.at\/wordpress_3\/wp-json\/wp\/v2\/types\/page"}],"author":[{"embeddable":true,"href":"https:\/\/www.loetsch.at\/wordpress_3\/wp-json\/wp\/v2\/users\/1"}],"replies":[{"embeddable":true,"href":"https:\/\/www.loetsch.at\/wordpress_3\/wp-json\/wp\/v2\/comments?post=3449"}],"version-history":[{"count":16,"href":"https:\/\/www.loetsch.at\/wordpress_3\/wp-json\/wp\/v2\/pages\/3449\/revisions"}],"predecessor-version":[{"id":4522,"href":"https:\/\/www.loetsch.at\/wordpress_3\/wp-json\/wp\/v2\/pages\/3449\/revisions\/4522"}],"wp:attachment":[{"href":"https:\/\/www.loetsch.at\/wordpress_3\/wp-json\/wp\/v2\/media?parent=3449"}],"curies":[{"name":"wp","href":"https:\/\/api.w.org\/{rel}","templated":true}]}}