{"id":3028,"date":"2024-03-16T13:28:22","date_gmt":"2024-03-16T13:28:22","guid":{"rendered":"https:\/\/www.loetsch.at\/wordpress_3\/?page_id=3028"},"modified":"2024-03-16T13:33:57","modified_gmt":"2024-03-16T13:33:57","slug":"die-sache-mit-der-saeure","status":"publish","type":"page","link":"https:\/\/www.loetsch.at\/wordpress_3\/die-sache-mit-der-saeure\/","title":{"rendered":"Die Sache mit der S\u00e4ure"},"content":{"rendered":"\n<h2 class=\"wp-block-heading alignwide has-luminous-vivid-orange-background-color has-background has-large-font-size\"><strong>Immer wieder taucht die Frage auf, wieso verkauft ihr mit solcher Begeisterung eine <a href=\"https:\/\/www.loetsch.at\/wordpress\/basen-mineral-mischung\/\">Basen-Mineralmischung<\/a>, so quasi als Non-plus-ultra oder als \u201ethere ist nothing higher\u201c?<\/strong><\/h2>\n\n\n\n<p><\/p>\n\n\n\n<figure class=\"wp-block-image aligncenter size-full is-resized\"><img decoding=\"async\" src=\"https:\/\/www.loetsch.at\/wordpress_3\/wp-content\/uploads\/2024\/03\/basen-mineral-mischung-lqa-pulver-500-g-00692848-0_2.jpg\" alt=\"\" class=\"wp-image-3031\" style=\"width:274px;height:auto\"\/><\/figure>\n\n\n\n<h2 class=\"wp-block-heading alignwide has-luminous-vivid-orange-background-color has-background has-large-font-size\"><strong>Immer wieder reden wir uns den Mund fusslig, weil wir glauben, dass das S\u00e4ure-Basengleichgewicht in unserem K\u00f6rper das Wichtigste \u00fcberhaupt ist.<\/strong><\/h2>\n\n\n\n<h2 class=\"wp-block-heading alignwide has-luminous-vivid-orange-background-color has-background has-large-font-size\"><strong>Und damit alles nicht so verbissen ist, haben wir jetzt eine Anfrage an die k\u00fcnstliche Intelligenz gestellt. Und die Antwort kann man hier lesen:<\/strong><\/h2>\n\n\n\n<figure class=\"wp-block-image aligncenter\"><img decoding=\"async\" src=\"https:\/\/www.loetsch.at\/wordpress\/wp-content\/uploads\/2023\/03\/images.png\" alt=\"\" class=\"wp-image-1368\"\/><figcaption class=\"wp-element-caption\"><strong>CHATGPT<\/strong><\/figcaption><\/figure>\n\n\n\n<h2 class=\"wp-block-heading\"><strong>Anfrage an den ChatGPT<\/strong>:<\/h2>\n\n\n\n<h2 class=\"wp-block-heading alignwide has-luminous-vivid-orange-background-color has-background has-large-font-size\"><strong>Warum soll ich eine gute Basen-Mineralmischung trinken?<\/strong><\/h2>\n\n\n\n<h2 class=\"wp-block-heading\"><strong>Die Antwort des ChatGPT<\/strong>:<\/h2>\n\n\n\n<h2 class=\"wp-block-heading alignwide has-white-background-color has-background has-large-font-size\"><strong>Eine gute Basen-Mineralmischung zu trinken kann viele Vorteile f\u00fcr die Gesundheit haben. Hier sind einige Gr\u00fcnde, warum Sie eine solche Mischung in Betracht ziehen sollten:<\/strong><\/h2>\n\n\n\n<ol class=\"wp-block-list\">\n<li class=\"has-large-font-size\"><strong>S\u00e4ure-Basen-Balance: Wenn Sie eine basen\u00fcbersch\u00fcssige Ern\u00e4hrung zu sich nehmen, kann dies dazu beitragen, Ihre S\u00e4ure-Basen-Balance im K\u00f6rper zu unterst\u00fctzen. Eine zu s\u00e4urelastige Ern\u00e4hrung kann das Risiko f\u00fcr Krankheiten wie Osteoporose, Nierensteine und Muskelabbau erh\u00f6hen.<\/strong><\/li>\n\n\n\n<li class=\"has-large-font-size\"><strong>Entz\u00fcndungshemmung: Eine basen\u00fcbersch\u00fcssige Ern\u00e4hrung kann auch dazu beitragen, Entz\u00fcndungen im K\u00f6rper zu reduzieren. Chronische Entz\u00fcndungen werden mit vielen Erkrankungen wie Arthritis, Diabetes und Krebs in Verbindung gebracht.<\/strong><\/li>\n\n\n\n<li class=\"has-large-font-size\"><strong>Mineralstoffe: Basen-Mineralmischungen sind in der Regel reich an wichtigen Mineralien wie Magnesium, Kalzium und Kalium, die f\u00fcr eine Vielzahl von K\u00f6rperfunktionen essentiell sind. Zum Beispiel unterst\u00fctzt Magnesium die Gesundheit der Muskeln und Nerven, w\u00e4hrend Kalzium f\u00fcr starke Knochen und Z\u00e4hne wichtig ist.<\/strong><\/li>\n\n\n\n<li class=\"has-large-font-size\"><strong>Hydratation: Basen-Mineralmischungen k\u00f6nnen auch dazu beitragen, den K\u00f6rper zu hydratisieren, indem sie Elektrolyte wie Kalium und Natrium bereitstellen, die f\u00fcr eine gesunde Fl\u00fcssigkeitsbalance im K\u00f6rper wichtig sind.<\/strong><\/li>\n<\/ol>\n\n\n\n<h2 class=\"wp-block-heading alignwide has-luminous-vivid-orange-background-color has-background has-large-font-size\"><strong>Zusammenfassend kann eine gute Basen-Mineralmischung dazu beitragen, die S\u00e4ure-Basen-Balance im K\u00f6rper zu unterst\u00fctzen, Entz\u00fcndungen zu reduzieren, wichtige Mineralien bereitzustellen und den K\u00f6rper zu hydratisieren.<\/strong><\/h2>\n\n\n\n<h2 class=\"wp-block-heading\"><strong>H\u00e4tten wir nicht besser hingebracht\u2026.<\/strong><\/h2>\n\n\n\n<p><strong>by maximilian l\u00f6tsch und ChatGPT<\/strong><\/p>\n","protected":false},"excerpt":{"rendered":"<p>Immer wieder taucht die Frage auf, wieso verkauft ihr mit solcher Begeisterung eine Basen-Mineralmischung, so quasi als Non-plus-ultra oder als \u201ethere ist nothing higher\u201c? Immer wieder reden wir uns den Mund fusslig, weil wir glauben, dass das S\u00e4ure-Basengleichgewicht in unserem K\u00f6rper das Wichtigste \u00fcberhaupt ist. Und damit alles nicht so verbissen ist, haben wir jetzt [&hellip;]<\/p>\n","protected":false},"author":1,"featured_media":3031,"parent":0,"menu_order":0,"comment_status":"closed","ping_status":"closed","template":"","meta":{"footnotes":""},"class_list":["post-3028","page","type-page","status-publish","has-post-thumbnail","hentry"],"yoast_head":"<!-- This site is optimized with the Yoast SEO plugin v27.5 - https:\/\/yoast.com\/product\/yoast-seo-wordpress\/ -->\n<title>Die Sache mit der S\u00e4ure - Drogerie Max L\u00f6tsch 4840 V\u00f6cklabruck<\/title>\n<meta name=\"description\" content=\"Immer wieder taucht die Frage auf, wieso verkauft ihr mit solcher Begeisterung eine Basen-Mineralmischung, so quasi als Non-plus-ultra oder als \u201ethere ist nothing higher\u201c?\" \/>\n<meta name=\"robots\" content=\"index, follow, max-snippet:-1, max-image-preview:large, max-video-preview:-1\" \/>\n<link rel=\"canonical\" href=\"https:\/\/www.loetsch.at\/wordpress_3\/die-sache-mit-der-saeure\/\" \/>\n<meta property=\"og:locale\" content=\"de_DE\" \/>\n<meta property=\"og:type\" content=\"article\" \/>\n<meta property=\"og:title\" content=\"Die Sache mit der S\u00e4ure - Drogerie Max L\u00f6tsch 4840 V\u00f6cklabruck\" \/>\n<meta property=\"og:description\" content=\"Immer wieder taucht die Frage auf, wieso verkauft ihr mit solcher Begeisterung eine Basen-Mineralmischung, so quasi als Non-plus-ultra oder als \u201ethere ist nothing higher\u201c?\" \/>\n<meta property=\"og:url\" content=\"https:\/\/www.loetsch.at\/wordpress_3\/die-sache-mit-der-saeure\/\" \/>\n<meta property=\"og:site_name\" content=\"Drogerie Max L\u00f6tsch 4840 V\u00f6cklabruck\" \/>\n<meta property=\"article:modified_time\" content=\"2024-03-16T13:33:57+00:00\" \/>\n<meta property=\"og:image\" content=\"https:\/\/www.loetsch.at\/wordpress_3\/wp-content\/uploads\/2024\/03\/basen-mineral-mischung-lqa-pulver-500-g-00692848-0_2.jpg\" \/>\n\t<meta property=\"og:image:width\" content=\"1000\" \/>\n\t<meta property=\"og:image:height\" content=\"1000\" \/>\n\t<meta property=\"og:image:type\" content=\"image\/jpeg\" \/>\n<meta name=\"twitter:card\" content=\"summary_large_image\" \/>\n<meta name=\"twitter:label1\" content=\"Gesch\u00e4tzte Lesezeit\" \/>\n\t<meta name=\"twitter:data1\" content=\"3\u00a0Minuten\" \/>\n<script type=\"application\/ld+json\" class=\"yoast-schema-graph\">{\"@context\":\"https:\\\/\\\/schema.org\",\"@graph\":[{\"@type\":\"WebPage\",\"@id\":\"https:\\\/\\\/www.loetsch.at\\\/wordpress_3\\\/die-sache-mit-der-saeure\\\/\",\"url\":\"https:\\\/\\\/www.loetsch.at\\\/wordpress_3\\\/die-sache-mit-der-saeure\\\/\",\"name\":\"Die Sache mit der S\u00e4ure - Drogerie Max L\u00f6tsch 4840 V\u00f6cklabruck\",\"isPartOf\":{\"@id\":\"https:\\\/\\\/www.loetsch.at\\\/wordpress_3\\\/#website\"},\"primaryImageOfPage\":{\"@id\":\"https:\\\/\\\/www.loetsch.at\\\/wordpress_3\\\/die-sache-mit-der-saeure\\\/#primaryimage\"},\"image\":{\"@id\":\"https:\\\/\\\/www.loetsch.at\\\/wordpress_3\\\/die-sache-mit-der-saeure\\\/#primaryimage\"},\"thumbnailUrl\":\"https:\\\/\\\/www.loetsch.at\\\/wordpress_3\\\/wp-content\\\/uploads\\\/2024\\\/03\\\/basen-mineral-mischung-lqa-pulver-500-g-00692848-0_2-e1721202920415.jpg\",\"datePublished\":\"2024-03-16T13:28:22+00:00\",\"dateModified\":\"2024-03-16T13:33:57+00:00\",\"description\":\"Immer wieder taucht die Frage auf, wieso verkauft ihr mit solcher Begeisterung eine Basen-Mineralmischung, so quasi als Non-plus-ultra oder als \u201ethere ist nothing higher\u201c?\",\"breadcrumb\":{\"@id\":\"https:\\\/\\\/www.loetsch.at\\\/wordpress_3\\\/die-sache-mit-der-saeure\\\/#breadcrumb\"},\"inLanguage\":\"de\",\"potentialAction\":[{\"@type\":\"ReadAction\",\"target\":[\"https:\\\/\\\/www.loetsch.at\\\/wordpress_3\\\/die-sache-mit-der-saeure\\\/\"]}]},{\"@type\":\"ImageObject\",\"inLanguage\":\"de\",\"@id\":\"https:\\\/\\\/www.loetsch.at\\\/wordpress_3\\\/die-sache-mit-der-saeure\\\/#primaryimage\",\"url\":\"https:\\\/\\\/www.loetsch.at\\\/wordpress_3\\\/wp-content\\\/uploads\\\/2024\\\/03\\\/basen-mineral-mischung-lqa-pulver-500-g-00692848-0_2-e1721202920415.jpg\",\"contentUrl\":\"https:\\\/\\\/www.loetsch.at\\\/wordpress_3\\\/wp-content\\\/uploads\\\/2024\\\/03\\\/basen-mineral-mischung-lqa-pulver-500-g-00692848-0_2-e1721202920415.jpg\",\"width\":300,\"height\":300},{\"@type\":\"BreadcrumbList\",\"@id\":\"https:\\\/\\\/www.loetsch.at\\\/wordpress_3\\\/die-sache-mit-der-saeure\\\/#breadcrumb\",\"itemListElement\":[{\"@type\":\"ListItem\",\"position\":1,\"name\":\"Startseite\",\"item\":\"https:\\\/\\\/www.loetsch.at\\\/wordpress_3\\\/\"},{\"@type\":\"ListItem\",\"position\":2,\"name\":\"Die Sache mit der S\u00e4ure\"}]},{\"@type\":\"WebSite\",\"@id\":\"https:\\\/\\\/www.loetsch.at\\\/wordpress_3\\\/#website\",\"url\":\"https:\\\/\\\/www.loetsch.at\\\/wordpress_3\\\/\",\"name\":\"Drogerie Max L\u00f6tsch 4840 V\u00f6cklabruck\",\"description\":\"\",\"potentialAction\":[{\"@type\":\"SearchAction\",\"target\":{\"@type\":\"EntryPoint\",\"urlTemplate\":\"https:\\\/\\\/www.loetsch.at\\\/wordpress_3\\\/?s={search_term_string}\"},\"query-input\":{\"@type\":\"PropertyValueSpecification\",\"valueRequired\":true,\"valueName\":\"search_term_string\"}}],\"inLanguage\":\"de\"}]}<\/script>\n<!-- \/ Yoast SEO plugin. -->","yoast_head_json":{"title":"Die Sache mit der S\u00e4ure - Drogerie Max L\u00f6tsch 4840 V\u00f6cklabruck","description":"Immer wieder taucht die Frage auf, wieso verkauft ihr mit solcher Begeisterung eine Basen-Mineralmischung, so quasi als Non-plus-ultra oder als \u201ethere ist nothing higher\u201c?","robots":{"index":"index","follow":"follow","max-snippet":"max-snippet:-1","max-image-preview":"max-image-preview:large","max-video-preview":"max-video-preview:-1"},"canonical":"https:\/\/www.loetsch.at\/wordpress_3\/die-sache-mit-der-saeure\/","og_locale":"de_DE","og_type":"article","og_title":"Die Sache mit der S\u00e4ure - Drogerie Max L\u00f6tsch 4840 V\u00f6cklabruck","og_description":"Immer wieder taucht die Frage auf, wieso verkauft ihr mit solcher Begeisterung eine Basen-Mineralmischung, so quasi als Non-plus-ultra oder als \u201ethere ist nothing higher\u201c?","og_url":"https:\/\/www.loetsch.at\/wordpress_3\/die-sache-mit-der-saeure\/","og_site_name":"Drogerie Max L\u00f6tsch 4840 V\u00f6cklabruck","article_modified_time":"2024-03-16T13:33:57+00:00","og_image":[{"width":1000,"height":1000,"url":"https:\/\/www.loetsch.at\/wordpress_3\/wp-content\/uploads\/2024\/03\/basen-mineral-mischung-lqa-pulver-500-g-00692848-0_2.jpg","type":"image\/jpeg"}],"twitter_card":"summary_large_image","twitter_misc":{"Gesch\u00e4tzte Lesezeit":"3\u00a0Minuten"},"schema":{"@context":"https:\/\/schema.org","@graph":[{"@type":"WebPage","@id":"https:\/\/www.loetsch.at\/wordpress_3\/die-sache-mit-der-saeure\/","url":"https:\/\/www.loetsch.at\/wordpress_3\/die-sache-mit-der-saeure\/","name":"Die Sache mit der S\u00e4ure - Drogerie Max L\u00f6tsch 4840 V\u00f6cklabruck","isPartOf":{"@id":"https:\/\/www.loetsch.at\/wordpress_3\/#website"},"primaryImageOfPage":{"@id":"https:\/\/www.loetsch.at\/wordpress_3\/die-sache-mit-der-saeure\/#primaryimage"},"image":{"@id":"https:\/\/www.loetsch.at\/wordpress_3\/die-sache-mit-der-saeure\/#primaryimage"},"thumbnailUrl":"https:\/\/www.loetsch.at\/wordpress_3\/wp-content\/uploads\/2024\/03\/basen-mineral-mischung-lqa-pulver-500-g-00692848-0_2-e1721202920415.jpg","datePublished":"2024-03-16T13:28:22+00:00","dateModified":"2024-03-16T13:33:57+00:00","description":"Immer wieder taucht die Frage auf, wieso verkauft ihr mit solcher Begeisterung eine Basen-Mineralmischung, so quasi als Non-plus-ultra oder als \u201ethere ist nothing higher\u201c?","breadcrumb":{"@id":"https:\/\/www.loetsch.at\/wordpress_3\/die-sache-mit-der-saeure\/#breadcrumb"},"inLanguage":"de","potentialAction":[{"@type":"ReadAction","target":["https:\/\/www.loetsch.at\/wordpress_3\/die-sache-mit-der-saeure\/"]}]},{"@type":"ImageObject","inLanguage":"de","@id":"https:\/\/www.loetsch.at\/wordpress_3\/die-sache-mit-der-saeure\/#primaryimage","url":"https:\/\/www.loetsch.at\/wordpress_3\/wp-content\/uploads\/2024\/03\/basen-mineral-mischung-lqa-pulver-500-g-00692848-0_2-e1721202920415.jpg","contentUrl":"https:\/\/www.loetsch.at\/wordpress_3\/wp-content\/uploads\/2024\/03\/basen-mineral-mischung-lqa-pulver-500-g-00692848-0_2-e1721202920415.jpg","width":300,"height":300},{"@type":"BreadcrumbList","@id":"https:\/\/www.loetsch.at\/wordpress_3\/die-sache-mit-der-saeure\/#breadcrumb","itemListElement":[{"@type":"ListItem","position":1,"name":"Startseite","item":"https:\/\/www.loetsch.at\/wordpress_3\/"},{"@type":"ListItem","position":2,"name":"Die Sache mit der S\u00e4ure"}]},{"@type":"WebSite","@id":"https:\/\/www.loetsch.at\/wordpress_3\/#website","url":"https:\/\/www.loetsch.at\/wordpress_3\/","name":"Drogerie Max L\u00f6tsch 4840 V\u00f6cklabruck","description":"","potentialAction":[{"@type":"SearchAction","target":{"@type":"EntryPoint","urlTemplate":"https:\/\/www.loetsch.at\/wordpress_3\/?s={search_term_string}"},"query-input":{"@type":"PropertyValueSpecification","valueRequired":true,"valueName":"search_term_string"}}],"inLanguage":"de"}]}},"_links":{"self":[{"href":"https:\/\/www.loetsch.at\/wordpress_3\/wp-json\/wp\/v2\/pages\/3028","targetHints":{"allow":["GET"]}}],"collection":[{"href":"https:\/\/www.loetsch.at\/wordpress_3\/wp-json\/wp\/v2\/pages"}],"about":[{"href":"https:\/\/www.loetsch.at\/wordpress_3\/wp-json\/wp\/v2\/types\/page"}],"author":[{"embeddable":true,"href":"https:\/\/www.loetsch.at\/wordpress_3\/wp-json\/wp\/v2\/users\/1"}],"replies":[{"embeddable":true,"href":"https:\/\/www.loetsch.at\/wordpress_3\/wp-json\/wp\/v2\/comments?post=3028"}],"version-history":[{"count":3,"href":"https:\/\/www.loetsch.at\/wordpress_3\/wp-json\/wp\/v2\/pages\/3028\/revisions"}],"predecessor-version":[{"id":3033,"href":"https:\/\/www.loetsch.at\/wordpress_3\/wp-json\/wp\/v2\/pages\/3028\/revisions\/3033"}],"wp:featuredmedia":[{"embeddable":true,"href":"https:\/\/www.loetsch.at\/wordpress_3\/wp-json\/wp\/v2\/media\/3031"}],"wp:attachment":[{"href":"https:\/\/www.loetsch.at\/wordpress_3\/wp-json\/wp\/v2\/media?parent=3028"}],"curies":[{"name":"wp","href":"https:\/\/api.w.org\/{rel}","templated":true}]}}