{"id":3003,"date":"2024-03-09T09:20:04","date_gmt":"2024-03-09T09:20:04","guid":{"rendered":"https:\/\/www.loetsch.at\/wordpress_3\/?page_id=3003"},"modified":"2025-03-16T16:25:11","modified_gmt":"2025-03-16T16:25:11","slug":"juckt-sie-schon-der-finger","status":"publish","type":"page","link":"https:\/\/www.loetsch.at\/wordpress_3\/juckt-sie-schon-der-finger\/","title":{"rendered":"Juckt Sie schon der Finger?"},"content":{"rendered":"\n<figure class=\"wp-block-image size-full is-resized\"><img loading=\"lazy\" decoding=\"async\" width=\"910\" height=\"511\" src=\"https:\/\/www.loetsch.at\/wordpress_3\/wp-content\/uploads\/2024\/03\/bluete-und-schmetterling-bluete-schmetterling-910x511-1.jpeg\" alt=\"\" class=\"wp-image-3004\" style=\"width:594px;height:auto\" srcset=\"https:\/\/www.loetsch.at\/wordpress_3\/wp-content\/uploads\/2024\/03\/bluete-und-schmetterling-bluete-schmetterling-910x511-1.jpeg 910w, https:\/\/www.loetsch.at\/wordpress_3\/wp-content\/uploads\/2024\/03\/bluete-und-schmetterling-bluete-schmetterling-910x511-1-300x168.jpeg 300w, https:\/\/www.loetsch.at\/wordpress_3\/wp-content\/uploads\/2024\/03\/bluete-und-schmetterling-bluete-schmetterling-910x511-1-768x431.jpeg 768w\" sizes=\"auto, (max-width: 910px) 100vw, 910px\" \/><figcaption class=\"wp-element-caption\">Foto: dpa &#8211; \u00a9picture alliance \/ dpa<\/figcaption><\/figure>\n\n\n\n<h2 class=\"wp-block-heading alignfull has-text-align-center has-luminous-vivid-orange-background-color has-background has-large-font-size\">Und los gehts: die Fr\u00fchjahrssaison im Garten nimmt Fahrt auf. Und es gibt jede Menge zu tun. Wir konzentrieren uns heute auf 3 D\u00fcngerprodukte und 2 Pflanzenschutzma\u00dfnahmen, die unter dem Scheinwerfer der Erstma\u00dfnahmen stehen. <\/h2>\n\n\n\n<h2 class=\"wp-block-heading has-text-align-center\">Die Oscorna-D\u00fcnger-Produkte<\/h2>\n\n\n\n<p class=\"has-large-font-size\"><a href=\"https:\/\/www.loetsch.at\/wordpress_3\/oscorna-bodenaktivator\/\">Oscorna Bodenaktivator<\/a> , falls Sie umtopfen oder ein Blumen-Gem\u00fcse-Beet neu anlegen&#8230;.  <\/p>\n\n\n\n<figure class=\"wp-block-image aligncenter size-full is-resized\"><img loading=\"lazy\" decoding=\"async\" width=\"303\" height=\"374\" src=\"https:\/\/www.loetsch.at\/wordpress_3\/wp-content\/uploads\/2022\/03\/oscorna_bodenaktivator_5kg-e1647104227474.png\" alt=\"\" class=\"wp-image-45\" style=\"width:127px;height:auto\" srcset=\"https:\/\/www.loetsch.at\/wordpress_3\/wp-content\/uploads\/2022\/03\/oscorna_bodenaktivator_5kg-e1647104227474.png 303w, https:\/\/www.loetsch.at\/wordpress_3\/wp-content\/uploads\/2022\/03\/oscorna_bodenaktivator_5kg-e1647104227474-243x300.png 243w\" sizes=\"auto, (max-width: 303px) 100vw, 303px\" \/><\/figure>\n\n\n\n<p class=\"has-large-font-size\">Oscorna&nbsp;<a href=\"https:\/\/www.loetsch.at\/wordpress_3\/animalin-gartenduenger\/\">Animalin Gartend\u00fcnger<\/a>, das absolute Muss f\u00fcr eine gelungene Gem\u00fcse-Saison<\/p>\n\n\n\n<figure class=\"wp-block-image aligncenter size-full is-resized\"><img loading=\"lazy\" decoding=\"async\" width=\"400\" height=\"400\" src=\"https:\/\/www.loetsch.at\/wordpress_3\/wp-content\/uploads\/2022\/03\/oscorna_animalin_5kg.png\" alt=\"\" class=\"wp-image-68\" style=\"width:160px;height:auto\" srcset=\"https:\/\/www.loetsch.at\/wordpress_3\/wp-content\/uploads\/2022\/03\/oscorna_animalin_5kg.png 400w, https:\/\/www.loetsch.at\/wordpress_3\/wp-content\/uploads\/2022\/03\/oscorna_animalin_5kg-300x300.png 300w, https:\/\/www.loetsch.at\/wordpress_3\/wp-content\/uploads\/2022\/03\/oscorna_animalin_5kg-150x150.png 150w\" sizes=\"auto, (max-width: 400px) 100vw, 400px\" \/><\/figure>\n\n\n\n<p class=\"has-large-font-size\">Oscorna&nbsp;<a href=\"https:\/\/www.loetsch.at\/wordpress_3\/rasaflor-rasenduenger\/\">Rasaflor Rasend\u00fcnger<\/a>, jetzt, damit sich der Rasen gut und gleichm\u00e4\u00dfig entwickelt<\/p>\n\n\n\n<figure class=\"wp-block-image aligncenter size-full is-resized\"><img loading=\"lazy\" decoding=\"async\" width=\"400\" height=\"400\" src=\"https:\/\/www.loetsch.at\/wordpress_3\/wp-content\/uploads\/2022\/03\/oscorna_rasaflor_5kg.png\" alt=\"\" class=\"wp-image-73\" style=\"width:147px;height:auto\" srcset=\"https:\/\/www.loetsch.at\/wordpress_3\/wp-content\/uploads\/2022\/03\/oscorna_rasaflor_5kg.png 400w, https:\/\/www.loetsch.at\/wordpress_3\/wp-content\/uploads\/2022\/03\/oscorna_rasaflor_5kg-300x300.png 300w, https:\/\/www.loetsch.at\/wordpress_3\/wp-content\/uploads\/2022\/03\/oscorna_rasaflor_5kg-150x150.png 150w\" sizes=\"auto, (max-width: 400px) 100vw, 400px\" \/><\/figure>\n\n\n\n<h2 class=\"wp-block-heading has-text-align-center\">Pflanzenschutz<\/h2>\n\n\n\n<p class=\"has-large-font-size\"><a href=\"https:\/\/www.loetsch.at\/wordpress_3\/leimbarrieren-warum\/\">Leimringe und Leimspr\u00fcher<\/a>, jetzt die B\u00e4ume sch\u00fctzen, sie werden es Ihnen danken!<\/p>\n\n\n\n<figure class=\"wp-block-image aligncenter size-full is-resized\"><img loading=\"lazy\" decoding=\"async\" width=\"236\" height=\"531\" src=\"https:\/\/www.loetsch.at\/wordpress_3\/wp-content\/uploads\/2022\/03\/leimring.jpg\" alt=\"\" class=\"wp-image-305\" style=\"width:86px;height:auto\" srcset=\"https:\/\/www.loetsch.at\/wordpress_3\/wp-content\/uploads\/2022\/03\/leimring.jpg 236w, https:\/\/www.loetsch.at\/wordpress_3\/wp-content\/uploads\/2022\/03\/leimring-133x300.jpg 133w\" sizes=\"auto, (max-width: 236px) 100vw, 236px\" \/><\/figure>\n\n\n\n<p class=\"has-large-font-size\"><a href=\"https:\/\/www.loetsch.at\/wordpress_3\/promanal\/\">Promanal Austriebsspritzmittel<\/a>, ein wichtiges Pr\u00e4parat gegen Wintereier von Spinnmilben an Obst- und Ziergeh\u00f6lzen.<\/p>\n\n\n\n<figure class=\"wp-block-image aligncenter size-large is-resized\"><img loading=\"lazy\" decoding=\"async\" width=\"857\" height=\"1024\" src=\"https:\/\/www.loetsch.at\/wordpress_3\/wp-content\/uploads\/2022\/04\/promanal_neu_austriebsspritzmittel_03-857x1024.png\" alt=\"\" class=\"wp-image-999\" style=\"width:243px;height:auto\"\/><\/figure>\n\n\n\n<h2 class=\"wp-block-heading\">Sie m\u00f6chten noch mehr tun?<\/h2>\n\n\n\n<p class=\"has-large-font-size\">Hier einige&nbsp;<a href=\"https:\/\/www.loetsch.at\/wordpress_3\/pflanzenstaerkung\/\">Produkte der Pflanzenst\u00e4rku<\/a>ng. Die Mausklicks informieren Sie!<\/p>\n\n\n\n<h4 class=\"wp-block-heading alignfull has-luminous-vivid-orange-background-color has-background has-large-font-size\">Wenn Sie die M\u00f6glichkeit haben, Blumenerde. D\u00fcnger usw. mit dem Auto abzuholen, dann parken Sie am besten in unserer Einfahrt am Graben, gegen\u00fcber dem Chinarestaurant Red Panda..<\/h4>\n\n\n\n<h2 class=\"wp-block-heading has-text-align-center\"><strong>Drogerie Max L\u00f6tsch 4840 V\u00f6cklabruck<\/strong><\/h2>\n\n\n\n<p class=\"has-text-align-center\"><strong>Hinterstadt 23 Tel. 0699 19226327<\/strong><\/p>\n\n\n\n<p class=\"has-text-align-center\"><strong>email: loetsch@aon.at<\/strong><\/p>\n\n\n\n<p class=\"has-text-align-center\"><strong><a href=\"https:\/\/www.loetsch.at\/\">homepage: loetsch.at<\/a><\/strong><\/p>\n","protected":false},"excerpt":{"rendered":"<p>Und los gehts: die Fr\u00fchjahrssaison im Garten nimmt Fahrt auf. Und es gibt jede Menge zu tun. Wir konzentrieren uns heute auf 3 D\u00fcngerprodukte und 2 Pflanzenschutzma\u00dfnahmen, die unter dem Scheinwerfer der Erstma\u00dfnahmen stehen. Die Oscorna-D\u00fcnger-Produkte Oscorna Bodenaktivator , falls Sie umtopfen oder ein Blumen-Gem\u00fcse-Beet neu anlegen&#8230;. Oscorna&nbsp;Animalin Gartend\u00fcnger, das absolute Muss f\u00fcr eine gelungene [&hellip;]<\/p>\n","protected":false},"author":1,"featured_media":0,"parent":0,"menu_order":0,"comment_status":"closed","ping_status":"closed","template":"wp-custom-template-teeneuestes","meta":{"footnotes":""},"class_list":["post-3003","page","type-page","status-publish","hentry"],"yoast_head":"<!-- This site is optimized with the Yoast SEO plugin v27.5 - https:\/\/yoast.com\/product\/yoast-seo-wordpress\/ -->\n<title>Juckt Sie schon der Finger? - Drogerie Max L\u00f6tsch 4840 V\u00f6cklabruck<\/title>\n<meta name=\"description\" content=\"Und los gehts: die Fr\u00fchjahrssaison im Garten nimmt Fahrt auf. Und es gibt jede Menge zu tun. Wir konzentrieren uns heute auf 3 D\u00fcngerprodukte und 2 Pflanzenschutzma\u00dfnahmen, die unter dem Scheinwerfer der Erstma\u00dfnahmen stehen.\" \/>\n<meta name=\"robots\" content=\"index, follow, max-snippet:-1, max-image-preview:large, max-video-preview:-1\" \/>\n<link rel=\"canonical\" href=\"https:\/\/www.loetsch.at\/wordpress_3\/juckt-sie-schon-der-finger\/\" \/>\n<meta property=\"og:locale\" content=\"de_DE\" \/>\n<meta property=\"og:type\" content=\"article\" \/>\n<meta property=\"og:title\" content=\"Juckt Sie schon der Finger? - Drogerie Max L\u00f6tsch 4840 V\u00f6cklabruck\" \/>\n<meta property=\"og:description\" content=\"Und los gehts: die Fr\u00fchjahrssaison im Garten nimmt Fahrt auf. Und es gibt jede Menge zu tun. Wir konzentrieren uns heute auf 3 D\u00fcngerprodukte und 2 Pflanzenschutzma\u00dfnahmen, die unter dem Scheinwerfer der Erstma\u00dfnahmen stehen.\" \/>\n<meta property=\"og:url\" content=\"https:\/\/www.loetsch.at\/wordpress_3\/juckt-sie-schon-der-finger\/\" \/>\n<meta property=\"og:site_name\" content=\"Drogerie Max L\u00f6tsch 4840 V\u00f6cklabruck\" \/>\n<meta property=\"article:modified_time\" content=\"2025-03-16T16:25:11+00:00\" \/>\n<meta property=\"og:image\" content=\"https:\/\/www.loetsch.at\/wordpress_3\/wp-content\/uploads\/2024\/03\/bluete-und-schmetterling-bluete-schmetterling-910x511-1.jpeg\" \/>\n\t<meta property=\"og:image:width\" content=\"910\" \/>\n\t<meta property=\"og:image:height\" content=\"511\" \/>\n\t<meta property=\"og:image:type\" content=\"image\/jpeg\" \/>\n<meta name=\"twitter:card\" content=\"summary_large_image\" \/>\n<meta name=\"twitter:label1\" content=\"Gesch\u00e4tzte Lesezeit\" \/>\n\t<meta name=\"twitter:data1\" content=\"3\u00a0Minuten\" \/>\n<script type=\"application\/ld+json\" class=\"yoast-schema-graph\">{\"@context\":\"https:\\\/\\\/schema.org\",\"@graph\":[{\"@type\":\"WebPage\",\"@id\":\"https:\\\/\\\/www.loetsch.at\\\/wordpress_3\\\/juckt-sie-schon-der-finger\\\/\",\"url\":\"https:\\\/\\\/www.loetsch.at\\\/wordpress_3\\\/juckt-sie-schon-der-finger\\\/\",\"name\":\"Juckt Sie schon der Finger? - Drogerie Max L\u00f6tsch 4840 V\u00f6cklabruck\",\"isPartOf\":{\"@id\":\"https:\\\/\\\/www.loetsch.at\\\/wordpress_3\\\/#website\"},\"primaryImageOfPage\":{\"@id\":\"https:\\\/\\\/www.loetsch.at\\\/wordpress_3\\\/juckt-sie-schon-der-finger\\\/#primaryimage\"},\"image\":{\"@id\":\"https:\\\/\\\/www.loetsch.at\\\/wordpress_3\\\/juckt-sie-schon-der-finger\\\/#primaryimage\"},\"thumbnailUrl\":\"https:\\\/\\\/www.loetsch.at\\\/wordpress_3\\\/wp-content\\\/uploads\\\/2024\\\/03\\\/bluete-und-schmetterling-bluete-schmetterling-910x511-1.jpeg\",\"datePublished\":\"2024-03-09T09:20:04+00:00\",\"dateModified\":\"2025-03-16T16:25:11+00:00\",\"description\":\"Und los gehts: die Fr\u00fchjahrssaison im Garten nimmt Fahrt auf. Und es gibt jede Menge zu tun. Wir konzentrieren uns heute auf 3 D\u00fcngerprodukte und 2 Pflanzenschutzma\u00dfnahmen, die unter dem Scheinwerfer der Erstma\u00dfnahmen stehen.\",\"breadcrumb\":{\"@id\":\"https:\\\/\\\/www.loetsch.at\\\/wordpress_3\\\/juckt-sie-schon-der-finger\\\/#breadcrumb\"},\"inLanguage\":\"de\",\"potentialAction\":[{\"@type\":\"ReadAction\",\"target\":[\"https:\\\/\\\/www.loetsch.at\\\/wordpress_3\\\/juckt-sie-schon-der-finger\\\/\"]}]},{\"@type\":\"ImageObject\",\"inLanguage\":\"de\",\"@id\":\"https:\\\/\\\/www.loetsch.at\\\/wordpress_3\\\/juckt-sie-schon-der-finger\\\/#primaryimage\",\"url\":\"https:\\\/\\\/www.loetsch.at\\\/wordpress_3\\\/wp-content\\\/uploads\\\/2024\\\/03\\\/bluete-und-schmetterling-bluete-schmetterling-910x511-1.jpeg\",\"contentUrl\":\"https:\\\/\\\/www.loetsch.at\\\/wordpress_3\\\/wp-content\\\/uploads\\\/2024\\\/03\\\/bluete-und-schmetterling-bluete-schmetterling-910x511-1.jpeg\",\"width\":910,\"height\":511,\"caption\":\"Foto: dpa - \u00a9picture alliance \\\/ dpa\"},{\"@type\":\"BreadcrumbList\",\"@id\":\"https:\\\/\\\/www.loetsch.at\\\/wordpress_3\\\/juckt-sie-schon-der-finger\\\/#breadcrumb\",\"itemListElement\":[{\"@type\":\"ListItem\",\"position\":1,\"name\":\"Startseite\",\"item\":\"https:\\\/\\\/www.loetsch.at\\\/wordpress_3\\\/\"},{\"@type\":\"ListItem\",\"position\":2,\"name\":\"Juckt Sie schon der Finger?\"}]},{\"@type\":\"WebSite\",\"@id\":\"https:\\\/\\\/www.loetsch.at\\\/wordpress_3\\\/#website\",\"url\":\"https:\\\/\\\/www.loetsch.at\\\/wordpress_3\\\/\",\"name\":\"Drogerie Max L\u00f6tsch 4840 V\u00f6cklabruck\",\"description\":\"\",\"potentialAction\":[{\"@type\":\"SearchAction\",\"target\":{\"@type\":\"EntryPoint\",\"urlTemplate\":\"https:\\\/\\\/www.loetsch.at\\\/wordpress_3\\\/?s={search_term_string}\"},\"query-input\":{\"@type\":\"PropertyValueSpecification\",\"valueRequired\":true,\"valueName\":\"search_term_string\"}}],\"inLanguage\":\"de\"}]}<\/script>\n<!-- \/ Yoast SEO plugin. -->","yoast_head_json":{"title":"Juckt Sie schon der Finger? - Drogerie Max L\u00f6tsch 4840 V\u00f6cklabruck","description":"Und los gehts: die Fr\u00fchjahrssaison im Garten nimmt Fahrt auf. Und es gibt jede Menge zu tun. Wir konzentrieren uns heute auf 3 D\u00fcngerprodukte und 2 Pflanzenschutzma\u00dfnahmen, die unter dem Scheinwerfer der Erstma\u00dfnahmen stehen.","robots":{"index":"index","follow":"follow","max-snippet":"max-snippet:-1","max-image-preview":"max-image-preview:large","max-video-preview":"max-video-preview:-1"},"canonical":"https:\/\/www.loetsch.at\/wordpress_3\/juckt-sie-schon-der-finger\/","og_locale":"de_DE","og_type":"article","og_title":"Juckt Sie schon der Finger? - Drogerie Max L\u00f6tsch 4840 V\u00f6cklabruck","og_description":"Und los gehts: die Fr\u00fchjahrssaison im Garten nimmt Fahrt auf. Und es gibt jede Menge zu tun. Wir konzentrieren uns heute auf 3 D\u00fcngerprodukte und 2 Pflanzenschutzma\u00dfnahmen, die unter dem Scheinwerfer der Erstma\u00dfnahmen stehen.","og_url":"https:\/\/www.loetsch.at\/wordpress_3\/juckt-sie-schon-der-finger\/","og_site_name":"Drogerie Max L\u00f6tsch 4840 V\u00f6cklabruck","article_modified_time":"2025-03-16T16:25:11+00:00","og_image":[{"width":910,"height":511,"url":"https:\/\/www.loetsch.at\/wordpress_3\/wp-content\/uploads\/2024\/03\/bluete-und-schmetterling-bluete-schmetterling-910x511-1.jpeg","type":"image\/jpeg"}],"twitter_card":"summary_large_image","twitter_misc":{"Gesch\u00e4tzte Lesezeit":"3\u00a0Minuten"},"schema":{"@context":"https:\/\/schema.org","@graph":[{"@type":"WebPage","@id":"https:\/\/www.loetsch.at\/wordpress_3\/juckt-sie-schon-der-finger\/","url":"https:\/\/www.loetsch.at\/wordpress_3\/juckt-sie-schon-der-finger\/","name":"Juckt Sie schon der Finger? - Drogerie Max L\u00f6tsch 4840 V\u00f6cklabruck","isPartOf":{"@id":"https:\/\/www.loetsch.at\/wordpress_3\/#website"},"primaryImageOfPage":{"@id":"https:\/\/www.loetsch.at\/wordpress_3\/juckt-sie-schon-der-finger\/#primaryimage"},"image":{"@id":"https:\/\/www.loetsch.at\/wordpress_3\/juckt-sie-schon-der-finger\/#primaryimage"},"thumbnailUrl":"https:\/\/www.loetsch.at\/wordpress_3\/wp-content\/uploads\/2024\/03\/bluete-und-schmetterling-bluete-schmetterling-910x511-1.jpeg","datePublished":"2024-03-09T09:20:04+00:00","dateModified":"2025-03-16T16:25:11+00:00","description":"Und los gehts: die Fr\u00fchjahrssaison im Garten nimmt Fahrt auf. Und es gibt jede Menge zu tun. Wir konzentrieren uns heute auf 3 D\u00fcngerprodukte und 2 Pflanzenschutzma\u00dfnahmen, die unter dem Scheinwerfer der Erstma\u00dfnahmen stehen.","breadcrumb":{"@id":"https:\/\/www.loetsch.at\/wordpress_3\/juckt-sie-schon-der-finger\/#breadcrumb"},"inLanguage":"de","potentialAction":[{"@type":"ReadAction","target":["https:\/\/www.loetsch.at\/wordpress_3\/juckt-sie-schon-der-finger\/"]}]},{"@type":"ImageObject","inLanguage":"de","@id":"https:\/\/www.loetsch.at\/wordpress_3\/juckt-sie-schon-der-finger\/#primaryimage","url":"https:\/\/www.loetsch.at\/wordpress_3\/wp-content\/uploads\/2024\/03\/bluete-und-schmetterling-bluete-schmetterling-910x511-1.jpeg","contentUrl":"https:\/\/www.loetsch.at\/wordpress_3\/wp-content\/uploads\/2024\/03\/bluete-und-schmetterling-bluete-schmetterling-910x511-1.jpeg","width":910,"height":511,"caption":"Foto: dpa - \u00a9picture alliance \/ dpa"},{"@type":"BreadcrumbList","@id":"https:\/\/www.loetsch.at\/wordpress_3\/juckt-sie-schon-der-finger\/#breadcrumb","itemListElement":[{"@type":"ListItem","position":1,"name":"Startseite","item":"https:\/\/www.loetsch.at\/wordpress_3\/"},{"@type":"ListItem","position":2,"name":"Juckt Sie schon der Finger?"}]},{"@type":"WebSite","@id":"https:\/\/www.loetsch.at\/wordpress_3\/#website","url":"https:\/\/www.loetsch.at\/wordpress_3\/","name":"Drogerie Max L\u00f6tsch 4840 V\u00f6cklabruck","description":"","potentialAction":[{"@type":"SearchAction","target":{"@type":"EntryPoint","urlTemplate":"https:\/\/www.loetsch.at\/wordpress_3\/?s={search_term_string}"},"query-input":{"@type":"PropertyValueSpecification","valueRequired":true,"valueName":"search_term_string"}}],"inLanguage":"de"}]}},"_links":{"self":[{"href":"https:\/\/www.loetsch.at\/wordpress_3\/wp-json\/wp\/v2\/pages\/3003","targetHints":{"allow":["GET"]}}],"collection":[{"href":"https:\/\/www.loetsch.at\/wordpress_3\/wp-json\/wp\/v2\/pages"}],"about":[{"href":"https:\/\/www.loetsch.at\/wordpress_3\/wp-json\/wp\/v2\/types\/page"}],"author":[{"embeddable":true,"href":"https:\/\/www.loetsch.at\/wordpress_3\/wp-json\/wp\/v2\/users\/1"}],"replies":[{"embeddable":true,"href":"https:\/\/www.loetsch.at\/wordpress_3\/wp-json\/wp\/v2\/comments?post=3003"}],"version-history":[{"count":8,"href":"https:\/\/www.loetsch.at\/wordpress_3\/wp-json\/wp\/v2\/pages\/3003\/revisions"}],"predecessor-version":[{"id":4597,"href":"https:\/\/www.loetsch.at\/wordpress_3\/wp-json\/wp\/v2\/pages\/3003\/revisions\/4597"}],"wp:attachment":[{"href":"https:\/\/www.loetsch.at\/wordpress_3\/wp-json\/wp\/v2\/media?parent=3003"}],"curies":[{"name":"wp","href":"https:\/\/api.w.org\/{rel}","templated":true}]}}