{"id":2712,"date":"2024-01-14T09:54:34","date_gmt":"2024-01-14T09:54:34","guid":{"rendered":"https:\/\/www.loetsch.at\/wordpress_3\/?page_id=2712"},"modified":"2025-07-31T12:15:19","modified_gmt":"2025-07-31T12:15:19","slug":"bitterstoffe","status":"publish","type":"page","link":"https:\/\/www.loetsch.at\/wordpress_3\/bitterstoffe\/","title":{"rendered":"Bitterstoffe"},"content":{"rendered":"\n<p><strong>nach Susanne Korasani:<\/strong><\/p>\n\n\n\n<h2 class=\"wp-block-heading alignwide has-luminous-vivid-orange-background-color has-background has-large-font-size\"><strong>&#8222;Bitterstoffdrogen sind Heilpflanzen, bei denen die Wirkung der Bitterstoffe im Vordergrund steht. Bitter gibt Energie, schw\u00e4cht den S\u00fc\u00dfhunger, reguliert die Verdauung und wirkt \u00e4hnlich wie Sport auf die inneren Gef\u00e4\u00dfe und die Psyche. Je besser du auf der k\u00f6rperlichen Ebene verdaust, desto besser kannst du auch mental deine t\u00e4glichen Reize und Anforderungen im Alltag &#8222;verdauen&#8220;. Besonders f\u00fcr Leber, Magen, Galle und Darm sind Bitterstoffe das Mittel der Wahl, um alles in Flu\u00df und in Balance zu halten.&#8220;<\/strong><\/h2>\n\n\n\n<p><strong>Beispiele f\u00fcr Bitterdrogen:<\/strong><\/p>\n\n\n\n<p class=\"has-black-color has-vivid-green-cyan-background-color has-text-color has-background has-link-color has-large-font-size wp-elements-543f81067bdb837c32d8a89d8e00334a\"><strong><a href=\"https:\/\/www.loetsch.at\/wordpress_3\/phytopharma-tinkturen\/\">Mariendistel <\/a>: sch\u00fctzt die Leber, hilft bei Magen-Darmbeschwerden, wirkt antitumoral. Die&nbsp;Tropfen der Mariendistel werden in der Volksheilkunde seit langer Zeit&nbsp; zur Steigerung des Gallenflusses eingesetzt. Die Wirkstoffe&nbsp;in der Mariendistel wirken sch\u00fctzend auf die Leber. Mariendisteltinktur erh\u00f6ht auch den Milchfluss. <\/strong><\/p>\n\n\n\n<figure class=\"wp-block-image aligncenter size-full is-resized\"><img loading=\"lazy\" decoding=\"async\" width=\"419\" height=\"624\" src=\"https:\/\/www.loetsch.at\/wordpress_3\/wp-content\/uploads\/2025\/02\/Bild1-1.jpg\" alt=\"\" class=\"wp-image-4490\" style=\"width:202px;height:auto\" srcset=\"https:\/\/www.loetsch.at\/wordpress_3\/wp-content\/uploads\/2025\/02\/Bild1-1.jpg 419w, https:\/\/www.loetsch.at\/wordpress_3\/wp-content\/uploads\/2025\/02\/Bild1-1-201x300.jpg 201w\" sizes=\"auto, (max-width: 419px) 100vw, 419px\" \/><\/figure>\n\n\n\n<div class=\"wp-block-buttons is-layout-flex wp-block-buttons-is-layout-flex\">\n<div class=\"wp-block-button\"><a class=\"wp-block-button__link has-black-color has-luminous-vivid-amber-background-color has-text-color has-background has-link-color wp-element-button\" href=\"https:\/\/www.loetsch.at\/produkt\/phytopharma-mariendistel-50ml\/\"><strong>Web-shop<\/strong><\/a><\/div>\n<\/div>\n\n\n\n<p class=\"has-black-color has-vivid-green-cyan-background-color has-text-color has-background has-link-color has-large-font-size wp-elements-b2650046db3a43d2ceacfaca6c09cf15\"><strong><a href=\"https:\/\/www.loetsch.at\/wordpress_3\/phytopharma-tinkturen\/\">L\u00f6wenzahnwurzel:<\/a> regt den Gallenfluss an, verbessert den Fettstoffwechsel, appetitanregend, antitumoral. L\u00f6wenzahntinktur eignet sich zur Reinigung des Organismus besonders als Fr\u00fchjahrskur. Sie regt alle Verdauungsorgane zur vermehrten Ausscheidung an.<\/strong><\/p>\n\n\n\n<figure class=\"wp-block-image aligncenter size-full is-resized\"><img loading=\"lazy\" decoding=\"async\" width=\"176\" height=\"268\" src=\"https:\/\/www.loetsch.at\/wordpress_3\/wp-content\/uploads\/2024\/01\/loewenzahn.jpg\" alt=\"\" class=\"wp-image-2728\" style=\"width:240px;height:auto\"\/><\/figure>\n\n\n\n<div class=\"wp-block-buttons is-layout-flex wp-block-buttons-is-layout-flex\">\n<div class=\"wp-block-button\"><a class=\"wp-block-button__link has-black-color has-luminous-vivid-amber-background-color has-text-color has-background has-link-color wp-element-button\" href=\"https:\/\/www.loetsch.at\/produkt\/phytopharma-loewenzahn-50-ml\/\"><strong>Web-shop<\/strong><\/a><\/div>\n<\/div>\n\n\n\n<p class=\"has-black-color has-vivid-green-cyan-background-color has-text-color has-background has-link-color has-large-font-size wp-elements-f41fa352a6fc5fa8a5c22683120db644\"><strong> <a href=\"https:\/\/www.loetsch.at\/wordpress_3\/bittersegen\/\">Alkoholischer Kr\u00e4uterbitter<\/a> Bittersegen aus erlesenen Kr\u00e4utern und Gew\u00fcrzen nach einer alten Klosterrezeptur. Ein Qualit\u00e4tsprodukt der Marke LIFE LIGHT<sub>\u00ae<\/sub>.<\/strong><\/p>\n\n\n\n<figure class=\"wp-block-image aligncenter size-full is-resized\"><img loading=\"lazy\" decoding=\"async\" width=\"650\" height=\"650\" src=\"https:\/\/www.loetsch.at\/wordpress_3\/wp-content\/uploads\/2023\/06\/D19335312-p10.webp\" alt=\"\" class=\"wp-image-4787\" style=\"width:221px;height:auto\" srcset=\"https:\/\/www.loetsch.at\/wordpress_3\/wp-content\/uploads\/2023\/06\/D19335312-p10.webp 650w, https:\/\/www.loetsch.at\/wordpress_3\/wp-content\/uploads\/2023\/06\/D19335312-p10-300x300.webp 300w, https:\/\/www.loetsch.at\/wordpress_3\/wp-content\/uploads\/2023\/06\/D19335312-p10-150x150.webp 150w\" sizes=\"auto, (max-width: 650px) 100vw, 650px\" \/><\/figure>\n\n\n\n<div class=\"wp-block-buttons is-layout-flex wp-block-buttons-is-layout-flex\">\n<div class=\"wp-block-button\"><a class=\"wp-block-button__link has-black-color has-luminous-vivid-amber-background-color has-text-color has-background has-link-color wp-element-button\" href=\"https:\/\/www.loetsch.at\/produkt\/bittersegen\/\"><strong>Web-shop<\/strong><\/a><\/div>\n<\/div>\n\n\n\n<p class=\"has-black-color has-vivid-green-cyan-background-color has-text-color has-background has-link-color has-large-font-size wp-elements-2afd0cd84b8d43f463e10180466fa90b\"><strong><a href=\"https:\/\/www.loetsch.at\/wordpress_3\/orthomolekulare-naehrstoffe-3\/\">Kurkuma<\/a>: Spice up your life! Mit dem Milden Kurkuma-Tee geht das jetzt teetrinkend, ganz nebenbei. Mit diesem Tee ist Wohlbehagen garantiert. Kurkuma ist f\u00fcr seine Vielseitigkeit bekannt, in dieser Kombination sorgt er f\u00fcr ein gro\u00dfartiges Bauchgef\u00fchl. Der Tee pr\u00e4sentiert sich in der Tasse in einem warmen Bernstein und schmeckt dabei harmonisch nach Vanille und Zimt. Quinoa, Gem\u00fcseaufl\u00e4ufe und leichte Salate begleitet er, wie ein wahrer Gentleman, aber auch Obstsalate finden ihn ganz wunderbar. Kurkuma f\u00f6rdert die Aktivit\u00e4t der k\u00f6rpereigenen Antioxydantien, entz\u00fcndungshemmend, immunst\u00e4rkend, leberst\u00e4rkend, regt die Durchblutung an und wirkt daher w<\/strong>\u00e4rmend.<\/p>\n\n\n\n<figure class=\"wp-block-image aligncenter size-full\"><img loading=\"lazy\" decoding=\"async\" width=\"205\" height=\"353\" src=\"https:\/\/www.loetsch.at\/wordpress_3\/wp-content\/uploads\/2024\/01\/Curcuma-plus_60K-e1724048918246.png\" alt=\"\" class=\"wp-image-2744\"\/><\/figure>\n\n\n\n<div class=\"wp-block-buttons is-layout-flex wp-block-buttons-is-layout-flex\">\n<div class=\"wp-block-button\"><a class=\"wp-block-button__link has-black-color has-luminous-vivid-amber-background-color has-text-color has-background has-link-color wp-element-button\" href=\"https:\/\/www.loetsch.at\/produkt\/kurkuma-plus\/\"><strong>Web-shop<\/strong><\/a><\/div>\n<\/div>\n\n\n\n<figure class=\"wp-block-image aligncenter size-full is-resized\"><img loading=\"lazy\" decoding=\"async\" width=\"593\" height=\"593\" src=\"https:\/\/www.loetsch.at\/wordpress_3\/wp-content\/uploads\/2024\/01\/02523_Milder_Kurkuma.webp\" alt=\"\" class=\"wp-image-2748\" style=\"width:290px;height:auto\" srcset=\"https:\/\/www.loetsch.at\/wordpress_3\/wp-content\/uploads\/2024\/01\/02523_Milder_Kurkuma.webp 593w, https:\/\/www.loetsch.at\/wordpress_3\/wp-content\/uploads\/2024\/01\/02523_Milder_Kurkuma-300x300.webp 300w, https:\/\/www.loetsch.at\/wordpress_3\/wp-content\/uploads\/2024\/01\/02523_Milder_Kurkuma-150x150.webp 150w\" sizes=\"auto, (max-width: 593px) 100vw, 593px\" \/><\/figure>\n","protected":false},"excerpt":{"rendered":"<p>nach Susanne Korasani: &#8222;Bitterstoffdrogen sind Heilpflanzen, bei denen die Wirkung der Bitterstoffe im Vordergrund steht. Bitter gibt Energie, schw\u00e4cht den S\u00fc\u00dfhunger, reguliert die Verdauung und wirkt \u00e4hnlich wie Sport auf die inneren Gef\u00e4\u00dfe und die Psyche. Je besser du auf der k\u00f6rperlichen Ebene verdaust, desto besser kannst du auch mental deine t\u00e4glichen Reize und Anforderungen [&hellip;]<\/p>\n","protected":false},"author":1,"featured_media":4490,"parent":0,"menu_order":0,"comment_status":"closed","ping_status":"closed","template":"wp-custom-template-teeneuestes","meta":{"footnotes":""},"class_list":["post-2712","page","type-page","status-publish","has-post-thumbnail","hentry"],"yoast_head":"<!-- This site is optimized with the Yoast SEO plugin v27.5 - https:\/\/yoast.com\/product\/yoast-seo-wordpress\/ -->\n<title>Bitterstoffe - Drogerie Max L\u00f6tsch 4840 V\u00f6cklabruck<\/title>\n<meta name=\"description\" content=\"&quot;Bitterstoffdrogen sind Heilpflanzen, bei denen die Wirkung der Bitterstoffe im Vordergrund steht. Bitter gibt Energie, schw\u00e4cht den S\u00fc\u00dfhunger und reguliert die Verdauung\" \/>\n<meta name=\"robots\" content=\"index, follow, max-snippet:-1, max-image-preview:large, max-video-preview:-1\" \/>\n<link rel=\"canonical\" href=\"https:\/\/www.loetsch.at\/wordpress_3\/bitterstoffe\/\" \/>\n<meta property=\"og:locale\" content=\"de_DE\" \/>\n<meta property=\"og:type\" content=\"article\" \/>\n<meta property=\"og:title\" content=\"Bitterstoffe\" \/>\n<meta property=\"og:description\" content=\"&quot;Bitterstoffdrogen sind Heilpflanzen, bei denen die Wirkung der Bitterstoffe im Vordergrund steht. Bitter gibt Energie, schw\u00e4cht den S\u00fc\u00dfhunger und reguliert die Verdauung.\" \/>\n<meta property=\"og:url\" content=\"https:\/\/www.loetsch.at\/wordpress_3\/bitterstoffe\/\" \/>\n<meta property=\"og:site_name\" content=\"Drogerie Max L\u00f6tsch 4840 V\u00f6cklabruck\" \/>\n<meta property=\"article:modified_time\" content=\"2025-07-31T12:15:19+00:00\" \/>\n<meta property=\"og:image\" content=\"https:\/\/www.loetsch.at\/wordpress_3\/wp-content\/uploads\/2023\/06\/Mariendistel-scaled-1.jpg\" \/>\n\t<meta property=\"og:image:width\" content=\"1200\" \/>\n\t<meta property=\"og:image:height\" content=\"1200\" \/>\n\t<meta property=\"og:image:type\" content=\"image\/jpeg\" \/>\n<meta name=\"twitter:card\" content=\"summary_large_image\" \/>\n<meta name=\"twitter:label1\" content=\"Gesch\u00e4tzte Lesezeit\" \/>\n\t<meta name=\"twitter:data1\" content=\"3\u00a0Minuten\" \/>\n<script type=\"application\/ld+json\" class=\"yoast-schema-graph\">{\"@context\":\"https:\\\/\\\/schema.org\",\"@graph\":[{\"@type\":\"WebPage\",\"@id\":\"https:\\\/\\\/www.loetsch.at\\\/wordpress_3\\\/bitterstoffe\\\/\",\"url\":\"https:\\\/\\\/www.loetsch.at\\\/wordpress_3\\\/bitterstoffe\\\/\",\"name\":\"Bitterstoffe - Drogerie Max L\u00f6tsch 4840 V\u00f6cklabruck\",\"isPartOf\":{\"@id\":\"https:\\\/\\\/www.loetsch.at\\\/wordpress_3\\\/#website\"},\"primaryImageOfPage\":{\"@id\":\"https:\\\/\\\/www.loetsch.at\\\/wordpress_3\\\/bitterstoffe\\\/#primaryimage\"},\"image\":{\"@id\":\"https:\\\/\\\/www.loetsch.at\\\/wordpress_3\\\/bitterstoffe\\\/#primaryimage\"},\"thumbnailUrl\":\"https:\\\/\\\/www.loetsch.at\\\/wordpress_3\\\/wp-content\\\/uploads\\\/2025\\\/02\\\/Bild1-1.jpg\",\"datePublished\":\"2024-01-14T09:54:34+00:00\",\"dateModified\":\"2025-07-31T12:15:19+00:00\",\"description\":\"\\\"Bitterstoffdrogen sind Heilpflanzen, bei denen die Wirkung der Bitterstoffe im Vordergrund steht. Bitter gibt Energie, schw\u00e4cht den S\u00fc\u00dfhunger und reguliert die Verdauung\",\"breadcrumb\":{\"@id\":\"https:\\\/\\\/www.loetsch.at\\\/wordpress_3\\\/bitterstoffe\\\/#breadcrumb\"},\"inLanguage\":\"de\",\"potentialAction\":[{\"@type\":\"ReadAction\",\"target\":[\"https:\\\/\\\/www.loetsch.at\\\/wordpress_3\\\/bitterstoffe\\\/\"]}]},{\"@type\":\"ImageObject\",\"inLanguage\":\"de\",\"@id\":\"https:\\\/\\\/www.loetsch.at\\\/wordpress_3\\\/bitterstoffe\\\/#primaryimage\",\"url\":\"https:\\\/\\\/www.loetsch.at\\\/wordpress_3\\\/wp-content\\\/uploads\\\/2025\\\/02\\\/Bild1-1.jpg\",\"contentUrl\":\"https:\\\/\\\/www.loetsch.at\\\/wordpress_3\\\/wp-content\\\/uploads\\\/2025\\\/02\\\/Bild1-1.jpg\",\"width\":419,\"height\":624},{\"@type\":\"BreadcrumbList\",\"@id\":\"https:\\\/\\\/www.loetsch.at\\\/wordpress_3\\\/bitterstoffe\\\/#breadcrumb\",\"itemListElement\":[{\"@type\":\"ListItem\",\"position\":1,\"name\":\"Startseite\",\"item\":\"https:\\\/\\\/www.loetsch.at\\\/wordpress_3\\\/\"},{\"@type\":\"ListItem\",\"position\":2,\"name\":\"Bitterstoffe\"}]},{\"@type\":\"WebSite\",\"@id\":\"https:\\\/\\\/www.loetsch.at\\\/wordpress_3\\\/#website\",\"url\":\"https:\\\/\\\/www.loetsch.at\\\/wordpress_3\\\/\",\"name\":\"Drogerie Max L\u00f6tsch 4840 V\u00f6cklabruck\",\"description\":\"\",\"potentialAction\":[{\"@type\":\"SearchAction\",\"target\":{\"@type\":\"EntryPoint\",\"urlTemplate\":\"https:\\\/\\\/www.loetsch.at\\\/wordpress_3\\\/?s={search_term_string}\"},\"query-input\":{\"@type\":\"PropertyValueSpecification\",\"valueRequired\":true,\"valueName\":\"search_term_string\"}}],\"inLanguage\":\"de\"}]}<\/script>\n<!-- \/ Yoast SEO plugin. -->","yoast_head_json":{"title":"Bitterstoffe - Drogerie Max L\u00f6tsch 4840 V\u00f6cklabruck","description":"\"Bitterstoffdrogen sind Heilpflanzen, bei denen die Wirkung der Bitterstoffe im Vordergrund steht. Bitter gibt Energie, schw\u00e4cht den S\u00fc\u00dfhunger und reguliert die Verdauung","robots":{"index":"index","follow":"follow","max-snippet":"max-snippet:-1","max-image-preview":"max-image-preview:large","max-video-preview":"max-video-preview:-1"},"canonical":"https:\/\/www.loetsch.at\/wordpress_3\/bitterstoffe\/","og_locale":"de_DE","og_type":"article","og_title":"Bitterstoffe","og_description":"\"Bitterstoffdrogen sind Heilpflanzen, bei denen die Wirkung der Bitterstoffe im Vordergrund steht. Bitter gibt Energie, schw\u00e4cht den S\u00fc\u00dfhunger und reguliert die Verdauung.","og_url":"https:\/\/www.loetsch.at\/wordpress_3\/bitterstoffe\/","og_site_name":"Drogerie Max L\u00f6tsch 4840 V\u00f6cklabruck","article_modified_time":"2025-07-31T12:15:19+00:00","og_image":[{"width":1200,"height":1200,"url":"https:\/\/www.loetsch.at\/wordpress_3\/wp-content\/uploads\/2023\/06\/Mariendistel-scaled-1.jpg","type":"image\/jpeg"}],"twitter_card":"summary_large_image","twitter_misc":{"Gesch\u00e4tzte Lesezeit":"3\u00a0Minuten"},"schema":{"@context":"https:\/\/schema.org","@graph":[{"@type":"WebPage","@id":"https:\/\/www.loetsch.at\/wordpress_3\/bitterstoffe\/","url":"https:\/\/www.loetsch.at\/wordpress_3\/bitterstoffe\/","name":"Bitterstoffe - Drogerie Max L\u00f6tsch 4840 V\u00f6cklabruck","isPartOf":{"@id":"https:\/\/www.loetsch.at\/wordpress_3\/#website"},"primaryImageOfPage":{"@id":"https:\/\/www.loetsch.at\/wordpress_3\/bitterstoffe\/#primaryimage"},"image":{"@id":"https:\/\/www.loetsch.at\/wordpress_3\/bitterstoffe\/#primaryimage"},"thumbnailUrl":"https:\/\/www.loetsch.at\/wordpress_3\/wp-content\/uploads\/2025\/02\/Bild1-1.jpg","datePublished":"2024-01-14T09:54:34+00:00","dateModified":"2025-07-31T12:15:19+00:00","description":"\"Bitterstoffdrogen sind Heilpflanzen, bei denen die Wirkung der Bitterstoffe im Vordergrund steht. Bitter gibt Energie, schw\u00e4cht den S\u00fc\u00dfhunger und reguliert die Verdauung","breadcrumb":{"@id":"https:\/\/www.loetsch.at\/wordpress_3\/bitterstoffe\/#breadcrumb"},"inLanguage":"de","potentialAction":[{"@type":"ReadAction","target":["https:\/\/www.loetsch.at\/wordpress_3\/bitterstoffe\/"]}]},{"@type":"ImageObject","inLanguage":"de","@id":"https:\/\/www.loetsch.at\/wordpress_3\/bitterstoffe\/#primaryimage","url":"https:\/\/www.loetsch.at\/wordpress_3\/wp-content\/uploads\/2025\/02\/Bild1-1.jpg","contentUrl":"https:\/\/www.loetsch.at\/wordpress_3\/wp-content\/uploads\/2025\/02\/Bild1-1.jpg","width":419,"height":624},{"@type":"BreadcrumbList","@id":"https:\/\/www.loetsch.at\/wordpress_3\/bitterstoffe\/#breadcrumb","itemListElement":[{"@type":"ListItem","position":1,"name":"Startseite","item":"https:\/\/www.loetsch.at\/wordpress_3\/"},{"@type":"ListItem","position":2,"name":"Bitterstoffe"}]},{"@type":"WebSite","@id":"https:\/\/www.loetsch.at\/wordpress_3\/#website","url":"https:\/\/www.loetsch.at\/wordpress_3\/","name":"Drogerie Max L\u00f6tsch 4840 V\u00f6cklabruck","description":"","potentialAction":[{"@type":"SearchAction","target":{"@type":"EntryPoint","urlTemplate":"https:\/\/www.loetsch.at\/wordpress_3\/?s={search_term_string}"},"query-input":{"@type":"PropertyValueSpecification","valueRequired":true,"valueName":"search_term_string"}}],"inLanguage":"de"}]}},"_links":{"self":[{"href":"https:\/\/www.loetsch.at\/wordpress_3\/wp-json\/wp\/v2\/pages\/2712","targetHints":{"allow":["GET"]}}],"collection":[{"href":"https:\/\/www.loetsch.at\/wordpress_3\/wp-json\/wp\/v2\/pages"}],"about":[{"href":"https:\/\/www.loetsch.at\/wordpress_3\/wp-json\/wp\/v2\/types\/page"}],"author":[{"embeddable":true,"href":"https:\/\/www.loetsch.at\/wordpress_3\/wp-json\/wp\/v2\/users\/1"}],"replies":[{"embeddable":true,"href":"https:\/\/www.loetsch.at\/wordpress_3\/wp-json\/wp\/v2\/comments?post=2712"}],"version-history":[{"count":28,"href":"https:\/\/www.loetsch.at\/wordpress_3\/wp-json\/wp\/v2\/pages\/2712\/revisions"}],"predecessor-version":[{"id":4793,"href":"https:\/\/www.loetsch.at\/wordpress_3\/wp-json\/wp\/v2\/pages\/2712\/revisions\/4793"}],"wp:featuredmedia":[{"embeddable":true,"href":"https:\/\/www.loetsch.at\/wordpress_3\/wp-json\/wp\/v2\/media\/4490"}],"wp:attachment":[{"href":"https:\/\/www.loetsch.at\/wordpress_3\/wp-json\/wp\/v2\/media?parent=2712"}],"curies":[{"name":"wp","href":"https:\/\/api.w.org\/{rel}","templated":true}]}}