{"id":2703,"date":"2024-01-07T15:05:33","date_gmt":"2024-01-07T15:05:33","guid":{"rendered":"https:\/\/www.loetsch.at\/wordpress_3\/?page_id=2703"},"modified":"2024-08-04T08:09:38","modified_gmt":"2024-08-04T08:09:38","slug":"aus-der-drogerie","status":"publish","type":"page","link":"https:\/\/www.loetsch.at\/wordpress_3\/aus-der-drogerie\/","title":{"rendered":"Aus der Drogerie"},"content":{"rendered":"\n<p class=\"has-large-font-size\"><strong>einige ausgew\u00e4hlte Produkte aus der Drogerie<\/strong><\/p>\n\n\n\n<p class=\"has-large-font-size\">Weingeist, Anti-Schimmelspray, Insektenvernichter, Hunde- und Katzenschreck<\/p>\n\n\n\n<p>Salzs\u00e4ure, Fleckbenzin, Wundbenzin, Spiritus, Aceton, Ammoniak, Wasserstoff, Ameisens\u00e4ure, Carbid<\/p>\n\n\n\n<figure class=\"wp-block-image size-full\"><img loading=\"lazy\" decoding=\"async\" width=\"608\" height=\"220\" src=\"https:\/\/www.loetsch.at\/wordpress_3\/wp-content\/uploads\/2024\/08\/k-IMG_20240804_094327707-e1722758663949.jpg\" alt=\"\" class=\"wp-image-3706\" srcset=\"https:\/\/www.loetsch.at\/wordpress_3\/wp-content\/uploads\/2024\/08\/k-IMG_20240804_094327707-e1722758663949.jpg 608w, https:\/\/www.loetsch.at\/wordpress_3\/wp-content\/uploads\/2024\/08\/k-IMG_20240804_094327707-e1722758663949-300x109.jpg 300w\" sizes=\"auto, (max-width: 608px) 100vw, 608px\" \/><\/figure>\n\n\n<ul class=\"wp-block-latest-posts__list has-link-color wp-elements-5eec7de08435569ec8c04fb5b64da8e8 wp-block-latest-posts\"><li><a class=\"wp-block-latest-posts__post-title\" href=\"https:\/\/www.loetsch.at\/wordpress_3\/teich-klar\/\">Teich Klar<\/a><div class=\"wp-block-latest-posts__post-excerpt\">1 Liter reicht f\u00fcr 20.000 Liter (20m\u00b3) Beckeninhalt WirkstoffVerschiedene Bakterienst\u00e4mme\/Mikroorganismen WirkungsweiseTeich Klar ist ein biologisches Produkt, welches zur Reduktion des Schlammgehaltes in Fischteichen, Gartenteichen und Badeteichen eingesetzt\u2026\u00a0<a class=\"wp-block-latest-posts__read-more\" href=\"https:\/\/www.loetsch.at\/wordpress_3\/teich-klar\/\" rel=\"noopener noreferrer\"><span class=\"screen-reader-text\">Teich Klar <\/span>weiterlesen<\/a><\/div><\/li>\n<li><a class=\"wp-block-latest-posts__post-title\" href=\"https:\/\/www.loetsch.at\/wordpress_3\/putz-di\/\">Putz Di<\/a><div class=\"wp-block-latest-posts__post-excerpt\">Wirkstoff\/AusgangsstoffMikroorganismen und Enzyme WirkungsweisePutz Di ist ein umweltfreundliches und schnell wirkendes Mittel aus hochaktiven Bakterienkulturen und effektiven Enzymen, welches perfekt f\u00fcr die Reinigung aller Oberfl\u00e4chen geeignet ist.\u2026\u00a0<a class=\"wp-block-latest-posts__read-more\" href=\"https:\/\/www.loetsch.at\/wordpress_3\/putz-di\/\" rel=\"noopener noreferrer\"><span class=\"screen-reader-text\">Putz Di <\/span>weiterlesen<\/a><\/div><\/li>\n<li><a class=\"wp-block-latest-posts__post-title\" href=\"https:\/\/www.loetsch.at\/wordpress_3\/stink-egal\/\">Stink Egal<\/a><div class=\"wp-block-latest-posts__post-excerpt\">Abflussreiniger mit biologischer Wirkung WirkstoffMikroorganismen und Enzyme WirkungsweiseAbfluss Aktiv ist ein umweltfreundliches und effektives Mittel aus hochaktiven Bakterienkulturen und schnell wirkenden Enzymen, das in Abfl\u00fcssen eingesetzt wird.\u2026\u00a0<a class=\"wp-block-latest-posts__read-more\" href=\"https:\/\/www.loetsch.at\/wordpress_3\/stink-egal\/\" rel=\"noopener noreferrer\"><span class=\"screen-reader-text\">Stink Egal <\/span>weiterlesen<\/a><\/div><\/li>\n<li><a class=\"wp-block-latest-posts__post-title\" href=\"https:\/\/www.loetsch.at\/wordpress_3\/abfluss-aktiv\/\">Abfluss Aktiv<\/a><div class=\"wp-block-latest-posts__post-excerpt\">Abflussreiniger mit biologischer Wirkung WirkstoffMikroorganismen und Enzyme WirkungsweiseAbfluss Aktiv ist ein umweltfreundliches und effektives Mittel aus hochaktiven Bakterienkulturen und schnell wirkenden Enzymen, das in Abfl\u00fcssen eingesetzt wird.\u2026\u00a0<a class=\"wp-block-latest-posts__read-more\" href=\"https:\/\/www.loetsch.at\/wordpress_3\/abfluss-aktiv\/\" rel=\"noopener noreferrer\"><span class=\"screen-reader-text\">Abfluss Aktiv <\/span>weiterlesen<\/a><\/div><\/li>\n<li><a class=\"wp-block-latest-posts__post-title\" href=\"https:\/\/www.loetsch.at\/wordpress_3\/weingeist-96\/\">Weingeist 96%<\/a><div class=\"wp-block-latest-posts__post-excerpt\">Weingeist 96% in der Literflasche. Zum Ansetzen, zum Desinfizieren. Mit Wasser verd\u00fcnnen. Empfohlen auf ca. 40% Preis: 1 Liter 32,90<\/div><\/li>\n<\/ul>","protected":false},"excerpt":{"rendered":"<p>einige ausgew\u00e4hlte Produkte aus der Drogerie Weingeist, Anti-Schimmelspray, Insektenvernichter, Hunde- und Katzenschreck Salzs\u00e4ure, Fleckbenzin, Wundbenzin, Spiritus, Aceton, Ammoniak, Wasserstoff, Ameisens\u00e4ure, Carbid<\/p>\n","protected":false},"author":1,"featured_media":0,"parent":0,"menu_order":0,"comment_status":"closed","ping_status":"closed","template":"wp-custom-template-teeneuestes","meta":{"footnotes":""},"class_list":["post-2703","page","type-page","status-publish","hentry"],"yoast_head":"<!-- This site is optimized with the Yoast SEO plugin v27.4 - https:\/\/yoast.com\/product\/yoast-seo-wordpress\/ -->\n<title>Aus der Drogerie - Drogerie Max L\u00f6tsch 4840 V\u00f6cklabruck<\/title>\n<meta name=\"robots\" content=\"index, follow, max-snippet:-1, max-image-preview:large, max-video-preview:-1\" \/>\n<link rel=\"canonical\" href=\"https:\/\/www.loetsch.at\/wordpress_3\/aus-der-drogerie\/\" \/>\n<meta property=\"og:locale\" content=\"de_DE\" \/>\n<meta property=\"og:type\" content=\"article\" \/>\n<meta property=\"og:title\" content=\"Aus der Drogerie - Drogerie Max L\u00f6tsch 4840 V\u00f6cklabruck\" \/>\n<meta property=\"og:description\" content=\"einige ausgew\u00e4hlte Produkte aus der Drogerie Weingeist, Anti-Schimmelspray, Insektenvernichter, Hunde- und Katzenschreck Salzs\u00e4ure, Fleckbenzin, Wundbenzin, Spiritus, Aceton, Ammoniak, Wasserstoff, Ameisens\u00e4ure, Carbid\" \/>\n<meta property=\"og:url\" content=\"https:\/\/www.loetsch.at\/wordpress_3\/aus-der-drogerie\/\" \/>\n<meta property=\"og:site_name\" content=\"Drogerie Max L\u00f6tsch 4840 V\u00f6cklabruck\" \/>\n<meta property=\"article:modified_time\" content=\"2024-08-04T08:09:38+00:00\" \/>\n<meta property=\"og:image\" content=\"https:\/\/www.loetsch.at\/wordpress_3\/wp-content\/uploads\/2024\/08\/k-IMG_20240804_094327707-e1722758663949.jpg\" \/>\n<meta name=\"twitter:card\" content=\"summary_large_image\" \/>\n<meta name=\"twitter:label1\" content=\"Gesch\u00e4tzte Lesezeit\" \/>\n\t<meta name=\"twitter:data1\" content=\"1\u00a0Minute\" \/>\n<script type=\"application\/ld+json\" class=\"yoast-schema-graph\">{\"@context\":\"https:\\\/\\\/schema.org\",\"@graph\":[{\"@type\":\"WebPage\",\"@id\":\"https:\\\/\\\/www.loetsch.at\\\/wordpress_3\\\/aus-der-drogerie\\\/\",\"url\":\"https:\\\/\\\/www.loetsch.at\\\/wordpress_3\\\/aus-der-drogerie\\\/\",\"name\":\"Aus der Drogerie - Drogerie Max L\u00f6tsch 4840 V\u00f6cklabruck\",\"isPartOf\":{\"@id\":\"https:\\\/\\\/www.loetsch.at\\\/wordpress_3\\\/#website\"},\"primaryImageOfPage\":{\"@id\":\"https:\\\/\\\/www.loetsch.at\\\/wordpress_3\\\/aus-der-drogerie\\\/#primaryimage\"},\"image\":{\"@id\":\"https:\\\/\\\/www.loetsch.at\\\/wordpress_3\\\/aus-der-drogerie\\\/#primaryimage\"},\"thumbnailUrl\":\"https:\\\/\\\/www.loetsch.at\\\/wordpress_3\\\/wp-content\\\/uploads\\\/2024\\\/08\\\/k-IMG_20240804_094327707-e1722758663949.jpg\",\"datePublished\":\"2024-01-07T15:05:33+00:00\",\"dateModified\":\"2024-08-04T08:09:38+00:00\",\"breadcrumb\":{\"@id\":\"https:\\\/\\\/www.loetsch.at\\\/wordpress_3\\\/aus-der-drogerie\\\/#breadcrumb\"},\"inLanguage\":\"de\",\"potentialAction\":[{\"@type\":\"ReadAction\",\"target\":[\"https:\\\/\\\/www.loetsch.at\\\/wordpress_3\\\/aus-der-drogerie\\\/\"]}]},{\"@type\":\"ImageObject\",\"inLanguage\":\"de\",\"@id\":\"https:\\\/\\\/www.loetsch.at\\\/wordpress_3\\\/aus-der-drogerie\\\/#primaryimage\",\"url\":\"https:\\\/\\\/www.loetsch.at\\\/wordpress_3\\\/wp-content\\\/uploads\\\/2024\\\/08\\\/k-IMG_20240804_094327707-e1722758663949.jpg\",\"contentUrl\":\"https:\\\/\\\/www.loetsch.at\\\/wordpress_3\\\/wp-content\\\/uploads\\\/2024\\\/08\\\/k-IMG_20240804_094327707-e1722758663949.jpg\",\"width\":608,\"height\":220},{\"@type\":\"BreadcrumbList\",\"@id\":\"https:\\\/\\\/www.loetsch.at\\\/wordpress_3\\\/aus-der-drogerie\\\/#breadcrumb\",\"itemListElement\":[{\"@type\":\"ListItem\",\"position\":1,\"name\":\"Startseite\",\"item\":\"https:\\\/\\\/www.loetsch.at\\\/wordpress_3\\\/\"},{\"@type\":\"ListItem\",\"position\":2,\"name\":\"Aus der Drogerie\"}]},{\"@type\":\"WebSite\",\"@id\":\"https:\\\/\\\/www.loetsch.at\\\/wordpress_3\\\/#website\",\"url\":\"https:\\\/\\\/www.loetsch.at\\\/wordpress_3\\\/\",\"name\":\"Drogerie Max L\u00f6tsch 4840 V\u00f6cklabruck\",\"description\":\"\",\"potentialAction\":[{\"@type\":\"SearchAction\",\"target\":{\"@type\":\"EntryPoint\",\"urlTemplate\":\"https:\\\/\\\/www.loetsch.at\\\/wordpress_3\\\/?s={search_term_string}\"},\"query-input\":{\"@type\":\"PropertyValueSpecification\",\"valueRequired\":true,\"valueName\":\"search_term_string\"}}],\"inLanguage\":\"de\"}]}<\/script>\n<!-- \/ Yoast SEO plugin. -->","yoast_head_json":{"title":"Aus der Drogerie - Drogerie Max L\u00f6tsch 4840 V\u00f6cklabruck","robots":{"index":"index","follow":"follow","max-snippet":"max-snippet:-1","max-image-preview":"max-image-preview:large","max-video-preview":"max-video-preview:-1"},"canonical":"https:\/\/www.loetsch.at\/wordpress_3\/aus-der-drogerie\/","og_locale":"de_DE","og_type":"article","og_title":"Aus der Drogerie - Drogerie Max L\u00f6tsch 4840 V\u00f6cklabruck","og_description":"einige ausgew\u00e4hlte Produkte aus der Drogerie Weingeist, Anti-Schimmelspray, Insektenvernichter, Hunde- und Katzenschreck Salzs\u00e4ure, Fleckbenzin, Wundbenzin, Spiritus, Aceton, Ammoniak, Wasserstoff, Ameisens\u00e4ure, Carbid","og_url":"https:\/\/www.loetsch.at\/wordpress_3\/aus-der-drogerie\/","og_site_name":"Drogerie Max L\u00f6tsch 4840 V\u00f6cklabruck","article_modified_time":"2024-08-04T08:09:38+00:00","og_image":[{"url":"https:\/\/www.loetsch.at\/wordpress_3\/wp-content\/uploads\/2024\/08\/k-IMG_20240804_094327707-e1722758663949.jpg","type":"","width":"","height":""}],"twitter_card":"summary_large_image","twitter_misc":{"Gesch\u00e4tzte Lesezeit":"1\u00a0Minute"},"schema":{"@context":"https:\/\/schema.org","@graph":[{"@type":"WebPage","@id":"https:\/\/www.loetsch.at\/wordpress_3\/aus-der-drogerie\/","url":"https:\/\/www.loetsch.at\/wordpress_3\/aus-der-drogerie\/","name":"Aus der Drogerie - Drogerie Max L\u00f6tsch 4840 V\u00f6cklabruck","isPartOf":{"@id":"https:\/\/www.loetsch.at\/wordpress_3\/#website"},"primaryImageOfPage":{"@id":"https:\/\/www.loetsch.at\/wordpress_3\/aus-der-drogerie\/#primaryimage"},"image":{"@id":"https:\/\/www.loetsch.at\/wordpress_3\/aus-der-drogerie\/#primaryimage"},"thumbnailUrl":"https:\/\/www.loetsch.at\/wordpress_3\/wp-content\/uploads\/2024\/08\/k-IMG_20240804_094327707-e1722758663949.jpg","datePublished":"2024-01-07T15:05:33+00:00","dateModified":"2024-08-04T08:09:38+00:00","breadcrumb":{"@id":"https:\/\/www.loetsch.at\/wordpress_3\/aus-der-drogerie\/#breadcrumb"},"inLanguage":"de","potentialAction":[{"@type":"ReadAction","target":["https:\/\/www.loetsch.at\/wordpress_3\/aus-der-drogerie\/"]}]},{"@type":"ImageObject","inLanguage":"de","@id":"https:\/\/www.loetsch.at\/wordpress_3\/aus-der-drogerie\/#primaryimage","url":"https:\/\/www.loetsch.at\/wordpress_3\/wp-content\/uploads\/2024\/08\/k-IMG_20240804_094327707-e1722758663949.jpg","contentUrl":"https:\/\/www.loetsch.at\/wordpress_3\/wp-content\/uploads\/2024\/08\/k-IMG_20240804_094327707-e1722758663949.jpg","width":608,"height":220},{"@type":"BreadcrumbList","@id":"https:\/\/www.loetsch.at\/wordpress_3\/aus-der-drogerie\/#breadcrumb","itemListElement":[{"@type":"ListItem","position":1,"name":"Startseite","item":"https:\/\/www.loetsch.at\/wordpress_3\/"},{"@type":"ListItem","position":2,"name":"Aus der Drogerie"}]},{"@type":"WebSite","@id":"https:\/\/www.loetsch.at\/wordpress_3\/#website","url":"https:\/\/www.loetsch.at\/wordpress_3\/","name":"Drogerie Max L\u00f6tsch 4840 V\u00f6cklabruck","description":"","potentialAction":[{"@type":"SearchAction","target":{"@type":"EntryPoint","urlTemplate":"https:\/\/www.loetsch.at\/wordpress_3\/?s={search_term_string}"},"query-input":{"@type":"PropertyValueSpecification","valueRequired":true,"valueName":"search_term_string"}}],"inLanguage":"de"}]}},"_links":{"self":[{"href":"https:\/\/www.loetsch.at\/wordpress_3\/wp-json\/wp\/v2\/pages\/2703","targetHints":{"allow":["GET"]}}],"collection":[{"href":"https:\/\/www.loetsch.at\/wordpress_3\/wp-json\/wp\/v2\/pages"}],"about":[{"href":"https:\/\/www.loetsch.at\/wordpress_3\/wp-json\/wp\/v2\/types\/page"}],"author":[{"embeddable":true,"href":"https:\/\/www.loetsch.at\/wordpress_3\/wp-json\/wp\/v2\/users\/1"}],"replies":[{"embeddable":true,"href":"https:\/\/www.loetsch.at\/wordpress_3\/wp-json\/wp\/v2\/comments?post=2703"}],"version-history":[{"count":6,"href":"https:\/\/www.loetsch.at\/wordpress_3\/wp-json\/wp\/v2\/pages\/2703\/revisions"}],"predecessor-version":[{"id":3709,"href":"https:\/\/www.loetsch.at\/wordpress_3\/wp-json\/wp\/v2\/pages\/2703\/revisions\/3709"}],"wp:attachment":[{"href":"https:\/\/www.loetsch.at\/wordpress_3\/wp-json\/wp\/v2\/media?parent=2703"}],"curies":[{"name":"wp","href":"https:\/\/api.w.org\/{rel}","templated":true}]}}