{"id":2266,"date":"2023-06-11T13:52:12","date_gmt":"2023-06-11T13:52:12","guid":{"rendered":"https:\/\/www.loetsch.at\/wordpress_3\/?page_id=2266"},"modified":"2026-03-05T12:09:56","modified_gmt":"2026-03-05T12:09:56","slug":"umami","status":"publish","type":"page","link":"https:\/\/www.loetsch.at\/wordpress_3\/umami\/","title":{"rendered":"Umami"},"content":{"rendered":"\n<h2 class=\"wp-block-heading has-large-font-size\"><strong>Wie l\u00e4sst sich der Umami-Geschmack am besten beschreiben?<\/strong><\/h2>\n\n\n\n<figure class=\"wp-block-image\"><img decoding=\"async\" src=\"https:\/\/www.loetsch.at\/wordpress\/wp-content\/uploads\/2022\/11\/Umami-1024x1024.jpg\" alt=\"\" class=\"wp-image-876\"\/><\/figure>\n\n\n\n<h2 class=\"wp-block-heading alignfull has-light-green-cyan-background-color has-background has-large-font-size\"><strong>Der Geschmack von Umami wird als k\u00f6stlich, wohlschmeckend und w\u00fcrzig beschrieben. Er ist&nbsp;kein Bestandteil der urspr\u00fcnglich bekannten Geschmacksrichtungen&nbsp;salzig, bitter, sauer und s\u00fc\u00df und kann auch nicht durch eine Kombination dieser Bestandteile erzeugt werden. Der Umami-Geschmack auf der Zunge wird durch die Aminos\u00e4ureionen Glutamat und Aspartat sowie durch die Nukleins\u00e4ureionen Inosinat und Guanosinat verursacht. Damit hilft diese Geschmacksqualit\u00e4t, proteinreiche Nahrung zu identifizieren. Sie kommt nicht nur in Form von k\u00fcnstlich erzeugtem Glutamat vor, sondern auch in&nbsp;zahlreichen nat\u00fcrlichen Lebensmitteln. So l\u00e4sst sich Glutamat beispielsweise in&nbsp;Tomaten, Oliven, Fleisch, Bohnen, Sardellen und Sojaso\u00dfe&nbsp;nachweisen. Sogar Muttermilch kann nach Umami schmecken. Wer sich zum Beispiel an den w\u00fcrzigen und leicht salzigen, typischen Geschmack von Br\u00fche, gebratenem Fleisch, Fischsuppe oder Hefeextrakt erinnert, wird wissen, was den Umami Geschmack auf der Zunge ausl\u00f6st. Diese gustatorische Wahrnehmung&nbsp;kann einerseits den Appetit verst\u00e4rken und andererseits das S\u00e4ttigungsgef\u00fchl positiv beeinflussen.<\/strong><\/h2>\n\n\n<ul class=\"wp-block-latest-posts__list has-link-color wp-elements-cea5d4fe3cb9f02a9ae9842bcc8c7479 wp-block-latest-posts has-text-color has-black-color\"><li><a class=\"wp-block-latest-posts__post-title\" href=\"https:\/\/www.loetsch.at\/wordpress_3\/reismiso\/\">Reismiso<\/a><div class=\"wp-block-latest-posts__post-excerpt\">Sojvita- Reis Miso&nbsp;wird&nbsp;2 Jahre im Holzfass fermentiert. Unser&nbsp;Miso wird aus&nbsp;einheimischen, biologischem Getreide und Meersalz&nbsp;hergestellt. Es wird 24 Monate in 2 Tonnen fassenden&nbsp;L\u00e4rchenf\u00e4ssern&nbsp;gereift. Das Miso wird in Gl\u00e4sern abgef\u00fcllt und durch das\u2026\u00a0<a class=\"wp-block-latest-posts__read-more\" href=\"https:\/\/www.loetsch.at\/wordpress_3\/reismiso\/\" rel=\"noopener noreferrer\"><span class=\"screen-reader-text\">Reismiso <\/span>weiterlesen<\/a><\/div><\/li>\n<li><a class=\"wp-block-latest-posts__post-title\" href=\"https:\/\/www.loetsch.at\/wordpress_3\/tamari\/\">Tamari<\/a><div class=\"wp-block-latest-posts__post-excerpt\">Tamari&nbsp;\u00e4hnelt der Sojaso\u00dfe, die als erste von China nach Japan kam. Sie besteht aus Sojabohnen, Wasser und Salz. Der Weizen wird bei der Herstellung weggelassen und somit ist sie glutenfrei. Sie\u2026\u00a0<a class=\"wp-block-latest-posts__read-more\" href=\"https:\/\/www.loetsch.at\/wordpress_3\/tamari\/\" rel=\"noopener noreferrer\"><span class=\"screen-reader-text\">Tamari <\/span>weiterlesen<\/a><\/div><\/li>\n<li><a class=\"wp-block-latest-posts__post-title\" href=\"https:\/\/www.loetsch.at\/wordpress_3\/umami-gewuerz\/\">Umami Gew\u00fcrz<\/a><div class=\"wp-block-latest-posts__post-excerpt\">Wusstest du, dass umami die f\u00fcnfte Geschmackrichtung bezeichnet? Der Begriff stammt aus dem Japanischen und bedeutet \u201eherzhaft\u201c. Genauso schmeckt diese wandelbare Universalw\u00fcrze. Das Cham\u00e4leon unter den Gew\u00fcrzen hebt den Geschmack von\u2026\u00a0<a class=\"wp-block-latest-posts__read-more\" href=\"https:\/\/www.loetsch.at\/wordpress_3\/umami-gewuerz\/\" rel=\"noopener noreferrer\"><span class=\"screen-reader-text\">Umami Gew\u00fcrz <\/span>weiterlesen<\/a><\/div><\/li>\n<\/ul>\n\n\n<ul class=\"wp-block-list\">\n<li><\/li>\n<\/ul>\n","protected":false},"excerpt":{"rendered":"<p>Wie l\u00e4sst sich der Umami-Geschmack am besten beschreiben? Der Geschmack von Umami wird als k\u00f6stlich, wohlschmeckend und w\u00fcrzig beschrieben. Er ist&nbsp;kein Bestandteil der urspr\u00fcnglich bekannten Geschmacksrichtungen&nbsp;salzig, bitter, sauer und s\u00fc\u00df und kann auch nicht durch eine Kombination dieser Bestandteile erzeugt werden. Der Umami-Geschmack auf der Zunge wird durch die Aminos\u00e4ureionen Glutamat und Aspartat sowie durch [&hellip;]<\/p>\n","protected":false},"author":1,"featured_media":0,"parent":0,"menu_order":0,"comment_status":"closed","ping_status":"closed","template":"wp-custom-template-teeneuestes","meta":{"footnotes":""},"class_list":["post-2266","page","type-page","status-publish","hentry"],"yoast_head":"<!-- This site is optimized with the Yoast SEO plugin v27.5 - https:\/\/yoast.com\/product\/yoast-seo-wordpress\/ -->\n<title>Umami - Drogerie Max L\u00f6tsch 4840 V\u00f6cklabruck<\/title>\n<meta name=\"robots\" content=\"index, follow, max-snippet:-1, max-image-preview:large, max-video-preview:-1\" \/>\n<link rel=\"canonical\" href=\"https:\/\/www.loetsch.at\/wordpress_3\/umami\/\" \/>\n<meta property=\"og:locale\" content=\"de_DE\" \/>\n<meta property=\"og:type\" content=\"article\" \/>\n<meta property=\"og:title\" content=\"Umami - Drogerie Max L\u00f6tsch 4840 V\u00f6cklabruck\" \/>\n<meta property=\"og:description\" content=\"Wie l\u00e4sst sich der Umami-Geschmack am besten beschreiben? Der Geschmack von Umami wird als k\u00f6stlich, wohlschmeckend und w\u00fcrzig beschrieben. Er ist&nbsp;kein Bestandteil der urspr\u00fcnglich bekannten Geschmacksrichtungen&nbsp;salzig, bitter, sauer und s\u00fc\u00df und kann auch nicht durch eine Kombination dieser Bestandteile erzeugt werden. Der Umami-Geschmack auf der Zunge wird durch die Aminos\u00e4ureionen Glutamat und Aspartat sowie durch [&hellip;]\" \/>\n<meta property=\"og:url\" content=\"https:\/\/www.loetsch.at\/wordpress_3\/umami\/\" \/>\n<meta property=\"og:site_name\" content=\"Drogerie Max L\u00f6tsch 4840 V\u00f6cklabruck\" \/>\n<meta property=\"article:modified_time\" content=\"2026-03-05T12:09:56+00:00\" \/>\n<meta name=\"twitter:card\" content=\"summary_large_image\" \/>\n<meta name=\"twitter:label1\" content=\"Gesch\u00e4tzte Lesezeit\" \/>\n\t<meta name=\"twitter:data1\" content=\"2\u00a0Minuten\" \/>\n<script type=\"application\/ld+json\" class=\"yoast-schema-graph\">{\"@context\":\"https:\\\/\\\/schema.org\",\"@graph\":[{\"@type\":\"WebPage\",\"@id\":\"https:\\\/\\\/www.loetsch.at\\\/wordpress_3\\\/umami\\\/\",\"url\":\"https:\\\/\\\/www.loetsch.at\\\/wordpress_3\\\/umami\\\/\",\"name\":\"Umami - Drogerie Max L\u00f6tsch 4840 V\u00f6cklabruck\",\"isPartOf\":{\"@id\":\"https:\\\/\\\/www.loetsch.at\\\/wordpress_3\\\/#website\"},\"primaryImageOfPage\":{\"@id\":\"https:\\\/\\\/www.loetsch.at\\\/wordpress_3\\\/umami\\\/#primaryimage\"},\"image\":{\"@id\":\"https:\\\/\\\/www.loetsch.at\\\/wordpress_3\\\/umami\\\/#primaryimage\"},\"thumbnailUrl\":\"https:\\\/\\\/www.loetsch.at\\\/wordpress\\\/wp-content\\\/uploads\\\/2022\\\/11\\\/Umami-1024x1024.jpg\",\"datePublished\":\"2023-06-11T13:52:12+00:00\",\"dateModified\":\"2026-03-05T12:09:56+00:00\",\"breadcrumb\":{\"@id\":\"https:\\\/\\\/www.loetsch.at\\\/wordpress_3\\\/umami\\\/#breadcrumb\"},\"inLanguage\":\"de\",\"potentialAction\":[{\"@type\":\"ReadAction\",\"target\":[\"https:\\\/\\\/www.loetsch.at\\\/wordpress_3\\\/umami\\\/\"]}]},{\"@type\":\"ImageObject\",\"inLanguage\":\"de\",\"@id\":\"https:\\\/\\\/www.loetsch.at\\\/wordpress_3\\\/umami\\\/#primaryimage\",\"url\":\"https:\\\/\\\/www.loetsch.at\\\/wordpress\\\/wp-content\\\/uploads\\\/2022\\\/11\\\/Umami-1024x1024.jpg\",\"contentUrl\":\"https:\\\/\\\/www.loetsch.at\\\/wordpress\\\/wp-content\\\/uploads\\\/2022\\\/11\\\/Umami-1024x1024.jpg\"},{\"@type\":\"BreadcrumbList\",\"@id\":\"https:\\\/\\\/www.loetsch.at\\\/wordpress_3\\\/umami\\\/#breadcrumb\",\"itemListElement\":[{\"@type\":\"ListItem\",\"position\":1,\"name\":\"Startseite\",\"item\":\"https:\\\/\\\/www.loetsch.at\\\/wordpress_3\\\/\"},{\"@type\":\"ListItem\",\"position\":2,\"name\":\"Umami\"}]},{\"@type\":\"WebSite\",\"@id\":\"https:\\\/\\\/www.loetsch.at\\\/wordpress_3\\\/#website\",\"url\":\"https:\\\/\\\/www.loetsch.at\\\/wordpress_3\\\/\",\"name\":\"Drogerie Max L\u00f6tsch 4840 V\u00f6cklabruck\",\"description\":\"\",\"potentialAction\":[{\"@type\":\"SearchAction\",\"target\":{\"@type\":\"EntryPoint\",\"urlTemplate\":\"https:\\\/\\\/www.loetsch.at\\\/wordpress_3\\\/?s={search_term_string}\"},\"query-input\":{\"@type\":\"PropertyValueSpecification\",\"valueRequired\":true,\"valueName\":\"search_term_string\"}}],\"inLanguage\":\"de\"}]}<\/script>\n<!-- \/ Yoast SEO plugin. -->","yoast_head_json":{"title":"Umami - Drogerie Max L\u00f6tsch 4840 V\u00f6cklabruck","robots":{"index":"index","follow":"follow","max-snippet":"max-snippet:-1","max-image-preview":"max-image-preview:large","max-video-preview":"max-video-preview:-1"},"canonical":"https:\/\/www.loetsch.at\/wordpress_3\/umami\/","og_locale":"de_DE","og_type":"article","og_title":"Umami - Drogerie Max L\u00f6tsch 4840 V\u00f6cklabruck","og_description":"Wie l\u00e4sst sich der Umami-Geschmack am besten beschreiben? Der Geschmack von Umami wird als k\u00f6stlich, wohlschmeckend und w\u00fcrzig beschrieben. Er ist&nbsp;kein Bestandteil der urspr\u00fcnglich bekannten Geschmacksrichtungen&nbsp;salzig, bitter, sauer und s\u00fc\u00df und kann auch nicht durch eine Kombination dieser Bestandteile erzeugt werden. Der Umami-Geschmack auf der Zunge wird durch die Aminos\u00e4ureionen Glutamat und Aspartat sowie durch [&hellip;]","og_url":"https:\/\/www.loetsch.at\/wordpress_3\/umami\/","og_site_name":"Drogerie Max L\u00f6tsch 4840 V\u00f6cklabruck","article_modified_time":"2026-03-05T12:09:56+00:00","twitter_card":"summary_large_image","twitter_misc":{"Gesch\u00e4tzte Lesezeit":"2\u00a0Minuten"},"schema":{"@context":"https:\/\/schema.org","@graph":[{"@type":"WebPage","@id":"https:\/\/www.loetsch.at\/wordpress_3\/umami\/","url":"https:\/\/www.loetsch.at\/wordpress_3\/umami\/","name":"Umami - Drogerie Max L\u00f6tsch 4840 V\u00f6cklabruck","isPartOf":{"@id":"https:\/\/www.loetsch.at\/wordpress_3\/#website"},"primaryImageOfPage":{"@id":"https:\/\/www.loetsch.at\/wordpress_3\/umami\/#primaryimage"},"image":{"@id":"https:\/\/www.loetsch.at\/wordpress_3\/umami\/#primaryimage"},"thumbnailUrl":"https:\/\/www.loetsch.at\/wordpress\/wp-content\/uploads\/2022\/11\/Umami-1024x1024.jpg","datePublished":"2023-06-11T13:52:12+00:00","dateModified":"2026-03-05T12:09:56+00:00","breadcrumb":{"@id":"https:\/\/www.loetsch.at\/wordpress_3\/umami\/#breadcrumb"},"inLanguage":"de","potentialAction":[{"@type":"ReadAction","target":["https:\/\/www.loetsch.at\/wordpress_3\/umami\/"]}]},{"@type":"ImageObject","inLanguage":"de","@id":"https:\/\/www.loetsch.at\/wordpress_3\/umami\/#primaryimage","url":"https:\/\/www.loetsch.at\/wordpress\/wp-content\/uploads\/2022\/11\/Umami-1024x1024.jpg","contentUrl":"https:\/\/www.loetsch.at\/wordpress\/wp-content\/uploads\/2022\/11\/Umami-1024x1024.jpg"},{"@type":"BreadcrumbList","@id":"https:\/\/www.loetsch.at\/wordpress_3\/umami\/#breadcrumb","itemListElement":[{"@type":"ListItem","position":1,"name":"Startseite","item":"https:\/\/www.loetsch.at\/wordpress_3\/"},{"@type":"ListItem","position":2,"name":"Umami"}]},{"@type":"WebSite","@id":"https:\/\/www.loetsch.at\/wordpress_3\/#website","url":"https:\/\/www.loetsch.at\/wordpress_3\/","name":"Drogerie Max L\u00f6tsch 4840 V\u00f6cklabruck","description":"","potentialAction":[{"@type":"SearchAction","target":{"@type":"EntryPoint","urlTemplate":"https:\/\/www.loetsch.at\/wordpress_3\/?s={search_term_string}"},"query-input":{"@type":"PropertyValueSpecification","valueRequired":true,"valueName":"search_term_string"}}],"inLanguage":"de"}]}},"_links":{"self":[{"href":"https:\/\/www.loetsch.at\/wordpress_3\/wp-json\/wp\/v2\/pages\/2266","targetHints":{"allow":["GET"]}}],"collection":[{"href":"https:\/\/www.loetsch.at\/wordpress_3\/wp-json\/wp\/v2\/pages"}],"about":[{"href":"https:\/\/www.loetsch.at\/wordpress_3\/wp-json\/wp\/v2\/types\/page"}],"author":[{"embeddable":true,"href":"https:\/\/www.loetsch.at\/wordpress_3\/wp-json\/wp\/v2\/users\/1"}],"replies":[{"embeddable":true,"href":"https:\/\/www.loetsch.at\/wordpress_3\/wp-json\/wp\/v2\/comments?post=2266"}],"version-history":[{"count":7,"href":"https:\/\/www.loetsch.at\/wordpress_3\/wp-json\/wp\/v2\/pages\/2266\/revisions"}],"predecessor-version":[{"id":5022,"href":"https:\/\/www.loetsch.at\/wordpress_3\/wp-json\/wp\/v2\/pages\/2266\/revisions\/5022"}],"wp:attachment":[{"href":"https:\/\/www.loetsch.at\/wordpress_3\/wp-json\/wp\/v2\/media?parent=2266"}],"curies":[{"name":"wp","href":"https:\/\/api.w.org\/{rel}","templated":true}]}}