{"id":1896,"date":"2023-03-23T20:04:50","date_gmt":"2023-03-23T20:04:50","guid":{"rendered":"https:\/\/www.loetsch.at\/wordpress_3\/?page_id=1896"},"modified":"2023-12-10T10:23:40","modified_gmt":"2023-12-10T10:23:40","slug":"saisonstart-im-gemuesebeet","status":"publish","type":"page","link":"https:\/\/www.loetsch.at\/wordpress_3\/saisonstart-im-gemuesebeet\/","title":{"rendered":"Saisonstart im Gem\u00fcsebeet"},"content":{"rendered":"\n<figure class=\"wp-block-image aligncenter size-full is-resized\"><img loading=\"lazy\" decoding=\"async\" src=\"https:\/\/www.loetsch.at\/wordpress_3\/wp-content\/uploads\/2023\/03\/csm_meine_ernte_Beet_anlegen_Duisdorfer_Garten__5__web_5fb3e5acde.jpg\" alt=\"\" class=\"wp-image-1902\" width=\"565\" height=\"424\" srcset=\"https:\/\/www.loetsch.at\/wordpress_3\/wp-content\/uploads\/2023\/03\/csm_meine_ernte_Beet_anlegen_Duisdorfer_Garten__5__web_5fb3e5acde.jpg 400w, https:\/\/www.loetsch.at\/wordpress_3\/wp-content\/uploads\/2023\/03\/csm_meine_ernte_Beet_anlegen_Duisdorfer_Garten__5__web_5fb3e5acde-300x225.jpg 300w\" sizes=\"auto, (max-width: 565px) 100vw, 565px\" \/><\/figure>\n\n\n\n<h2 class=\"wp-block-heading alignfull has-pale-cyan-blue-background-color has-background has-large-font-size\"><strong>Du stehst vor deinen Gem\u00fcsebeeten und bist voller Aussaat-Tatendrang. Das ist o.k. Aber lass uns kurz innehalten und  zuerst die &#8222;Basics&#8220; erledigen. 1) der Boden des Gem\u00fcsebeets muss mit der Harke gut durchgearbeitet werden: Durchl\u00fcftung ist das Schlagwort. Ein weiterer Vorteil der nicht immer leichten Harkenarbeit: die Feuchtigkeit des Winters kommt an die Oberfl\u00e4che. Und dann tr\u00e4gst du 2) aber nicht vergessen(!), den Kompost auf.  Der Kompost ist das Gold des G\u00e4rtners! Vorbereitet schon seit dem Herbst, Profis verwenden dabei einen <a href=\"https:\/\/www.loetsch.at\/wordpress_3\/kompost-beschleuniger\/\">Kompostbeschleuniger!<\/a> Faustregel f\u00fcr die Ausbringung: Pro m\u00b2 Gartenerde 3 Liter Kompost.<\/strong> <strong>Hast du keinen Kompost vorbereitet, wirst du um einen <a href=\"https:\/\/www.loetsch.at\/wordpress_3\/oscorna-bodenaktivator\/\">Bodenaktivator<\/a> nicht herumkommen&#8230;.<\/strong><\/h2>\n\n\n\n<h2 class=\"wp-block-heading alignfull has-pale-cyan-blue-background-color has-background has-large-font-size\"><strong>Wui, jetzt wird uns sch\u00f6n langsam warm. Wir schreiten 3) zur D\u00fcngung. <a href=\"https:\/\/www.loetsch.at\/wordpress_3\/animalin-gartenduenger\/\">Animalin Gartend\u00fcnger<\/a> ist der Geheimtipp unter den Experten. Warum? Das ist ein sogenannter organischer Vorratsd\u00fcnger, der langsam \u00fcbers Jahr hin seine Wirkstoffe abgibt zum Wohle des angebauten Gem\u00fcses. Du streust den D\u00fcnger \u00fcber die Beete. Die erforderliche Menge siehe weiter unten. Animalin f\u00f6rdert nebenbei auch die Dauer-Humusbildung und enth\u00e4lt weiters wertvolles Hornmehl, damit die Pflanzen gut gedeihen.<\/strong><\/h2>\n\n\n\n<p class=\"has-text-align-center has-large-font-size\">Exkurs:<\/p>\n\n\n\n<p class=\"has-text-align-center has-foreground-color has-background-background-color has-text-color has-background\">Alle tierischen und pflanzlichen Substanzen f\u00f6rdern das Bodenleben und damit die Erzeugung von neuem Humus. Das Bodenleben verwandelt solches Material in n\u00e4hrstoffreiche Erde. Regenwurmkot z.B. ist bis zu 7 x reicher an Stickstoff, 4 x reicher an Phosphat, 11 x reicher an Kali, sehr viel reicher an Magnesium und Spurenelementen als die oberen 15-20 cm der normalen Gartenerde. Der Kenner und K\u00f6nner schafft durch seine biologische Bodenbewirtschaftung ein reiches, aktives und vielf\u00e4ltiges Bodenleben. Die Pflanzen danken das!! (Quelle: Oscorna, biologisch g\u00e4rtnern)<\/p>\n\n\n\n<figure class=\"wp-block-image size-full\"><img loading=\"lazy\" decoding=\"async\" width=\"900\" height=\"600\" src=\"https:\/\/www.loetsch.at\/wordpress_3\/wp-content\/uploads\/2023\/03\/08240535.webp\" alt=\"\" class=\"wp-image-1906\" srcset=\"https:\/\/www.loetsch.at\/wordpress_3\/wp-content\/uploads\/2023\/03\/08240535.webp 900w, https:\/\/www.loetsch.at\/wordpress_3\/wp-content\/uploads\/2023\/03\/08240535-300x200.webp 300w, https:\/\/www.loetsch.at\/wordpress_3\/wp-content\/uploads\/2023\/03\/08240535-768x512.webp 768w\" sizes=\"auto, (max-width: 900px) 100vw, 900px\" \/><\/figure>\n\n\n\n<h2 class=\"wp-block-heading alignfull has-pale-cyan-blue-background-color has-background has-large-font-size\"><strong>Na ja, es kann losgehen: Die ersten Samen oder Stecklinge k\u00f6nnen ausgebracht werden. Vielleicht startest du mit Radieschen oder mit einem anderen Wurzelgem\u00fcse? Egal, die Saison ist lang. Und nicht vergessen: Gie\u00dfen !!!!<\/strong><\/h2>\n\n\n\n<h2 class=\"wp-block-heading has-text-align-center has-large-font-size\"><strong>Ein Trick am Rande<\/strong>:<\/h2>\n\n\n\n<h2 class=\"wp-block-heading alignfull has-cyan-bluish-gray-background-color has-background has-large-font-size\"><strong>Hat man mehrere Beete, so braucht man einen Belegungs-Plan. Und der richtet sich nach der D\u00fcngung bzw. nach den Pflanzen: sogenannte <em>Starkzehrer<\/em> unter den Gem\u00fcsepflanzen brauchen ein eigenes Beet mit eigener D\u00fcngungsmenge, ca.120g Animalin Gartend\u00fcnger pro m\u00b2. Da kann man auch noch mit Brennesseljauche in der Saison nachhelfen. Wir reden hier von allen Kohlarten, Tomaten, Kartoffeln, Gurken, Lauch, Sellerie und K\u00fcrbis z.B.)<\/strong><\/h2>\n\n\n\n<h2 class=\"wp-block-heading alignfull has-cyan-bluish-gray-background-color has-background has-large-font-size\"><strong>Sogenannte <em>Mittelzehrer <\/em>haben mittelm\u00e4\u00dfige Nahrungsanspr\u00fcche = 100 g\/m\u00b2 D\u00fcnger. Karotten, Zwiebeln, Rote R\u00fcben, Salate, Spinat, Radieschen, Kohlrabi z.B.<\/strong><\/h2>\n\n\n\n<h2 class=\"wp-block-heading alignfull has-cyan-bluish-gray-background-color has-background has-large-font-size\"><strong>Die <em>Schwachzehrer<\/em> sind mit ca 80g\/m2 D\u00fcnger zufrieden. Erbsen, Bohnen, Kr\u00e4uter geh\u00f6ren hierher.<\/strong><\/h2>\n\n\n\n<h2 class=\"wp-block-heading\">Neues Hochbeet?<\/h2>\n\n\n\n<div class=\"wp-block-columns alignwide is-layout-flex wp-container-core-columns-is-layout-28f84493 wp-block-columns-is-layout-flex\">\n<div class=\"wp-block-column is-layout-flow wp-block-column-is-layout-flow\">\n<p class=\"has-luminous-vivid-orange-background-color has-background\">Extrem spannende Sache. Das Hochbeet steht vor dir und verlangt erste F\u00fcllung. Ja, womit denn? Der wahre Profi beginnt mit <a href=\"https:\/\/www.loetsch.at\/wordpress_3\/naturana-pflanzerde\/\">Pflanzenerde<\/a> und f\u00fcllt das Hochbeet vorerst zu einem Drittel. Dann, aber dann kommt das Um- und Auf des Hochbeets: Das wichtige zweite Drittel der Erdenf\u00fcllung, die zentrale F\u00fcllung gewisserma\u00dfen: <a href=\"https:\/\/www.loetsch.at\/wordpress_3\/bio-gartenfaser\/\">Torffreie Bio Gartenfaser<\/a>. Danach ist es wieder einfach: Nocheinmal die <a href=\"https:\/\/www.loetsch.at\/wordpress_3\/naturana-pflanzerde\/\">Pflanzenerde<\/a>, idealerweise gemischt mit <a href=\"https:\/\/www.loetsch.at\/wordpress_3\/animalin-gartenduenger\/\">Animalin Gartend\u00fcnger.<\/a> Was sag ich noch? &#8222;Wir sind startklar!&#8220;<\/p>\n<\/div>\n<\/div>\n\n\n\n<p class=\"has-large-font-size\"><strong>By thomas jerabek und maximilian l\u00f6tsch<\/strong><\/p>\n","protected":false},"excerpt":{"rendered":"<p>Du stehst vor deinen Gem\u00fcsebeeten und bist voller Aussaat-Tatendrang. Das ist o.k. Aber lass uns kurz innehalten und zuerst die &#8222;Basics&#8220; erledigen. 1) der Boden des Gem\u00fcsebeets muss mit der Harke gut durchgearbeitet werden: Durchl\u00fcftung ist das Schlagwort. Ein weiterer Vorteil der nicht immer leichten Harkenarbeit: die Feuchtigkeit des Winters kommt an die Oberfl\u00e4che. Und [&hellip;]<\/p>\n","protected":false},"author":1,"featured_media":1906,"parent":0,"menu_order":0,"comment_status":"closed","ping_status":"closed","template":"wp-custom-template-teeneuestes","meta":{"footnotes":""},"class_list":["post-1896","page","type-page","status-publish","has-post-thumbnail","hentry"],"yoast_head":"<!-- This site is optimized with the Yoast SEO plugin v27.5 - https:\/\/yoast.com\/product\/yoast-seo-wordpress\/ -->\n<title>Saisonstart im Gem\u00fcsebeet - Drogerie Max L\u00f6tsch 4840 V\u00f6cklabruck<\/title>\n<meta name=\"description\" content=\"Du stehst vor deinen Gem\u00fcsebeeten und bist voller Aussaat-Tatendrang. Das ist o.k. Aber lass uns kurz innehalten und zuerst die &quot;Basics&quot; erledigen.\" \/>\n<meta name=\"robots\" content=\"index, follow, max-snippet:-1, max-image-preview:large, max-video-preview:-1\" \/>\n<link rel=\"canonical\" href=\"https:\/\/www.loetsch.at\/wordpress_3\/saisonstart-im-gemuesebeet\/\" \/>\n<meta property=\"og:locale\" content=\"de_DE\" \/>\n<meta property=\"og:type\" content=\"article\" \/>\n<meta property=\"og:title\" content=\"Saisonstart im Gem\u00fcsebeet - Drogerie Max L\u00f6tsch 4840 V\u00f6cklabruck\" \/>\n<meta property=\"og:description\" content=\"Du stehst vor deinen Gem\u00fcsebeeten und bist voller Aussaat-Tatendrang. Das ist o.k. Aber lass uns kurz innehalten und zuerst die &quot;Basics&quot; erledigen.\" \/>\n<meta property=\"og:url\" content=\"https:\/\/www.loetsch.at\/wordpress_3\/saisonstart-im-gemuesebeet\/\" \/>\n<meta property=\"og:site_name\" content=\"Drogerie Max L\u00f6tsch 4840 V\u00f6cklabruck\" \/>\n<meta property=\"article:modified_time\" content=\"2023-12-10T10:23:40+00:00\" \/>\n<meta property=\"og:image\" content=\"https:\/\/www.loetsch.at\/wordpress_3\/wp-content\/uploads\/2023\/03\/08240535.webp\" \/>\n\t<meta property=\"og:image:width\" content=\"900\" \/>\n\t<meta property=\"og:image:height\" content=\"600\" \/>\n\t<meta property=\"og:image:type\" content=\"image\/webp\" \/>\n<meta name=\"twitter:card\" content=\"summary_large_image\" \/>\n<meta name=\"twitter:label1\" content=\"Gesch\u00e4tzte Lesezeit\" \/>\n\t<meta name=\"twitter:data1\" content=\"3\u00a0Minuten\" \/>\n<script type=\"application\/ld+json\" class=\"yoast-schema-graph\">{\"@context\":\"https:\\\/\\\/schema.org\",\"@graph\":[{\"@type\":\"WebPage\",\"@id\":\"https:\\\/\\\/www.loetsch.at\\\/wordpress_3\\\/saisonstart-im-gemuesebeet\\\/\",\"url\":\"https:\\\/\\\/www.loetsch.at\\\/wordpress_3\\\/saisonstart-im-gemuesebeet\\\/\",\"name\":\"Saisonstart im Gem\u00fcsebeet - Drogerie Max L\u00f6tsch 4840 V\u00f6cklabruck\",\"isPartOf\":{\"@id\":\"https:\\\/\\\/www.loetsch.at\\\/wordpress_3\\\/#website\"},\"primaryImageOfPage\":{\"@id\":\"https:\\\/\\\/www.loetsch.at\\\/wordpress_3\\\/saisonstart-im-gemuesebeet\\\/#primaryimage\"},\"image\":{\"@id\":\"https:\\\/\\\/www.loetsch.at\\\/wordpress_3\\\/saisonstart-im-gemuesebeet\\\/#primaryimage\"},\"thumbnailUrl\":\"https:\\\/\\\/www.loetsch.at\\\/wordpress_3\\\/wp-content\\\/uploads\\\/2023\\\/03\\\/08240535.webp\",\"datePublished\":\"2023-03-23T20:04:50+00:00\",\"dateModified\":\"2023-12-10T10:23:40+00:00\",\"description\":\"Du stehst vor deinen Gem\u00fcsebeeten und bist voller Aussaat-Tatendrang. Das ist o.k. Aber lass uns kurz innehalten und zuerst die \\\"Basics\\\" erledigen.\",\"breadcrumb\":{\"@id\":\"https:\\\/\\\/www.loetsch.at\\\/wordpress_3\\\/saisonstart-im-gemuesebeet\\\/#breadcrumb\"},\"inLanguage\":\"de\",\"potentialAction\":[{\"@type\":\"ReadAction\",\"target\":[\"https:\\\/\\\/www.loetsch.at\\\/wordpress_3\\\/saisonstart-im-gemuesebeet\\\/\"]}]},{\"@type\":\"ImageObject\",\"inLanguage\":\"de\",\"@id\":\"https:\\\/\\\/www.loetsch.at\\\/wordpress_3\\\/saisonstart-im-gemuesebeet\\\/#primaryimage\",\"url\":\"https:\\\/\\\/www.loetsch.at\\\/wordpress_3\\\/wp-content\\\/uploads\\\/2023\\\/03\\\/08240535.webp\",\"contentUrl\":\"https:\\\/\\\/www.loetsch.at\\\/wordpress_3\\\/wp-content\\\/uploads\\\/2023\\\/03\\\/08240535.webp\",\"width\":900,\"height\":600},{\"@type\":\"BreadcrumbList\",\"@id\":\"https:\\\/\\\/www.loetsch.at\\\/wordpress_3\\\/saisonstart-im-gemuesebeet\\\/#breadcrumb\",\"itemListElement\":[{\"@type\":\"ListItem\",\"position\":1,\"name\":\"Startseite\",\"item\":\"https:\\\/\\\/www.loetsch.at\\\/wordpress_3\\\/\"},{\"@type\":\"ListItem\",\"position\":2,\"name\":\"Saisonstart im Gem\u00fcsebeet\"}]},{\"@type\":\"WebSite\",\"@id\":\"https:\\\/\\\/www.loetsch.at\\\/wordpress_3\\\/#website\",\"url\":\"https:\\\/\\\/www.loetsch.at\\\/wordpress_3\\\/\",\"name\":\"Drogerie Max L\u00f6tsch 4840 V\u00f6cklabruck\",\"description\":\"\",\"potentialAction\":[{\"@type\":\"SearchAction\",\"target\":{\"@type\":\"EntryPoint\",\"urlTemplate\":\"https:\\\/\\\/www.loetsch.at\\\/wordpress_3\\\/?s={search_term_string}\"},\"query-input\":{\"@type\":\"PropertyValueSpecification\",\"valueRequired\":true,\"valueName\":\"search_term_string\"}}],\"inLanguage\":\"de\"}]}<\/script>\n<!-- \/ Yoast SEO plugin. -->","yoast_head_json":{"title":"Saisonstart im Gem\u00fcsebeet - Drogerie Max L\u00f6tsch 4840 V\u00f6cklabruck","description":"Du stehst vor deinen Gem\u00fcsebeeten und bist voller Aussaat-Tatendrang. Das ist o.k. Aber lass uns kurz innehalten und zuerst die \"Basics\" erledigen.","robots":{"index":"index","follow":"follow","max-snippet":"max-snippet:-1","max-image-preview":"max-image-preview:large","max-video-preview":"max-video-preview:-1"},"canonical":"https:\/\/www.loetsch.at\/wordpress_3\/saisonstart-im-gemuesebeet\/","og_locale":"de_DE","og_type":"article","og_title":"Saisonstart im Gem\u00fcsebeet - Drogerie Max L\u00f6tsch 4840 V\u00f6cklabruck","og_description":"Du stehst vor deinen Gem\u00fcsebeeten und bist voller Aussaat-Tatendrang. Das ist o.k. Aber lass uns kurz innehalten und zuerst die \"Basics\" erledigen.","og_url":"https:\/\/www.loetsch.at\/wordpress_3\/saisonstart-im-gemuesebeet\/","og_site_name":"Drogerie Max L\u00f6tsch 4840 V\u00f6cklabruck","article_modified_time":"2023-12-10T10:23:40+00:00","og_image":[{"width":900,"height":600,"url":"https:\/\/www.loetsch.at\/wordpress_3\/wp-content\/uploads\/2023\/03\/08240535.webp","type":"image\/webp"}],"twitter_card":"summary_large_image","twitter_misc":{"Gesch\u00e4tzte Lesezeit":"3\u00a0Minuten"},"schema":{"@context":"https:\/\/schema.org","@graph":[{"@type":"WebPage","@id":"https:\/\/www.loetsch.at\/wordpress_3\/saisonstart-im-gemuesebeet\/","url":"https:\/\/www.loetsch.at\/wordpress_3\/saisonstart-im-gemuesebeet\/","name":"Saisonstart im Gem\u00fcsebeet - Drogerie Max L\u00f6tsch 4840 V\u00f6cklabruck","isPartOf":{"@id":"https:\/\/www.loetsch.at\/wordpress_3\/#website"},"primaryImageOfPage":{"@id":"https:\/\/www.loetsch.at\/wordpress_3\/saisonstart-im-gemuesebeet\/#primaryimage"},"image":{"@id":"https:\/\/www.loetsch.at\/wordpress_3\/saisonstart-im-gemuesebeet\/#primaryimage"},"thumbnailUrl":"https:\/\/www.loetsch.at\/wordpress_3\/wp-content\/uploads\/2023\/03\/08240535.webp","datePublished":"2023-03-23T20:04:50+00:00","dateModified":"2023-12-10T10:23:40+00:00","description":"Du stehst vor deinen Gem\u00fcsebeeten und bist voller Aussaat-Tatendrang. Das ist o.k. Aber lass uns kurz innehalten und zuerst die \"Basics\" erledigen.","breadcrumb":{"@id":"https:\/\/www.loetsch.at\/wordpress_3\/saisonstart-im-gemuesebeet\/#breadcrumb"},"inLanguage":"de","potentialAction":[{"@type":"ReadAction","target":["https:\/\/www.loetsch.at\/wordpress_3\/saisonstart-im-gemuesebeet\/"]}]},{"@type":"ImageObject","inLanguage":"de","@id":"https:\/\/www.loetsch.at\/wordpress_3\/saisonstart-im-gemuesebeet\/#primaryimage","url":"https:\/\/www.loetsch.at\/wordpress_3\/wp-content\/uploads\/2023\/03\/08240535.webp","contentUrl":"https:\/\/www.loetsch.at\/wordpress_3\/wp-content\/uploads\/2023\/03\/08240535.webp","width":900,"height":600},{"@type":"BreadcrumbList","@id":"https:\/\/www.loetsch.at\/wordpress_3\/saisonstart-im-gemuesebeet\/#breadcrumb","itemListElement":[{"@type":"ListItem","position":1,"name":"Startseite","item":"https:\/\/www.loetsch.at\/wordpress_3\/"},{"@type":"ListItem","position":2,"name":"Saisonstart im Gem\u00fcsebeet"}]},{"@type":"WebSite","@id":"https:\/\/www.loetsch.at\/wordpress_3\/#website","url":"https:\/\/www.loetsch.at\/wordpress_3\/","name":"Drogerie Max L\u00f6tsch 4840 V\u00f6cklabruck","description":"","potentialAction":[{"@type":"SearchAction","target":{"@type":"EntryPoint","urlTemplate":"https:\/\/www.loetsch.at\/wordpress_3\/?s={search_term_string}"},"query-input":{"@type":"PropertyValueSpecification","valueRequired":true,"valueName":"search_term_string"}}],"inLanguage":"de"}]}},"_links":{"self":[{"href":"https:\/\/www.loetsch.at\/wordpress_3\/wp-json\/wp\/v2\/pages\/1896","targetHints":{"allow":["GET"]}}],"collection":[{"href":"https:\/\/www.loetsch.at\/wordpress_3\/wp-json\/wp\/v2\/pages"}],"about":[{"href":"https:\/\/www.loetsch.at\/wordpress_3\/wp-json\/wp\/v2\/types\/page"}],"author":[{"embeddable":true,"href":"https:\/\/www.loetsch.at\/wordpress_3\/wp-json\/wp\/v2\/users\/1"}],"replies":[{"embeddable":true,"href":"https:\/\/www.loetsch.at\/wordpress_3\/wp-json\/wp\/v2\/comments?post=1896"}],"version-history":[{"count":18,"href":"https:\/\/www.loetsch.at\/wordpress_3\/wp-json\/wp\/v2\/pages\/1896\/revisions"}],"predecessor-version":[{"id":1975,"href":"https:\/\/www.loetsch.at\/wordpress_3\/wp-json\/wp\/v2\/pages\/1896\/revisions\/1975"}],"wp:featuredmedia":[{"embeddable":true,"href":"https:\/\/www.loetsch.at\/wordpress_3\/wp-json\/wp\/v2\/media\/1906"}],"wp:attachment":[{"href":"https:\/\/www.loetsch.at\/wordpress_3\/wp-json\/wp\/v2\/media?parent=1896"}],"curies":[{"name":"wp","href":"https:\/\/api.w.org\/{rel}","templated":true}]}}