{"id":1599,"date":"2023-02-02T12:43:06","date_gmt":"2023-02-02T12:43:06","guid":{"rendered":"https:\/\/www.loetsch.at\/wordpress_3\/?page_id=1599"},"modified":"2024-02-15T15:41:09","modified_gmt":"2024-02-15T15:41:09","slug":"nager","status":"publish","type":"page","link":"https:\/\/www.loetsch.at\/wordpress_3\/nager\/","title":{"rendered":"Nager"},"content":{"rendered":"\n<figure class=\"wp-block-image size-full\"><img loading=\"lazy\" decoding=\"async\" width=\"616\" height=\"347\" src=\"https:\/\/www.loetsch.at\/wordpress_3\/wp-content\/uploads\/2023\/09\/1321803678.jpg\" alt=\"\" class=\"wp-image-2393\" srcset=\"https:\/\/www.loetsch.at\/wordpress_3\/wp-content\/uploads\/2023\/09\/1321803678.jpg 616w, https:\/\/www.loetsch.at\/wordpress_3\/wp-content\/uploads\/2023\/09\/1321803678-300x169.jpg 300w\" sizes=\"auto, (max-width: 616px) 100vw, 616px\" \/><figcaption class=\"wp-element-caption\">Bildquelle: Kurier.at<\/figcaption><\/figure>\n\n\n<ul class=\"wp-block-latest-posts__list has-link-color wp-elements-7badda7395a4f5e430f8c40aba55a11e wp-block-latest-posts has-text-color has-black-color\"><li><a class=\"wp-block-latest-posts__post-title\" href=\"https:\/\/www.loetsch.at\/wordpress_3\/matox-wuehlmausfrei\/\">Matox W\u00fchlmausfrei<\/a><div class=\"wp-block-latest-posts__post-excerpt\">MATOX\u00ae W\u00dcHLMAUSFREI | INHALT: 5 ST\u00dcCK bzw. 9 ST\u00dcCK Patronen HOCHWIRKSAME R\u00c4UCHER-PATRONEN GEGEN W\u00dcHL- UND FELDM\u00c4USE Anwendung: Vor einer MATOX-Begasung\u2026\u00a0<a class=\"wp-block-latest-posts__read-more\" href=\"https:\/\/www.loetsch.at\/wordpress_3\/matox-wuehlmausfrei\/\" rel=\"noopener noreferrer\"><span class=\"screen-reader-text\">Matox W\u00fchlmausfrei <\/span>weiterlesen<\/a><\/div><\/li>\n<li><a class=\"wp-block-latest-posts__post-title\" href=\"https:\/\/www.loetsch.at\/wordpress_3\/mausefallen-easy-catch-2-stk\/\">Mausefallen Easy Catch\u00a02\u00a0Stk<\/a><div class=\"wp-block-latest-posts__post-excerpt\">Mausefalle aus Kunststoff zur giftlosen Bek\u00e4mpfung von M\u00e4usebefall im Haus (Keller, Waschk\u00fcche, Dachboden, etc.) oder au\u00dferhalb von Geb\u00e4uden. Die Verwendung\u2026\u00a0<a class=\"wp-block-latest-posts__read-more\" href=\"https:\/\/www.loetsch.at\/wordpress_3\/mausefallen-easy-catch-2-stk\/\" rel=\"noopener noreferrer\"><span class=\"screen-reader-text\">Mausefallen Easy Catch\u00a02\u00a0Stk <\/span>weiterlesen<\/a><\/div><\/li>\n<li><a class=\"wp-block-latest-posts__post-title\" href=\"https:\/\/www.loetsch.at\/wordpress_3\/protect-home-rattenfalle-click\/\">Protect Home Rattenfalle Click<\/a><div class=\"wp-block-latest-posts__post-excerpt\">Die Protect Home Rattenfalle Click aus Kunststoff ist hervorragend geeignet zur giftlosen Bek\u00e4mpfung von Rattenbefall im Haus (Keller, Waschk\u00fcche, Dachboden,\u2026\u00a0<a class=\"wp-block-latest-posts__read-more\" href=\"https:\/\/www.loetsch.at\/wordpress_3\/protect-home-rattenfalle-click\/\" rel=\"noopener noreferrer\"><span class=\"screen-reader-text\">Protect Home Rattenfalle Click <\/span>weiterlesen<\/a><\/div><\/li>\n<li><a class=\"wp-block-latest-posts__post-title\" href=\"https:\/\/www.loetsch.at\/wordpress_3\/raider-maeusekoeder-alpha\/\">Raider M\u00e4usek\u00f6der Alpha<\/a><div class=\"wp-block-latest-posts__post-excerpt\">Praktisches Set mit K\u00f6derbox und 5 auslegefertige Sachets mit je 10 g hochwertigem Getreidek\u00f6der speziell f\u00fcr M\u00e4use. Alphachloralose ist ein\u2026\u00a0<a class=\"wp-block-latest-posts__read-more\" href=\"https:\/\/www.loetsch.at\/wordpress_3\/raider-maeusekoeder-alpha\/\" rel=\"noopener noreferrer\"><span class=\"screen-reader-text\">Raider M\u00e4usek\u00f6der Alpha <\/span>weiterlesen<\/a><\/div><\/li>\n<li><a class=\"wp-block-latest-posts__post-title\" href=\"https:\/\/www.loetsch.at\/wordpress_3\/rattenbox-raider\/\">Rattenbox Raider<\/a><div class=\"wp-block-latest-posts__post-excerpt\">K\u00f6derstation f\u00fcr Rattenk\u00f6der. Auch eine Rattenschlagfalle kann in der Box platziert werden. Ideal f\u00fcr den Einsatz im Innen- und Au\u00dfenbereich.\u2026\u00a0<a class=\"wp-block-latest-posts__read-more\" href=\"https:\/\/www.loetsch.at\/wordpress_3\/rattenbox-raider\/\" rel=\"noopener noreferrer\"><span class=\"screen-reader-text\">Rattenbox Raider <\/span>weiterlesen<\/a><\/div><\/li>\n<li><a class=\"wp-block-latest-posts__post-title\" href=\"https:\/\/www.loetsch.at\/wordpress_3\/wuehlmaus-maulwurf-stopp-kugeln\/\">W\u00fchlmaus &amp; Maulwurf STOPP Kugeln<\/a><div class=\"wp-block-latest-posts__post-excerpt\">Wirksame Vertreibung von W\u00fchlm\u00e4usen und Maulw\u00fcrfen rund um das Haus. Die leicht dosierbaren Kugeln enthalten Geruchsstoffe, die sofort nach dem\u2026\u00a0<a class=\"wp-block-latest-posts__read-more\" href=\"https:\/\/www.loetsch.at\/wordpress_3\/wuehlmaus-maulwurf-stopp-kugeln\/\" rel=\"noopener noreferrer\"><span class=\"screen-reader-text\">W\u00fchlmaus &amp; Maulwurf STOPP Kugeln <\/span>weiterlesen<\/a><\/div><\/li>\n<\/ul>","protected":false},"excerpt":{"rendered":"","protected":false},"author":1,"featured_media":0,"parent":0,"menu_order":0,"comment_status":"closed","ping_status":"closed","template":"wp-custom-template-teeneuestes","meta":{"footnotes":""},"class_list":["post-1599","page","type-page","status-publish","hentry"],"yoast_head":"<!-- This site is optimized with the Yoast SEO plugin v27.4 - https:\/\/yoast.com\/product\/yoast-seo-wordpress\/ -->\n<title>Nager - Drogerie Max L\u00f6tsch 4840 V\u00f6cklabruck<\/title>\n<meta name=\"robots\" content=\"index, follow, max-snippet:-1, max-image-preview:large, max-video-preview:-1\" \/>\n<link rel=\"canonical\" href=\"https:\/\/www.loetsch.at\/wordpress_3\/nager\/\" \/>\n<meta property=\"og:locale\" content=\"de_DE\" \/>\n<meta property=\"og:type\" content=\"article\" \/>\n<meta property=\"og:title\" content=\"Nager - Drogerie Max L\u00f6tsch 4840 V\u00f6cklabruck\" \/>\n<meta property=\"og:url\" content=\"https:\/\/www.loetsch.at\/wordpress_3\/nager\/\" \/>\n<meta property=\"og:site_name\" content=\"Drogerie Max L\u00f6tsch 4840 V\u00f6cklabruck\" \/>\n<meta property=\"article:modified_time\" content=\"2024-02-15T15:41:09+00:00\" \/>\n<meta property=\"og:image\" content=\"https:\/\/www.loetsch.at\/wordpress_3\/wp-content\/uploads\/2023\/09\/1321803678.jpg\" \/>\n<meta name=\"twitter:card\" content=\"summary_large_image\" \/>\n<meta name=\"twitter:label1\" content=\"Gesch\u00e4tzte Lesezeit\" \/>\n\t<meta name=\"twitter:data1\" content=\"1\u00a0Minute\" \/>\n<script type=\"application\/ld+json\" class=\"yoast-schema-graph\">{\"@context\":\"https:\\\/\\\/schema.org\",\"@graph\":[{\"@type\":\"WebPage\",\"@id\":\"https:\\\/\\\/www.loetsch.at\\\/wordpress_3\\\/nager\\\/\",\"url\":\"https:\\\/\\\/www.loetsch.at\\\/wordpress_3\\\/nager\\\/\",\"name\":\"Nager - Drogerie Max L\u00f6tsch 4840 V\u00f6cklabruck\",\"isPartOf\":{\"@id\":\"https:\\\/\\\/www.loetsch.at\\\/wordpress_3\\\/#website\"},\"primaryImageOfPage\":{\"@id\":\"https:\\\/\\\/www.loetsch.at\\\/wordpress_3\\\/nager\\\/#primaryimage\"},\"image\":{\"@id\":\"https:\\\/\\\/www.loetsch.at\\\/wordpress_3\\\/nager\\\/#primaryimage\"},\"thumbnailUrl\":\"https:\\\/\\\/www.loetsch.at\\\/wordpress_3\\\/wp-content\\\/uploads\\\/2023\\\/09\\\/1321803678.jpg\",\"datePublished\":\"2023-02-02T12:43:06+00:00\",\"dateModified\":\"2024-02-15T15:41:09+00:00\",\"breadcrumb\":{\"@id\":\"https:\\\/\\\/www.loetsch.at\\\/wordpress_3\\\/nager\\\/#breadcrumb\"},\"inLanguage\":\"de\",\"potentialAction\":[{\"@type\":\"ReadAction\",\"target\":[\"https:\\\/\\\/www.loetsch.at\\\/wordpress_3\\\/nager\\\/\"]}]},{\"@type\":\"ImageObject\",\"inLanguage\":\"de\",\"@id\":\"https:\\\/\\\/www.loetsch.at\\\/wordpress_3\\\/nager\\\/#primaryimage\",\"url\":\"https:\\\/\\\/www.loetsch.at\\\/wordpress_3\\\/wp-content\\\/uploads\\\/2023\\\/09\\\/1321803678.jpg\",\"contentUrl\":\"https:\\\/\\\/www.loetsch.at\\\/wordpress_3\\\/wp-content\\\/uploads\\\/2023\\\/09\\\/1321803678.jpg\",\"width\":616,\"height\":347},{\"@type\":\"BreadcrumbList\",\"@id\":\"https:\\\/\\\/www.loetsch.at\\\/wordpress_3\\\/nager\\\/#breadcrumb\",\"itemListElement\":[{\"@type\":\"ListItem\",\"position\":1,\"name\":\"Startseite\",\"item\":\"https:\\\/\\\/www.loetsch.at\\\/wordpress_3\\\/\"},{\"@type\":\"ListItem\",\"position\":2,\"name\":\"Nager\"}]},{\"@type\":\"WebSite\",\"@id\":\"https:\\\/\\\/www.loetsch.at\\\/wordpress_3\\\/#website\",\"url\":\"https:\\\/\\\/www.loetsch.at\\\/wordpress_3\\\/\",\"name\":\"Drogerie Max L\u00f6tsch 4840 V\u00f6cklabruck\",\"description\":\"\",\"potentialAction\":[{\"@type\":\"SearchAction\",\"target\":{\"@type\":\"EntryPoint\",\"urlTemplate\":\"https:\\\/\\\/www.loetsch.at\\\/wordpress_3\\\/?s={search_term_string}\"},\"query-input\":{\"@type\":\"PropertyValueSpecification\",\"valueRequired\":true,\"valueName\":\"search_term_string\"}}],\"inLanguage\":\"de\"}]}<\/script>\n<!-- \/ Yoast SEO plugin. -->","yoast_head_json":{"title":"Nager - Drogerie Max L\u00f6tsch 4840 V\u00f6cklabruck","robots":{"index":"index","follow":"follow","max-snippet":"max-snippet:-1","max-image-preview":"max-image-preview:large","max-video-preview":"max-video-preview:-1"},"canonical":"https:\/\/www.loetsch.at\/wordpress_3\/nager\/","og_locale":"de_DE","og_type":"article","og_title":"Nager - Drogerie Max L\u00f6tsch 4840 V\u00f6cklabruck","og_url":"https:\/\/www.loetsch.at\/wordpress_3\/nager\/","og_site_name":"Drogerie Max L\u00f6tsch 4840 V\u00f6cklabruck","article_modified_time":"2024-02-15T15:41:09+00:00","og_image":[{"url":"https:\/\/www.loetsch.at\/wordpress_3\/wp-content\/uploads\/2023\/09\/1321803678.jpg","type":"","width":"","height":""}],"twitter_card":"summary_large_image","twitter_misc":{"Gesch\u00e4tzte Lesezeit":"1\u00a0Minute"},"schema":{"@context":"https:\/\/schema.org","@graph":[{"@type":"WebPage","@id":"https:\/\/www.loetsch.at\/wordpress_3\/nager\/","url":"https:\/\/www.loetsch.at\/wordpress_3\/nager\/","name":"Nager - Drogerie Max L\u00f6tsch 4840 V\u00f6cklabruck","isPartOf":{"@id":"https:\/\/www.loetsch.at\/wordpress_3\/#website"},"primaryImageOfPage":{"@id":"https:\/\/www.loetsch.at\/wordpress_3\/nager\/#primaryimage"},"image":{"@id":"https:\/\/www.loetsch.at\/wordpress_3\/nager\/#primaryimage"},"thumbnailUrl":"https:\/\/www.loetsch.at\/wordpress_3\/wp-content\/uploads\/2023\/09\/1321803678.jpg","datePublished":"2023-02-02T12:43:06+00:00","dateModified":"2024-02-15T15:41:09+00:00","breadcrumb":{"@id":"https:\/\/www.loetsch.at\/wordpress_3\/nager\/#breadcrumb"},"inLanguage":"de","potentialAction":[{"@type":"ReadAction","target":["https:\/\/www.loetsch.at\/wordpress_3\/nager\/"]}]},{"@type":"ImageObject","inLanguage":"de","@id":"https:\/\/www.loetsch.at\/wordpress_3\/nager\/#primaryimage","url":"https:\/\/www.loetsch.at\/wordpress_3\/wp-content\/uploads\/2023\/09\/1321803678.jpg","contentUrl":"https:\/\/www.loetsch.at\/wordpress_3\/wp-content\/uploads\/2023\/09\/1321803678.jpg","width":616,"height":347},{"@type":"BreadcrumbList","@id":"https:\/\/www.loetsch.at\/wordpress_3\/nager\/#breadcrumb","itemListElement":[{"@type":"ListItem","position":1,"name":"Startseite","item":"https:\/\/www.loetsch.at\/wordpress_3\/"},{"@type":"ListItem","position":2,"name":"Nager"}]},{"@type":"WebSite","@id":"https:\/\/www.loetsch.at\/wordpress_3\/#website","url":"https:\/\/www.loetsch.at\/wordpress_3\/","name":"Drogerie Max L\u00f6tsch 4840 V\u00f6cklabruck","description":"","potentialAction":[{"@type":"SearchAction","target":{"@type":"EntryPoint","urlTemplate":"https:\/\/www.loetsch.at\/wordpress_3\/?s={search_term_string}"},"query-input":{"@type":"PropertyValueSpecification","valueRequired":true,"valueName":"search_term_string"}}],"inLanguage":"de"}]}},"_links":{"self":[{"href":"https:\/\/www.loetsch.at\/wordpress_3\/wp-json\/wp\/v2\/pages\/1599","targetHints":{"allow":["GET"]}}],"collection":[{"href":"https:\/\/www.loetsch.at\/wordpress_3\/wp-json\/wp\/v2\/pages"}],"about":[{"href":"https:\/\/www.loetsch.at\/wordpress_3\/wp-json\/wp\/v2\/types\/page"}],"author":[{"embeddable":true,"href":"https:\/\/www.loetsch.at\/wordpress_3\/wp-json\/wp\/v2\/users\/1"}],"replies":[{"embeddable":true,"href":"https:\/\/www.loetsch.at\/wordpress_3\/wp-json\/wp\/v2\/comments?post=1599"}],"version-history":[{"count":8,"href":"https:\/\/www.loetsch.at\/wordpress_3\/wp-json\/wp\/v2\/pages\/1599\/revisions"}],"predecessor-version":[{"id":2957,"href":"https:\/\/www.loetsch.at\/wordpress_3\/wp-json\/wp\/v2\/pages\/1599\/revisions\/2957"}],"wp:attachment":[{"href":"https:\/\/www.loetsch.at\/wordpress_3\/wp-json\/wp\/v2\/media?parent=1599"}],"curies":[{"name":"wp","href":"https:\/\/api.w.org\/{rel}","templated":true}]}}