{"id":1547,"date":"2023-02-02T09:45:41","date_gmt":"2023-02-02T09:45:41","guid":{"rendered":"https:\/\/www.loetsch.at\/wordpress_3\/?page_id=1547"},"modified":"2024-06-12T09:09:00","modified_gmt":"2024-06-12T09:09:00","slug":"leimfallen","status":"publish","type":"page","link":"https:\/\/www.loetsch.at\/wordpress_3\/leimfallen\/","title":{"rendered":"Leimfallen"},"content":{"rendered":"\n<figure class=\"wp-block-image aligncenter size-large\"><img loading=\"lazy\" decoding=\"async\" width=\"1024\" height=\"538\" src=\"https:\/\/www.loetsch.at\/wordpress_3\/wp-content\/uploads\/2023\/02\/DE_AT_article_leimfallen_main-1024x538.jpg\" alt=\"\" class=\"wp-image-1548\" srcset=\"https:\/\/www.loetsch.at\/wordpress_3\/wp-content\/uploads\/2023\/02\/DE_AT_article_leimfallen_main-1024x538.jpg 1024w, https:\/\/www.loetsch.at\/wordpress_3\/wp-content\/uploads\/2023\/02\/DE_AT_article_leimfallen_main-300x158.jpg 300w, https:\/\/www.loetsch.at\/wordpress_3\/wp-content\/uploads\/2023\/02\/DE_AT_article_leimfallen_main-768x403.jpg 768w, https:\/\/www.loetsch.at\/wordpress_3\/wp-content\/uploads\/2023\/02\/DE_AT_article_leimfallen_main.jpg 1200w\" sizes=\"auto, (max-width: 1024px) 100vw, 1024px\" \/><\/figure>\n\n\n<ul class=\"wp-block-latest-posts__list has-link-color wp-elements-d5202e9fafbe610fae27d75d19d93ad4 wp-block-latest-posts\"><li><a class=\"wp-block-latest-posts__post-title\" href=\"https:\/\/www.loetsch.at\/wordpress_3\/insektenleim-kwizdafix\/\">Insektenleim Kwizdafix<\/a><div class=\"wp-block-latest-posts__post-excerpt\">Haftspray mit nat\u00fcrlicher Wirkung gegen Schadinsekten. Zu Monitoringzwecken zur fr\u00fchzeitigen Erkennung von Insektenbefall (Wei\u00dfe Fliege, Blattl\u00e4use, K\u00e4fer, Raupen, Blattminierer, Erdfl\u00f6he etc.) oder bei akutem Insektenbefall zur Befallsreduktion. Die Anwendung kann auf Obstb\u00e4umen, Zierpflanzen, im Gem\u00fcsebau (Tafeln) im Freiland aber auch\u2026\u00a0<a class=\"wp-block-latest-posts__read-more\" href=\"https:\/\/www.loetsch.at\/wordpress_3\/insektenleim-kwizdafix\/\" rel=\"noopener noreferrer\"><span class=\"screen-reader-text\">Insektenleim Kwizdafix <\/span>weiterlesen<\/a><\/div><\/li>\n<li><a class=\"wp-block-latest-posts__post-title\" href=\"https:\/\/www.loetsch.at\/wordpress_3\/leimbarrieren-warum\/\">Leimbarrieren-warum?<\/a><div class=\"wp-block-latest-posts__post-excerpt\">Eine\u00a0Leimbarriere\u00a0ist eine\u00a0giftfreie\u00a0M\u00f6glichkeit zur\u00a0Sch\u00e4dlingsbek\u00e4mpfung\u00a0an Stammgew\u00e4chsen. Der Leim wird direkt als Ring auf den\u00a0Baumstamm\u00a0aufgetragen oder als mit\u00a0Leim\u00a0beschichtetes Band um den Stamm gelegt. Die Ringe sollen\u00a0Obst-\u00a0und Zierb\u00e4ume vor Sch\u00e4dlingen, die am Stamm hochkriechen, sch\u00fctzen. Der Sch\u00e4dling bleibt auf dem Leimring kleben und stirbt.\u2026\u00a0<a class=\"wp-block-latest-posts__read-more\" href=\"https:\/\/www.loetsch.at\/wordpress_3\/leimbarrieren-warum\/\" rel=\"noopener noreferrer\"><span class=\"screen-reader-text\">Leimbarrieren-warum? <\/span>weiterlesen<\/a><\/div><\/li>\n<li><a class=\"wp-block-latest-posts__post-title\" href=\"https:\/\/www.loetsch.at\/wordpress_3\/solabiol-gelbsticker\/\">Solabiol Gelbsticker<\/a><div class=\"wp-block-latest-posts__post-excerpt\">Preis: 6,20<\/div><\/li>\n<li><a class=\"wp-block-latest-posts__post-title\" href=\"https:\/\/www.loetsch.at\/wordpress_3\/solabiol-gelbtafeln\/\">Solabiol Gelbtafeln<\/a><div class=\"wp-block-latest-posts__post-excerpt\">Solabiol Gelbtafeln, insektizidfreie Leimfallen gegen Wei\u00dfe Fliegen, Trauerm\u00fccken, Blattl\u00e4use, Minierfliegen und Zikaden, 7 St\u00fcck Preis: 8,20<\/div><\/li>\n<li><a class=\"wp-block-latest-posts__post-title\" href=\"https:\/\/www.loetsch.at\/wordpress_3\/kirschfruchtfliegen-fallen\/\">Solabiol Kirschfruchtfliegen Fallen<\/a><div class=\"wp-block-latest-posts__post-excerpt\">Solabiol Kirschfruchtfliegen-Fallen, insektizidfreie Pheromonfallen zur Bek\u00e4mpfung von Wallnuss-&amp; Kirschfruchtfliege, 5 St\u00fcck Preis: 13,20<\/div><\/li>\n<li><a class=\"wp-block-latest-posts__post-title\" href=\"https:\/\/www.loetsch.at\/wordpress_3\/solabiol-leimring\/\">Solabiol Leimring<\/a><div class=\"wp-block-latest-posts__post-excerpt\">Effektiv gegen Raupen und Ameisen an Obst- und Ziergeh\u00f6lzenFrei von InsektizidenSpezialleim, der nicht austrocknet oder abgewaschen wirdGanzj\u00e4hrig einsetzbarNebenf\u00e4nge von n\u00fctzlichen Insekten werden weitestgehend verhindert Preis: 11,80<\/div><\/li>\n<li><a class=\"wp-block-latest-posts__post-title\" href=\"https:\/\/www.loetsch.at\/wordpress_3\/solabiol-obstmadenfallen\/\">Solabiol Obstmadenfallen<\/a><div class=\"wp-block-latest-posts__post-excerpt\">Preis: 1&#215;5 St\u00fcck 12,99<\/div><\/li>\n<\/ul>","protected":false},"excerpt":{"rendered":"","protected":false},"author":1,"featured_media":0,"parent":0,"menu_order":0,"comment_status":"closed","ping_status":"closed","template":"wp-custom-template-teeneuestes","meta":{"footnotes":""},"class_list":["post-1547","page","type-page","status-publish","hentry"],"yoast_head":"<!-- This site is optimized with the Yoast SEO plugin v27.4 - https:\/\/yoast.com\/product\/yoast-seo-wordpress\/ -->\n<title>Leimfallen - Drogerie Max L\u00f6tsch 4840 V\u00f6cklabruck<\/title>\n<meta name=\"robots\" content=\"index, follow, max-snippet:-1, max-image-preview:large, max-video-preview:-1\" \/>\n<link rel=\"canonical\" href=\"https:\/\/www.loetsch.at\/wordpress_3\/leimfallen\/\" \/>\n<meta property=\"og:locale\" content=\"de_DE\" \/>\n<meta property=\"og:type\" content=\"article\" \/>\n<meta property=\"og:title\" content=\"Leimfallen - Drogerie Max L\u00f6tsch 4840 V\u00f6cklabruck\" \/>\n<meta property=\"og:url\" content=\"https:\/\/www.loetsch.at\/wordpress_3\/leimfallen\/\" \/>\n<meta property=\"og:site_name\" content=\"Drogerie Max L\u00f6tsch 4840 V\u00f6cklabruck\" \/>\n<meta property=\"article:modified_time\" content=\"2024-06-12T09:09:00+00:00\" \/>\n<meta property=\"og:image\" content=\"https:\/\/www.loetsch.at\/wordpress_3\/wp-content\/uploads\/2023\/02\/DE_AT_article_leimfallen_main-1024x538.jpg\" \/>\n<meta name=\"twitter:card\" content=\"summary_large_image\" \/>\n<meta name=\"twitter:label1\" content=\"Gesch\u00e4tzte Lesezeit\" \/>\n\t<meta name=\"twitter:data1\" content=\"1\u00a0Minute\" \/>\n<script type=\"application\/ld+json\" class=\"yoast-schema-graph\">{\"@context\":\"https:\\\/\\\/schema.org\",\"@graph\":[{\"@type\":\"WebPage\",\"@id\":\"https:\\\/\\\/www.loetsch.at\\\/wordpress_3\\\/leimfallen\\\/\",\"url\":\"https:\\\/\\\/www.loetsch.at\\\/wordpress_3\\\/leimfallen\\\/\",\"name\":\"Leimfallen - Drogerie Max L\u00f6tsch 4840 V\u00f6cklabruck\",\"isPartOf\":{\"@id\":\"https:\\\/\\\/www.loetsch.at\\\/wordpress_3\\\/#website\"},\"primaryImageOfPage\":{\"@id\":\"https:\\\/\\\/www.loetsch.at\\\/wordpress_3\\\/leimfallen\\\/#primaryimage\"},\"image\":{\"@id\":\"https:\\\/\\\/www.loetsch.at\\\/wordpress_3\\\/leimfallen\\\/#primaryimage\"},\"thumbnailUrl\":\"https:\\\/\\\/www.loetsch.at\\\/wordpress_3\\\/wp-content\\\/uploads\\\/2023\\\/02\\\/DE_AT_article_leimfallen_main-1024x538.jpg\",\"datePublished\":\"2023-02-02T09:45:41+00:00\",\"dateModified\":\"2024-06-12T09:09:00+00:00\",\"breadcrumb\":{\"@id\":\"https:\\\/\\\/www.loetsch.at\\\/wordpress_3\\\/leimfallen\\\/#breadcrumb\"},\"inLanguage\":\"de\",\"potentialAction\":[{\"@type\":\"ReadAction\",\"target\":[\"https:\\\/\\\/www.loetsch.at\\\/wordpress_3\\\/leimfallen\\\/\"]}]},{\"@type\":\"ImageObject\",\"inLanguage\":\"de\",\"@id\":\"https:\\\/\\\/www.loetsch.at\\\/wordpress_3\\\/leimfallen\\\/#primaryimage\",\"url\":\"https:\\\/\\\/www.loetsch.at\\\/wordpress_3\\\/wp-content\\\/uploads\\\/2023\\\/02\\\/DE_AT_article_leimfallen_main.jpg\",\"contentUrl\":\"https:\\\/\\\/www.loetsch.at\\\/wordpress_3\\\/wp-content\\\/uploads\\\/2023\\\/02\\\/DE_AT_article_leimfallen_main.jpg\",\"width\":1200,\"height\":630},{\"@type\":\"BreadcrumbList\",\"@id\":\"https:\\\/\\\/www.loetsch.at\\\/wordpress_3\\\/leimfallen\\\/#breadcrumb\",\"itemListElement\":[{\"@type\":\"ListItem\",\"position\":1,\"name\":\"Startseite\",\"item\":\"https:\\\/\\\/www.loetsch.at\\\/wordpress_3\\\/\"},{\"@type\":\"ListItem\",\"position\":2,\"name\":\"Leimfallen\"}]},{\"@type\":\"WebSite\",\"@id\":\"https:\\\/\\\/www.loetsch.at\\\/wordpress_3\\\/#website\",\"url\":\"https:\\\/\\\/www.loetsch.at\\\/wordpress_3\\\/\",\"name\":\"Drogerie Max L\u00f6tsch 4840 V\u00f6cklabruck\",\"description\":\"\",\"potentialAction\":[{\"@type\":\"SearchAction\",\"target\":{\"@type\":\"EntryPoint\",\"urlTemplate\":\"https:\\\/\\\/www.loetsch.at\\\/wordpress_3\\\/?s={search_term_string}\"},\"query-input\":{\"@type\":\"PropertyValueSpecification\",\"valueRequired\":true,\"valueName\":\"search_term_string\"}}],\"inLanguage\":\"de\"}]}<\/script>\n<!-- \/ Yoast SEO plugin. -->","yoast_head_json":{"title":"Leimfallen - Drogerie Max L\u00f6tsch 4840 V\u00f6cklabruck","robots":{"index":"index","follow":"follow","max-snippet":"max-snippet:-1","max-image-preview":"max-image-preview:large","max-video-preview":"max-video-preview:-1"},"canonical":"https:\/\/www.loetsch.at\/wordpress_3\/leimfallen\/","og_locale":"de_DE","og_type":"article","og_title":"Leimfallen - Drogerie Max L\u00f6tsch 4840 V\u00f6cklabruck","og_url":"https:\/\/www.loetsch.at\/wordpress_3\/leimfallen\/","og_site_name":"Drogerie Max L\u00f6tsch 4840 V\u00f6cklabruck","article_modified_time":"2024-06-12T09:09:00+00:00","og_image":[{"url":"https:\/\/www.loetsch.at\/wordpress_3\/wp-content\/uploads\/2023\/02\/DE_AT_article_leimfallen_main-1024x538.jpg","type":"","width":"","height":""}],"twitter_card":"summary_large_image","twitter_misc":{"Gesch\u00e4tzte Lesezeit":"1\u00a0Minute"},"schema":{"@context":"https:\/\/schema.org","@graph":[{"@type":"WebPage","@id":"https:\/\/www.loetsch.at\/wordpress_3\/leimfallen\/","url":"https:\/\/www.loetsch.at\/wordpress_3\/leimfallen\/","name":"Leimfallen - Drogerie Max L\u00f6tsch 4840 V\u00f6cklabruck","isPartOf":{"@id":"https:\/\/www.loetsch.at\/wordpress_3\/#website"},"primaryImageOfPage":{"@id":"https:\/\/www.loetsch.at\/wordpress_3\/leimfallen\/#primaryimage"},"image":{"@id":"https:\/\/www.loetsch.at\/wordpress_3\/leimfallen\/#primaryimage"},"thumbnailUrl":"https:\/\/www.loetsch.at\/wordpress_3\/wp-content\/uploads\/2023\/02\/DE_AT_article_leimfallen_main-1024x538.jpg","datePublished":"2023-02-02T09:45:41+00:00","dateModified":"2024-06-12T09:09:00+00:00","breadcrumb":{"@id":"https:\/\/www.loetsch.at\/wordpress_3\/leimfallen\/#breadcrumb"},"inLanguage":"de","potentialAction":[{"@type":"ReadAction","target":["https:\/\/www.loetsch.at\/wordpress_3\/leimfallen\/"]}]},{"@type":"ImageObject","inLanguage":"de","@id":"https:\/\/www.loetsch.at\/wordpress_3\/leimfallen\/#primaryimage","url":"https:\/\/www.loetsch.at\/wordpress_3\/wp-content\/uploads\/2023\/02\/DE_AT_article_leimfallen_main.jpg","contentUrl":"https:\/\/www.loetsch.at\/wordpress_3\/wp-content\/uploads\/2023\/02\/DE_AT_article_leimfallen_main.jpg","width":1200,"height":630},{"@type":"BreadcrumbList","@id":"https:\/\/www.loetsch.at\/wordpress_3\/leimfallen\/#breadcrumb","itemListElement":[{"@type":"ListItem","position":1,"name":"Startseite","item":"https:\/\/www.loetsch.at\/wordpress_3\/"},{"@type":"ListItem","position":2,"name":"Leimfallen"}]},{"@type":"WebSite","@id":"https:\/\/www.loetsch.at\/wordpress_3\/#website","url":"https:\/\/www.loetsch.at\/wordpress_3\/","name":"Drogerie Max L\u00f6tsch 4840 V\u00f6cklabruck","description":"","potentialAction":[{"@type":"SearchAction","target":{"@type":"EntryPoint","urlTemplate":"https:\/\/www.loetsch.at\/wordpress_3\/?s={search_term_string}"},"query-input":{"@type":"PropertyValueSpecification","valueRequired":true,"valueName":"search_term_string"}}],"inLanguage":"de"}]}},"_links":{"self":[{"href":"https:\/\/www.loetsch.at\/wordpress_3\/wp-json\/wp\/v2\/pages\/1547","targetHints":{"allow":["GET"]}}],"collection":[{"href":"https:\/\/www.loetsch.at\/wordpress_3\/wp-json\/wp\/v2\/pages"}],"about":[{"href":"https:\/\/www.loetsch.at\/wordpress_3\/wp-json\/wp\/v2\/types\/page"}],"author":[{"embeddable":true,"href":"https:\/\/www.loetsch.at\/wordpress_3\/wp-json\/wp\/v2\/users\/1"}],"replies":[{"embeddable":true,"href":"https:\/\/www.loetsch.at\/wordpress_3\/wp-json\/wp\/v2\/comments?post=1547"}],"version-history":[{"count":8,"href":"https:\/\/www.loetsch.at\/wordpress_3\/wp-json\/wp\/v2\/pages\/1547\/revisions"}],"predecessor-version":[{"id":2943,"href":"https:\/\/www.loetsch.at\/wordpress_3\/wp-json\/wp\/v2\/pages\/1547\/revisions\/2943"}],"wp:attachment":[{"href":"https:\/\/www.loetsch.at\/wordpress_3\/wp-json\/wp\/v2\/media?parent=1547"}],"curies":[{"name":"wp","href":"https:\/\/api.w.org\/{rel}","templated":true}]}}