{"id":1444,"date":"2023-02-01T08:25:03","date_gmt":"2023-02-01T08:25:03","guid":{"rendered":"https:\/\/www.loetsch.at\/wordpress_3\/?page_id=1444"},"modified":"2024-02-06T08:18:33","modified_gmt":"2024-02-06T08:18:33","slug":"pflanzenstaerkung","status":"publish","type":"page","link":"https:\/\/www.loetsch.at\/wordpress_3\/pflanzenstaerkung\/","title":{"rendered":"Pflanzenst\u00e4rkung"},"content":{"rendered":"\n<figure class=\"wp-block-image alignwide size-full\"><img loading=\"lazy\" decoding=\"async\" width=\"367\" height=\"137\" src=\"https:\/\/www.loetsch.at\/wordpress_3\/wp-content\/uploads\/2023\/02\/images.jpeg\" alt=\"\" class=\"wp-image-1445\" srcset=\"https:\/\/www.loetsch.at\/wordpress_3\/wp-content\/uploads\/2023\/02\/images.jpeg 367w, https:\/\/www.loetsch.at\/wordpress_3\/wp-content\/uploads\/2023\/02\/images-300x112.jpeg 300w\" sizes=\"auto, (max-width: 367px) 100vw, 367px\" \/><figcaption class=\"wp-element-caption\">Bildquelle: MDR<\/figcaption><\/figure>\n\n\n<ul class=\"wp-block-latest-posts__list has-link-color wp-elements-faddfbf59b77e8eca78287f98d4f5c0b wp-block-latest-posts\"><li><a class=\"wp-block-latest-posts__post-title\" href=\"https:\/\/www.loetsch.at\/wordpress_3\/beinwell\/\">Beinwell<\/a><div class=\"wp-block-latest-posts__post-excerpt\">Neu im Sortiment Ausgangsstofffrischer Beinwell, Regenwasser WirkungsweiseBeinwell (Symphytum officinale) f\u00f6rdert die Frucht-, Wurzel- und Knollenbildung (Kartoffeln, Kohl, Sellerie, Tomaten), unterst\u00fctzt das\u2026\u00a0<a class=\"wp-block-latest-posts__read-more\" href=\"https:\/\/www.loetsch.at\/wordpress_3\/beinwell\/\" rel=\"noopener noreferrer\"><span class=\"screen-reader-text\">Beinwell <\/span>weiterlesen<\/a><\/div><\/li>\n<li><a class=\"wp-block-latest-posts__post-title\" href=\"https:\/\/www.loetsch.at\/wordpress_3\/brennessel-und-schachtelhalmsud\/\">Brennesselsud<\/a><div class=\"wp-block-latest-posts__post-excerpt\">Brennesselsud ist ein Pflanzenst\u00e4rkungsmittel zur Anwendung an Zierpflanzen, Obst und Gem\u00fcse. F\u00f6rdert die Regeneration und Gesunderhaltung von Pflanzen, die h\u00e4ufig von\u2026\u00a0<a class=\"wp-block-latest-posts__read-more\" href=\"https:\/\/www.loetsch.at\/wordpress_3\/brennessel-und-schachtelhalmsud\/\" rel=\"noopener noreferrer\"><span class=\"screen-reader-text\">Brennesselsud <\/span>weiterlesen<\/a><\/div><\/li>\n<li><a class=\"wp-block-latest-posts__post-title\" href=\"https:\/\/www.loetsch.at\/wordpress_3\/effektive-mikro-organismen\/\">Effektive Mikro-Organismen<\/a><div class=\"wp-block-latest-posts__post-excerpt\">Neu im Sortiment AusgangsstoffeWasser, Milchs\u00e4ure- und Photosythesebakterien, Hefen, Zuckerrohrmelasse BeschreibungEM Aktiv kommt \u00fcberall dort zum Einsatz, wo Wachstum unterst\u00fctzt, Fermentationsprozesse beschleunigt\u2026\u00a0<a class=\"wp-block-latest-posts__read-more\" href=\"https:\/\/www.loetsch.at\/wordpress_3\/effektive-mikro-organismen\/\" rel=\"noopener noreferrer\"><span class=\"screen-reader-text\">Effektive Mikro-Organismen <\/span>weiterlesen<\/a><\/div><\/li>\n<li><a class=\"wp-block-latest-posts__post-title\" href=\"https:\/\/www.loetsch.at\/wordpress_3\/grundstoff-natriumhydrogencarbonat\/\">Grundstoff Natriumhydrogencarbonat<\/a><div class=\"wp-block-latest-posts__post-excerpt\">F\u00d6RDERT DIE PFLANZENGESUNDHEIT UND UNTERST\u00dcTZT DIE BEFALLSMINDERUNG Zur Behandlung von Obst, Gem\u00fcse und Zierpflanzen Kann bis zu 8 x pro Jahr\u2026\u00a0<a class=\"wp-block-latest-posts__read-more\" href=\"https:\/\/www.loetsch.at\/wordpress_3\/grundstoff-natriumhydrogencarbonat\/\" rel=\"noopener noreferrer\"><span class=\"screen-reader-text\">Grundstoff Natriumhydrogencarbonat <\/span>weiterlesen<\/a><\/div><\/li>\n<li><a class=\"wp-block-latest-posts__post-title\" href=\"https:\/\/www.loetsch.at\/wordpress_3\/grundstoff-urtica\/\">Grundstoff Urtica<\/a><div class=\"wp-block-latest-posts__post-excerpt\">F\u00d6RDERT DIE PFLANZENGESUNDHEIT UND UNTERST\u00dcTZT DIE BEFALLSMINDERUNG Zur Behandlung von Obst, Gem\u00fcse und Zierpflanzen Kann bis zu 6 x pro Jahr\u2026\u00a0<a class=\"wp-block-latest-posts__read-more\" href=\"https:\/\/www.loetsch.at\/wordpress_3\/grundstoff-urtica\/\" rel=\"noopener noreferrer\"><span class=\"screen-reader-text\">Grundstoff Urtica <\/span>weiterlesen<\/a><\/div><\/li>\n<li><a class=\"wp-block-latest-posts__post-title\" href=\"https:\/\/www.loetsch.at\/wordpress_3\/schachtelhalm\/\">Schachtelhalm<\/a><div class=\"wp-block-latest-posts__post-excerpt\">Neu im Sortiment Ausgangsstofffrischer Schachtelhalm, Regenwasser WirkungsweiseSchachtelhalm (Equisetum arvense) f\u00f6rdert aufgrund seines hohen Kiesels\u00e4uregehaltes die Kr\u00e4ftigung der Pflanze. Zellw\u00e4nde und Epidermis\u2026\u00a0<a class=\"wp-block-latest-posts__read-more\" href=\"https:\/\/www.loetsch.at\/wordpress_3\/schachtelhalm\/\" rel=\"noopener noreferrer\"><span class=\"screen-reader-text\">Schachtelhalm <\/span>weiterlesen<\/a><\/div><\/li>\n<li><a class=\"wp-block-latest-posts__post-title\" href=\"https:\/\/www.loetsch.at\/wordpress_3\/schachtelhalm-af\/\">Schachtelhalm AF<\/a><div class=\"wp-block-latest-posts__post-excerpt\">Neu im Sortiment Ausgangsstofffrischer Schachtelhalm, Regenwasser WirkungsweiseSchachtelhalm (Equisetum arvense) f\u00f6rdert aufgrund seines hohen Kiesels\u00e4uregehaltes die Kr\u00e4ftigung der Pflanze. Zellw\u00e4nde und Epidermis\u2026\u00a0<a class=\"wp-block-latest-posts__read-more\" href=\"https:\/\/www.loetsch.at\/wordpress_3\/schachtelhalm-af\/\" rel=\"noopener noreferrer\"><span class=\"screen-reader-text\">Schachtelhalm AF <\/span>weiterlesen<\/a><\/div><\/li>\n<li><a class=\"wp-block-latest-posts__post-title\" href=\"https:\/\/www.loetsch.at\/wordpress_3\/schachtelhalmsud\/\">Schachtelhalmsud<\/a><div class=\"wp-block-latest-posts__post-excerpt\">Schachtelhalmsud ist ein traditionelles Pflanzenst\u00e4rkungsmittel. Durch den hohen Anteil an Kiesels\u00e4ure wird die Widerstandskraft der Pflanzen gegen Pilzbefall gest\u00e4rkt. Preis: 1\u2026\u00a0<a class=\"wp-block-latest-posts__read-more\" href=\"https:\/\/www.loetsch.at\/wordpress_3\/schachtelhalmsud\/\" rel=\"noopener noreferrer\"><span class=\"screen-reader-text\">Schachtelhalmsud <\/span>weiterlesen<\/a><\/div><\/li>\n<li><a class=\"wp-block-latest-posts__post-title\" href=\"https:\/\/www.loetsch.at\/wordpress_3\/wurmtee\/\">Wurmtee<\/a><div class=\"wp-block-latest-posts__post-excerpt\">Neu im Sortiment AusgangsstoffWurmhumus aus \u00d6sterreich und Urgesteinsmehl WirkungsweiseDer Wurmtee enth\u00e4lt eine Vielzahl an aktiven Bodenmikroorganismen, welche die N\u00e4hrstoffe f\u00fcr die\u2026\u00a0<a class=\"wp-block-latest-posts__read-more\" href=\"https:\/\/www.loetsch.at\/wordpress_3\/wurmtee\/\" rel=\"noopener noreferrer\"><span class=\"screen-reader-text\">Wurmtee <\/span>weiterlesen<\/a><\/div><\/li>\n<\/ul>","protected":false},"excerpt":{"rendered":"","protected":false},"author":1,"featured_media":0,"parent":0,"menu_order":0,"comment_status":"closed","ping_status":"closed","template":"wp-custom-template-teeneuestes","meta":{"footnotes":""},"class_list":["post-1444","page","type-page","status-publish","hentry"],"yoast_head":"<!-- This site is optimized with the Yoast SEO plugin v27.5 - https:\/\/yoast.com\/product\/yoast-seo-wordpress\/ -->\n<title>Pflanzenst\u00e4rkung - Drogerie Max L\u00f6tsch 4840 V\u00f6cklabruck<\/title>\n<meta name=\"robots\" content=\"index, follow, max-snippet:-1, max-image-preview:large, max-video-preview:-1\" \/>\n<link rel=\"canonical\" href=\"https:\/\/www.loetsch.at\/wordpress_3\/pflanzenstaerkung\/\" \/>\n<meta property=\"og:locale\" content=\"de_DE\" \/>\n<meta property=\"og:type\" content=\"article\" \/>\n<meta property=\"og:title\" content=\"Pflanzenst\u00e4rkung - Drogerie Max L\u00f6tsch 4840 V\u00f6cklabruck\" \/>\n<meta property=\"og:url\" content=\"https:\/\/www.loetsch.at\/wordpress_3\/pflanzenstaerkung\/\" \/>\n<meta property=\"og:site_name\" content=\"Drogerie Max L\u00f6tsch 4840 V\u00f6cklabruck\" \/>\n<meta property=\"article:modified_time\" content=\"2024-02-06T08:18:33+00:00\" \/>\n<meta property=\"og:image\" content=\"https:\/\/www.loetsch.at\/wordpress_3\/wp-content\/uploads\/2023\/02\/images.jpeg\" \/>\n<meta name=\"twitter:card\" content=\"summary_large_image\" \/>\n<meta name=\"twitter:label1\" content=\"Gesch\u00e4tzte Lesezeit\" \/>\n\t<meta name=\"twitter:data1\" content=\"1\u00a0Minute\" \/>\n<script type=\"application\/ld+json\" class=\"yoast-schema-graph\">{\"@context\":\"https:\\\/\\\/schema.org\",\"@graph\":[{\"@type\":\"WebPage\",\"@id\":\"https:\\\/\\\/www.loetsch.at\\\/wordpress_3\\\/pflanzenstaerkung\\\/\",\"url\":\"https:\\\/\\\/www.loetsch.at\\\/wordpress_3\\\/pflanzenstaerkung\\\/\",\"name\":\"Pflanzenst\u00e4rkung - Drogerie Max L\u00f6tsch 4840 V\u00f6cklabruck\",\"isPartOf\":{\"@id\":\"https:\\\/\\\/www.loetsch.at\\\/wordpress_3\\\/#website\"},\"primaryImageOfPage\":{\"@id\":\"https:\\\/\\\/www.loetsch.at\\\/wordpress_3\\\/pflanzenstaerkung\\\/#primaryimage\"},\"image\":{\"@id\":\"https:\\\/\\\/www.loetsch.at\\\/wordpress_3\\\/pflanzenstaerkung\\\/#primaryimage\"},\"thumbnailUrl\":\"https:\\\/\\\/www.loetsch.at\\\/wordpress_3\\\/wp-content\\\/uploads\\\/2023\\\/02\\\/images.jpeg\",\"datePublished\":\"2023-02-01T08:25:03+00:00\",\"dateModified\":\"2024-02-06T08:18:33+00:00\",\"breadcrumb\":{\"@id\":\"https:\\\/\\\/www.loetsch.at\\\/wordpress_3\\\/pflanzenstaerkung\\\/#breadcrumb\"},\"inLanguage\":\"de\",\"potentialAction\":[{\"@type\":\"ReadAction\",\"target\":[\"https:\\\/\\\/www.loetsch.at\\\/wordpress_3\\\/pflanzenstaerkung\\\/\"]}]},{\"@type\":\"ImageObject\",\"inLanguage\":\"de\",\"@id\":\"https:\\\/\\\/www.loetsch.at\\\/wordpress_3\\\/pflanzenstaerkung\\\/#primaryimage\",\"url\":\"https:\\\/\\\/www.loetsch.at\\\/wordpress_3\\\/wp-content\\\/uploads\\\/2023\\\/02\\\/images.jpeg\",\"contentUrl\":\"https:\\\/\\\/www.loetsch.at\\\/wordpress_3\\\/wp-content\\\/uploads\\\/2023\\\/02\\\/images.jpeg\",\"width\":367,\"height\":137,\"caption\":\"Bildquelle: MDR\"},{\"@type\":\"BreadcrumbList\",\"@id\":\"https:\\\/\\\/www.loetsch.at\\\/wordpress_3\\\/pflanzenstaerkung\\\/#breadcrumb\",\"itemListElement\":[{\"@type\":\"ListItem\",\"position\":1,\"name\":\"Startseite\",\"item\":\"https:\\\/\\\/www.loetsch.at\\\/wordpress_3\\\/\"},{\"@type\":\"ListItem\",\"position\":2,\"name\":\"Pflanzenst\u00e4rkung\"}]},{\"@type\":\"WebSite\",\"@id\":\"https:\\\/\\\/www.loetsch.at\\\/wordpress_3\\\/#website\",\"url\":\"https:\\\/\\\/www.loetsch.at\\\/wordpress_3\\\/\",\"name\":\"Drogerie Max L\u00f6tsch 4840 V\u00f6cklabruck\",\"description\":\"\",\"potentialAction\":[{\"@type\":\"SearchAction\",\"target\":{\"@type\":\"EntryPoint\",\"urlTemplate\":\"https:\\\/\\\/www.loetsch.at\\\/wordpress_3\\\/?s={search_term_string}\"},\"query-input\":{\"@type\":\"PropertyValueSpecification\",\"valueRequired\":true,\"valueName\":\"search_term_string\"}}],\"inLanguage\":\"de\"}]}<\/script>\n<!-- \/ Yoast SEO plugin. -->","yoast_head_json":{"title":"Pflanzenst\u00e4rkung - Drogerie Max L\u00f6tsch 4840 V\u00f6cklabruck","robots":{"index":"index","follow":"follow","max-snippet":"max-snippet:-1","max-image-preview":"max-image-preview:large","max-video-preview":"max-video-preview:-1"},"canonical":"https:\/\/www.loetsch.at\/wordpress_3\/pflanzenstaerkung\/","og_locale":"de_DE","og_type":"article","og_title":"Pflanzenst\u00e4rkung - Drogerie Max L\u00f6tsch 4840 V\u00f6cklabruck","og_url":"https:\/\/www.loetsch.at\/wordpress_3\/pflanzenstaerkung\/","og_site_name":"Drogerie Max L\u00f6tsch 4840 V\u00f6cklabruck","article_modified_time":"2024-02-06T08:18:33+00:00","og_image":[{"url":"https:\/\/www.loetsch.at\/wordpress_3\/wp-content\/uploads\/2023\/02\/images.jpeg","type":"","width":"","height":""}],"twitter_card":"summary_large_image","twitter_misc":{"Gesch\u00e4tzte Lesezeit":"1\u00a0Minute"},"schema":{"@context":"https:\/\/schema.org","@graph":[{"@type":"WebPage","@id":"https:\/\/www.loetsch.at\/wordpress_3\/pflanzenstaerkung\/","url":"https:\/\/www.loetsch.at\/wordpress_3\/pflanzenstaerkung\/","name":"Pflanzenst\u00e4rkung - Drogerie Max L\u00f6tsch 4840 V\u00f6cklabruck","isPartOf":{"@id":"https:\/\/www.loetsch.at\/wordpress_3\/#website"},"primaryImageOfPage":{"@id":"https:\/\/www.loetsch.at\/wordpress_3\/pflanzenstaerkung\/#primaryimage"},"image":{"@id":"https:\/\/www.loetsch.at\/wordpress_3\/pflanzenstaerkung\/#primaryimage"},"thumbnailUrl":"https:\/\/www.loetsch.at\/wordpress_3\/wp-content\/uploads\/2023\/02\/images.jpeg","datePublished":"2023-02-01T08:25:03+00:00","dateModified":"2024-02-06T08:18:33+00:00","breadcrumb":{"@id":"https:\/\/www.loetsch.at\/wordpress_3\/pflanzenstaerkung\/#breadcrumb"},"inLanguage":"de","potentialAction":[{"@type":"ReadAction","target":["https:\/\/www.loetsch.at\/wordpress_3\/pflanzenstaerkung\/"]}]},{"@type":"ImageObject","inLanguage":"de","@id":"https:\/\/www.loetsch.at\/wordpress_3\/pflanzenstaerkung\/#primaryimage","url":"https:\/\/www.loetsch.at\/wordpress_3\/wp-content\/uploads\/2023\/02\/images.jpeg","contentUrl":"https:\/\/www.loetsch.at\/wordpress_3\/wp-content\/uploads\/2023\/02\/images.jpeg","width":367,"height":137,"caption":"Bildquelle: MDR"},{"@type":"BreadcrumbList","@id":"https:\/\/www.loetsch.at\/wordpress_3\/pflanzenstaerkung\/#breadcrumb","itemListElement":[{"@type":"ListItem","position":1,"name":"Startseite","item":"https:\/\/www.loetsch.at\/wordpress_3\/"},{"@type":"ListItem","position":2,"name":"Pflanzenst\u00e4rkung"}]},{"@type":"WebSite","@id":"https:\/\/www.loetsch.at\/wordpress_3\/#website","url":"https:\/\/www.loetsch.at\/wordpress_3\/","name":"Drogerie Max L\u00f6tsch 4840 V\u00f6cklabruck","description":"","potentialAction":[{"@type":"SearchAction","target":{"@type":"EntryPoint","urlTemplate":"https:\/\/www.loetsch.at\/wordpress_3\/?s={search_term_string}"},"query-input":{"@type":"PropertyValueSpecification","valueRequired":true,"valueName":"search_term_string"}}],"inLanguage":"de"}]}},"_links":{"self":[{"href":"https:\/\/www.loetsch.at\/wordpress_3\/wp-json\/wp\/v2\/pages\/1444","targetHints":{"allow":["GET"]}}],"collection":[{"href":"https:\/\/www.loetsch.at\/wordpress_3\/wp-json\/wp\/v2\/pages"}],"about":[{"href":"https:\/\/www.loetsch.at\/wordpress_3\/wp-json\/wp\/v2\/types\/page"}],"author":[{"embeddable":true,"href":"https:\/\/www.loetsch.at\/wordpress_3\/wp-json\/wp\/v2\/users\/1"}],"replies":[{"embeddable":true,"href":"https:\/\/www.loetsch.at\/wordpress_3\/wp-json\/wp\/v2\/comments?post=1444"}],"version-history":[{"count":10,"href":"https:\/\/www.loetsch.at\/wordpress_3\/wp-json\/wp\/v2\/pages\/1444\/revisions"}],"predecessor-version":[{"id":2803,"href":"https:\/\/www.loetsch.at\/wordpress_3\/wp-json\/wp\/v2\/pages\/1444\/revisions\/2803"}],"wp:attachment":[{"href":"https:\/\/www.loetsch.at\/wordpress_3\/wp-json\/wp\/v2\/media?parent=1444"}],"curies":[{"name":"wp","href":"https:\/\/api.w.org\/{rel}","templated":true}]}}